{"id":2,"date":"2017-04-27T14:19:51","date_gmt":"2017-04-27T12:19:51","guid":{"rendered":"http:\/\/ecole.ac-nice.fr\/nice2\/cimiez-essling\/?page_id=2"},"modified":"2017-04-27T15:47:16","modified_gmt":"2017-04-27T13:47:16","slug":"page-d-exemple","status":"publish","type":"page","link":"https:\/\/ecole.ac-nice.fr\/nice2\/cimiez-essling\/","title":{"rendered":"Bienvenue sur le site de l&rsquo;\u00e9cole P. d&rsquo;Essling"},"content":{"rendered":"<p>Vous \u00eates sur le nouveau site de l&rsquo;\u00e9cole !<\/p>\n<div id='gallery-1' class='gallery galleryid-2 gallery-columns-3 gallery-size-thumbnail'><figure class='gallery-item'>\n\t\t\t<div class='gallery-icon landscape'>\n\t\t\t\t<a href='https:\/\/ecole.ac-nice.fr\/nice2\/cimiez-essling\/page-d-exemple\/essling5\/'><img loading=\"lazy\" decoding=\"async\" width=\"150\" height=\"150\" src=\"https:\/\/ecole.ac-nice.fr\/nice2\/cimiez-essling\/wp-content\/uploads\/sites\/3\/2017\/04\/essling5-150x150.jpg\" class=\"attachment-thumbnail size-thumbnail\" alt=\"\" \/><\/a>\n\t\t\t<\/div><\/figure><figure class='gallery-item'>\n\t\t\t<div class='gallery-icon landscape'>\n\t\t\t\t<a href='https:\/\/ecole.ac-nice.fr\/nice2\/cimiez-essling\/essling6\/'><img loading=\"lazy\" decoding=\"async\" width=\"150\" height=\"150\" src=\"https:\/\/ecole.ac-nice.fr\/nice2\/cimiez-essling\/wp-content\/uploads\/sites\/3\/2017\/04\/essling6-150x150.jpg\" class=\"attachment-thumbnail size-thumbnail\" alt=\"\" \/><\/a>\n\t\t\t<\/div><\/figure><figure class='gallery-item'>\n\t\t\t<div class='gallery-icon landscape'>\n\t\t\t\t<a href='https:\/\/ecole.ac-nice.fr\/nice2\/cimiez-essling\/essling4\/'><img loading=\"lazy\" decoding=\"async\" width=\"150\" height=\"150\" src=\"https:\/\/ecole.ac-nice.fr\/nice2\/cimiez-essling\/wp-content\/uploads\/sites\/3\/2017\/04\/essling4-150x150.jpg\" class=\"attachment-thumbnail size-thumbnail\" alt=\"\" \/><\/a>\n\t\t\t<\/div><\/figure><figure class='gallery-item'>\n\t\t\t<div class='gallery-icon landscape'>\n\t\t\t\t<a href='https:\/\/ecole.ac-nice.fr\/nice2\/cimiez-essling\/essling3\/'><img loading=\"lazy\" decoding=\"async\" width=\"150\" height=\"150\" src=\"https:\/\/ecole.ac-nice.fr\/nice2\/cimiez-essling\/wp-content\/uploads\/sites\/3\/2017\/04\/essling3-150x150.jpg\" class=\"attachment-thumbnail size-thumbnail\" alt=\"\" \/><\/a>\n\t\t\t<\/div><\/figure><figure class='gallery-item'>\n\t\t\t<div class='gallery-icon landscape'>\n\t\t\t\t<a href='https:\/\/ecole.ac-nice.fr\/nice2\/cimiez-essling\/essling2\/'><img loading=\"lazy\" decoding=\"async\" width=\"150\" height=\"150\" src=\"https:\/\/ecole.ac-nice.fr\/nice2\/cimiez-essling\/wp-content\/uploads\/sites\/3\/2017\/04\/essling2-150x150.jpg\" class=\"attachment-thumbnail size-thumbnail\" alt=\"\" \/><\/a>\n\t\t\t<\/div><\/figure><figure class='gallery-item'>\n\t\t\t<div class='gallery-icon landscape'>\n\t\t\t\t<a href='https:\/\/ecole.ac-nice.fr\/nice2\/cimiez-essling\/essling1\/'><img loading=\"lazy\" decoding=\"async\" width=\"150\" height=\"150\" src=\"https:\/\/ecole.ac-nice.fr\/nice2\/cimiez-essling\/wp-content\/uploads\/sites\/3\/2017\/04\/essling1-150x150.jpg\" class=\"attachment-thumbnail size-thumbnail\" alt=\"\" \/><\/a>\n\t\t\t<\/div><\/figure>\n\t\t<\/div>\n\n<p>&nbsp;<\/p>\n","protected":false},"excerpt":{"rendered":"<p>Vous \u00eates sur le nouveau site de l&rsquo;\u00e9cole ! &nbsp;<\/p>\n","protected":false},"author":6,"featured_media":0,"parent":0,"menu_order":0,"comment_status":"closed","ping_status":"open","template":"","meta":{"footnotes":""},"class_list":["post-2","page","type-page","status-publish","hentry"],"_links":{"self":[{"href":"https:\/\/ecole.ac-nice.fr\/nice2\/cimiez-essling\/wp-json\/wp\/v2\/pages\/2","targetHints":{"allow":["GET"]}}],"collection":[{"href":"https:\/\/ecole.ac-nice.fr\/nice2\/cimiez-essling\/wp-json\/wp\/v2\/pages"}],"about":[{"href":"https:\/\/ecole.ac-nice.fr\/nice2\/cimiez-essling\/wp-json\/wp\/v2\/types\/page"}],"author":[{"embeddable":true,"href":"https:\/\/ecole.ac-nice.fr\/nice2\/cimiez-essling\/wp-json\/wp\/v2\/users\/6"}],"replies":[{"embeddable":true,"href":"https:\/\/ecole.ac-nice.fr\/nice2\/cimiez-essling\/wp-json\/wp\/v2\/comments?post=2"}],"version-history":[{"count":8,"href":"https:\/\/ecole.ac-nice.fr\/nice2\/cimiez-essling\/wp-json\/wp\/v2\/pages\/2\/revisions"}],"predecessor-version":[{"id":33,"href":"https:\/\/ecole.ac-nice.fr\/nice2\/cimiez-essling\/wp-json\/wp\/v2\/pages\/2\/revisions\/33"}],"wp:attachment":[{"href":"https:\/\/ecole.ac-nice.fr\/nice2\/cimiez-essling\/wp-json\/wp\/v2\/media?parent=2"}],"curies":[{"name":"wp","href":"https:\/\/api.w.org\/{rel}","templated":true}]}}