{"id":180,"date":"2017-04-29T20:51:58","date_gmt":"2017-04-29T18:51:58","guid":{"rendered":"http:\/\/ecole.ac-nice.fr\/nice2\/cimiez-essling\/?page_id=180"},"modified":"2017-04-29T20:52:08","modified_gmt":"2017-04-29T18:52:08","slug":"lapplication-eparents","status":"publish","type":"page","link":"https:\/\/ecole.ac-nice.fr\/nice2\/cimiez-essling\/lapplication-eparents\/","title":{"rendered":"L&rsquo;application eParents"},"content":{"rendered":"<div style=\"text-align: center;\">\n<h2 id=\"titre_contenu\" class=\"communique\" style=\"font-size: 19.2px; border-bottom: 1px solid #cccccc; padding-bottom: 0.2em; color: #ad1c72; margin-bottom: 0.4em; clear: none; width: auto; overflow: hidden; margin-top: 0px;\">eParents, l&rsquo;application pour les parents d&rsquo;enfants<br \/>\ndu CP \u00e0 la 3e<\/h2>\n<p>&nbsp;<\/p>\n<div id=\"z4-content\" style=\"margin-top: 0em; overflow: visible;\">\n<div class=\"bookmarks_top_wrap\" style=\"position: relative; top: -5px; font-family: Arial, Helvetica, sans-serif;\">\n<div id=\"fb-root\" class=\"fb_reset\" style=\"background: none; border: 0px; border-spacing: 0px; cursor: auto; direction: ltr; font-family: 'lucida grande', tahoma, verdana, arial, sans-serif; font-size: 11px; line-height: 1; margin: 0px; overflow: visible; padding: 0px; text-shadow: none; visibility: visible; word-spacing: normal;\">\n<div style=\"overflow: hidden; position: absolute; top: -10000px; height: 0px; width: 0px;\"><iframe loading=\"lazy\" id=\"fb_xdm_frame_http\" style=\"border-width: initial; border-style: none;\" tabindex=\"-1\" title=\"Facebook Cross Domain Communication Frame\" src=\"http:\/\/staticxx.facebook.com\/connect\/xd_arbiter\/r\/fTmIQU3LxvB.js?version=42#channel=fb4d112d5deccc&amp;origin=http%3A%2F%2Fwww.education.gouv.fr\" name=\"fb_xdm_frame_http\" width=\"300\" height=\"150\" frameborder=\"0\" scrolling=\"no\" allowfullscreen=\"allowfullscreen\"><\/iframe><iframe loading=\"lazy\" id=\"fb_xdm_frame_https\" style=\"border-width: initial; border-style: none;\" tabindex=\"-1\" title=\"Facebook Cross Domain Communication Frame\" src=\"https:\/\/staticxx.facebook.com\/connect\/xd_arbiter\/r\/fTmIQU3LxvB.js?version=42#channel=fb4d112d5deccc&amp;origin=http%3A%2F%2Fwww.education.gouv.fr\" name=\"fb_xdm_frame_https\" width=\"300\" height=\"150\" frameborder=\"0\" scrolling=\"no\" allowfullscreen=\"allowfullscreen\"><\/iframe><\/div>\n<div style=\"overflow: hidden; position: absolute; top: -10000px; height: 0px; width: 0px;\"><\/div>\n<\/div>\n<\/div>\n<div id=\"chapo\" style=\"font-weight: bold; padding-top: 0em; padding-bottom: 0em; margin-bottom: 20px; font-family: Arial, Helvetica, sans-serif;\">\n<p style=\"margin: 0.5em 0px;\"><span style=\"font-size: 14px;\">Parents d&rsquo;\u00e9l\u00e8ves, le minist\u00e8re vous propose une application mobile \u00ab\u00a0eParents\u00a0\u00bb qui vous est sp\u00e9cialement d\u00e9di\u00e9e.<br \/>\nCette appli vous apporte des informations et des r\u00e9ponses de mani\u00e8re pratique et concr\u00e8te, au plus pr\u00e8s du quotidien de vos enfants et de leur \u00e9tablissement.<\/span><\/p>\n<\/div>\n<\/div>\n<p><span style=\"font-size: 14px;\"><a href=\"http:\/\/www.education.gouv.fr\/cid105639\/e-parents-l-application-pour-les-parents-d-enfants-du-cp-a-la-3e.html\"><span style=\"background-color: #ffff00;\">http:\/\/www.education.gouv.fr\/cid105639\/e-parents-l-application-pour-les-parents-d-enfants-du-cp-a-la-3e.html<\/span><\/a><\/span><\/p>\n<\/div>\n<p>&nbsp;<\/p>\n","protected":false},"excerpt":{"rendered":"<p>eParents, l&rsquo;application pour les parents d&rsquo;enfants du CP \u00e0 la 3e &nbsp; Parents d&rsquo;\u00e9l\u00e8ves, le minist\u00e8re vous propose une application mobile \u00ab\u00a0eParents\u00a0\u00bb qui vous est sp\u00e9cialement d\u00e9di\u00e9e. Cette appli vous apporte des informations et des r\u00e9ponses de mani\u00e8re pratique et concr\u00e8te, au plus pr\u00e8s du quotidien de vos enfants et de leur \u00e9tablissement. http:\/\/www.education.gouv.fr\/cid105639\/e-parents-l-application-pour-les-parents-d-enfants-du-cp-a-la-3e.html &nbsp;<\/p>\n","protected":false},"author":2,"featured_media":0,"parent":0,"menu_order":0,"comment_status":"closed","ping_status":"closed","template":"","meta":{"footnotes":""},"class_list":["post-180","page","type-page","status-publish","hentry"],"_links":{"self":[{"href":"https:\/\/ecole.ac-nice.fr\/nice2\/cimiez-essling\/wp-json\/wp\/v2\/pages\/180","targetHints":{"allow":["GET"]}}],"collection":[{"href":"https:\/\/ecole.ac-nice.fr\/nice2\/cimiez-essling\/wp-json\/wp\/v2\/pages"}],"about":[{"href":"https:\/\/ecole.ac-nice.fr\/nice2\/cimiez-essling\/wp-json\/wp\/v2\/types\/page"}],"author":[{"embeddable":true,"href":"https:\/\/ecole.ac-nice.fr\/nice2\/cimiez-essling\/wp-json\/wp\/v2\/users\/2"}],"replies":[{"embeddable":true,"href":"https:\/\/ecole.ac-nice.fr\/nice2\/cimiez-essling\/wp-json\/wp\/v2\/comments?post=180"}],"version-history":[{"count":2,"href":"https:\/\/ecole.ac-nice.fr\/nice2\/cimiez-essling\/wp-json\/wp\/v2\/pages\/180\/revisions"}],"predecessor-version":[{"id":183,"href":"https:\/\/ecole.ac-nice.fr\/nice2\/cimiez-essling\/wp-json\/wp\/v2\/pages\/180\/revisions\/183"}],"wp:attachment":[{"href":"https:\/\/ecole.ac-nice.fr\/nice2\/cimiez-essling\/wp-json\/wp\/v2\/media?parent=180"}],"curies":[{"name":"wp","href":"https:\/\/api.w.org\/{rel}","templated":true}]}}