{"id":624,"date":"2020-01-04T16:08:13","date_gmt":"2020-01-04T15:08:13","guid":{"rendered":"http:\/\/ecole.ac-nice.fr\/nice2\/arianepiagetelem\/?page_id=624"},"modified":"2020-01-04T16:08:13","modified_gmt":"2020-01-04T15:08:13","slug":"projet-snapper-lartriane-sen-mele","status":"publish","type":"page","link":"https:\/\/ecole.ac-nice.fr\/nice2\/arianepiagetelem\/projet-snapper-lartriane-sen-mele\/","title":{"rendered":"Projet SNAPPER : L&rsquo;art&rsquo;riane s&rsquo;en m\u00eale"},"content":{"rendered":"<p>Ce projet de la classe de CMB a pour objectif de d\u00e9velopper un comportement responsable vis \u00e0 vis de l&rsquo;environnement. Pour cela il s&rsquo;agira de r\u00e9fl\u00e9chir aux probl\u00e8mes \u00e9cologiques en s&rsquo;appuyant sur une observation des diff\u00e9rentes pollutions et de leurs r\u00e9percussions sur le milieu marin en adoptant une d\u00e9marche scientifique. La journ\u00e9e au mus\u00e9e oc\u00e9anographique de Monaco s&rsquo;int\u00e8grera dans ce projet par l&rsquo;observation du milieu marin et l&rsquo;apport de connaissances.<\/p>\n","protected":false},"excerpt":{"rendered":"<p>Ce projet de la classe de CMB a pour objectif de d\u00e9velopper un comportement responsable vis \u00e0 vis de l&rsquo;environnement. Pour cela il s&rsquo;agira de r\u00e9fl\u00e9chir aux probl\u00e8mes \u00e9cologiques en s&rsquo;appuyant sur une observation des diff\u00e9rentes pollutions et de leurs r\u00e9percussions sur le milieu marin en adoptant une d\u00e9marche scientifique. La journ\u00e9e au mus\u00e9e oc\u00e9anographique &hellip; <a href=\"https:\/\/ecole.ac-nice.fr\/nice2\/arianepiagetelem\/projet-snapper-lartriane-sen-mele\/\" class=\"more-link\">Continuer la lecture de <span class=\"screen-reader-text\">Projet SNAPPER : L&rsquo;art&rsquo;riane s&rsquo;en m\u00eale<\/span>  <span class=\"meta-nav\">&rarr;<\/span><\/a><\/p>\n","protected":false},"author":42,"featured_media":0,"parent":0,"menu_order":0,"comment_status":"closed","ping_status":"closed","template":"","meta":{"footnotes":""},"class_list":["post-624","page","type-page","status-publish","hentry"],"_links":{"self":[{"href":"https:\/\/ecole.ac-nice.fr\/nice2\/arianepiagetelem\/wp-json\/wp\/v2\/pages\/624","targetHints":{"allow":["GET"]}}],"collection":[{"href":"https:\/\/ecole.ac-nice.fr\/nice2\/arianepiagetelem\/wp-json\/wp\/v2\/pages"}],"about":[{"href":"https:\/\/ecole.ac-nice.fr\/nice2\/arianepiagetelem\/wp-json\/wp\/v2\/types\/page"}],"author":[{"embeddable":true,"href":"https:\/\/ecole.ac-nice.fr\/nice2\/arianepiagetelem\/wp-json\/wp\/v2\/users\/42"}],"replies":[{"embeddable":true,"href":"https:\/\/ecole.ac-nice.fr\/nice2\/arianepiagetelem\/wp-json\/wp\/v2\/comments?post=624"}],"version-history":[{"count":1,"href":"https:\/\/ecole.ac-nice.fr\/nice2\/arianepiagetelem\/wp-json\/wp\/v2\/pages\/624\/revisions"}],"predecessor-version":[{"id":627,"href":"https:\/\/ecole.ac-nice.fr\/nice2\/arianepiagetelem\/wp-json\/wp\/v2\/pages\/624\/revisions\/627"}],"wp:attachment":[{"href":"https:\/\/ecole.ac-nice.fr\/nice2\/arianepiagetelem\/wp-json\/wp\/v2\/media?parent=624"}],"curies":[{"name":"wp","href":"https:\/\/api.w.org\/{rel}","templated":true}]}}