{"id":61,"date":"2017-05-30T15:05:07","date_gmt":"2017-05-30T13:05:07","guid":{"rendered":"http:\/\/ecole.ac-nice.fr\/nice2\/test\/?page_id=61"},"modified":"2018-11-30T13:52:07","modified_gmt":"2018-11-30T12:52:07","slug":"bienvenue-sur-le-site-test-de-nice-2","status":"publish","type":"page","link":"https:\/\/ecole.ac-nice.fr\/nice2\/arianepiagetelem\/","title":{"rendered":"Bienvenue notre site d&rsquo;\u00e9cole"},"content":{"rendered":"<p>Vous \u00eates sur le site de l&rsquo;\u00e9cole : <span style=\"color: #f00e83;\"><strong>El\u00e9mentaire Ariane PIAGET.<\/strong><\/span><\/p>\n<p style=\"text-align: center;\"><img loading=\"lazy\" decoding=\"async\" class=\"aligncenter size-medium wp-image-159\" src=\"https:\/\/ecole.ac-nice.fr\/nice2\/arianepiagetelem\/wp-content\/uploads\/sites\/55\/2018\/11\/plan-ariane-PIAGET-294x300.png\" alt=\"\" width=\"294\" height=\"300\" srcset=\"https:\/\/ecole.ac-nice.fr\/nice2\/arianepiagetelem\/wp-content\/uploads\/sites\/55\/2018\/11\/plan-ariane-PIAGET-294x300.png 294w, https:\/\/ecole.ac-nice.fr\/nice2\/arianepiagetelem\/wp-content\/uploads\/sites\/55\/2018\/11\/plan-ariane-PIAGET.png 417w\" sizes=\"auto, (max-width: 294px) 100vw, 294px\" \/><strong>CONTACT<\/strong> :<br \/>\nEcole \u00e9l\u00e9mentaire Ariane PIAGET<br \/>\n3 rue Georges Picard<br \/>\n06300 NICE<\/p>\n<p style=\"text-align: center;\">T\u00e9l : 04 93 54 95 64<br \/>\nM\u00e8l : ecole.0060397Z@ac-nice.fr<br \/>\nDirectrice : Mme Christine ANGELI SECONDINO<\/p>\n","protected":false},"excerpt":{"rendered":"<p>Vous \u00eates sur le site de l&rsquo;\u00e9cole : El\u00e9mentaire Ariane PIAGET. CONTACT : Ecole \u00e9l\u00e9mentaire Ariane PIAGET 3 rue Georges Picard 06300 NICE T\u00e9l : 04 93 54 95 64 M\u00e8l : ecole.0060397Z@ac-nice.fr Directrice : Mme Christine ANGELI SECONDINO<\/p>\n","protected":false},"author":2,"featured_media":0,"parent":0,"menu_order":0,"comment_status":"closed","ping_status":"closed","template":"","meta":{"footnotes":""},"class_list":["post-61","page","type-page","status-publish","hentry"],"_links":{"self":[{"href":"https:\/\/ecole.ac-nice.fr\/nice2\/arianepiagetelem\/wp-json\/wp\/v2\/pages\/61","targetHints":{"allow":["GET"]}}],"collection":[{"href":"https:\/\/ecole.ac-nice.fr\/nice2\/arianepiagetelem\/wp-json\/wp\/v2\/pages"}],"about":[{"href":"https:\/\/ecole.ac-nice.fr\/nice2\/arianepiagetelem\/wp-json\/wp\/v2\/types\/page"}],"author":[{"embeddable":true,"href":"https:\/\/ecole.ac-nice.fr\/nice2\/arianepiagetelem\/wp-json\/wp\/v2\/users\/2"}],"replies":[{"embeddable":true,"href":"https:\/\/ecole.ac-nice.fr\/nice2\/arianepiagetelem\/wp-json\/wp\/v2\/comments?post=61"}],"version-history":[{"count":9,"href":"https:\/\/ecole.ac-nice.fr\/nice2\/arianepiagetelem\/wp-json\/wp\/v2\/pages\/61\/revisions"}],"predecessor-version":[{"id":376,"href":"https:\/\/ecole.ac-nice.fr\/nice2\/arianepiagetelem\/wp-json\/wp\/v2\/pages\/61\/revisions\/376"}],"wp:attachment":[{"href":"https:\/\/ecole.ac-nice.fr\/nice2\/arianepiagetelem\/wp-json\/wp\/v2\/media?parent=61"}],"curies":[{"name":"wp","href":"https:\/\/api.w.org\/{rel}","templated":true}]}}