{"id":522,"date":"2019-02-14T15:54:59","date_gmt":"2019-02-14T14:54:59","guid":{"rendered":"http:\/\/ecole.ac-nice.fr\/nice2\/arianepiagetelem\/?page_id=522"},"modified":"2019-02-14T15:54:59","modified_gmt":"2019-02-14T14:54:59","slug":"le-conseil-denfants","status":"publish","type":"page","link":"https:\/\/ecole.ac-nice.fr\/nice2\/arianepiagetelem\/le-conseil-denfants\/","title":{"rendered":"Le conseil d&rsquo;enfants"},"content":{"rendered":"<p>A chaque p\u00e9riode se tient le conseil des enfants.<\/p>\n<p>Un sujet de citoyennet\u00e9 est d\u00e9battu au pr\u00e9alable dans chaque classe selon les besoins dans l&rsquo;\u00e9cole.<\/p>\n<p>Par exemple : quelle diff\u00e9rence peut-on faire entre gros mots et insultes ? Comment g\u00e9rer ses \u00e9motions ?<\/p>\n<p>Les \u00e9l\u00e8ves \u00e9mettent \u00e9galement des id\u00e9es pour am\u00e9liorer la vie de l&rsquo;\u00e9cole.<\/p>\n<p>Les d\u00e9l\u00e9gu\u00e9s \u00e9l\u00e8ves sont r\u00e9unis en conseil des enfants et pr\u00e9sentent aux enseignants qui pr\u00e9sident ce qui a \u00e9t\u00e9 d\u00e9battu dans les classes.<\/p>\n<p>En conseil des ma\u00eetres, les enseignants r\u00e9pondent aux demandes des d\u00e9l\u00e9gu\u00e9s. En conseil d&rsquo;\u00e9cole, les d\u00e9l\u00e9gu\u00e9s CM2 sont pr\u00e9sents et font leurs propositions aux parents et \u00e0 l&rsquo;\u00e9lu qui les \u00e9coutent et envisagent la faisabilit\u00e9 de leurs demandes.<\/p>\n<p>Ce dispositif s&rsquo;inscrit dans le cadre de l&rsquo;EMC et favorise le vivre ensemble et l&rsquo;engagement citoyen.<\/p>\n<p>&nbsp;<\/p>\n","protected":false},"excerpt":{"rendered":"<p>A chaque p\u00e9riode se tient le conseil des enfants. Un sujet de citoyennet\u00e9 est d\u00e9battu au pr\u00e9alable dans chaque classe selon les besoins dans l&rsquo;\u00e9cole. Par exemple : quelle diff\u00e9rence peut-on faire entre gros mots et insultes ? Comment g\u00e9rer ses \u00e9motions ? Les \u00e9l\u00e8ves \u00e9mettent \u00e9galement des id\u00e9es pour am\u00e9liorer la vie de l&rsquo;\u00e9cole. &hellip; <a href=\"https:\/\/ecole.ac-nice.fr\/nice2\/arianepiagetelem\/le-conseil-denfants\/\" class=\"more-link\">Continuer la lecture de <span class=\"screen-reader-text\">Le conseil d&rsquo;enfants<\/span>  <span class=\"meta-nav\">&rarr;<\/span><\/a><\/p>\n","protected":false},"author":42,"featured_media":0,"parent":0,"menu_order":0,"comment_status":"closed","ping_status":"closed","template":"","meta":{"footnotes":""},"class_list":["post-522","page","type-page","status-publish","hentry"],"_links":{"self":[{"href":"https:\/\/ecole.ac-nice.fr\/nice2\/arianepiagetelem\/wp-json\/wp\/v2\/pages\/522","targetHints":{"allow":["GET"]}}],"collection":[{"href":"https:\/\/ecole.ac-nice.fr\/nice2\/arianepiagetelem\/wp-json\/wp\/v2\/pages"}],"about":[{"href":"https:\/\/ecole.ac-nice.fr\/nice2\/arianepiagetelem\/wp-json\/wp\/v2\/types\/page"}],"author":[{"embeddable":true,"href":"https:\/\/ecole.ac-nice.fr\/nice2\/arianepiagetelem\/wp-json\/wp\/v2\/users\/42"}],"replies":[{"embeddable":true,"href":"https:\/\/ecole.ac-nice.fr\/nice2\/arianepiagetelem\/wp-json\/wp\/v2\/comments?post=522"}],"version-history":[{"count":1,"href":"https:\/\/ecole.ac-nice.fr\/nice2\/arianepiagetelem\/wp-json\/wp\/v2\/pages\/522\/revisions"}],"predecessor-version":[{"id":525,"href":"https:\/\/ecole.ac-nice.fr\/nice2\/arianepiagetelem\/wp-json\/wp\/v2\/pages\/522\/revisions\/525"}],"wp:attachment":[{"href":"https:\/\/ecole.ac-nice.fr\/nice2\/arianepiagetelem\/wp-json\/wp\/v2\/media?parent=522"}],"curies":[{"name":"wp","href":"https:\/\/api.w.org\/{rel}","templated":true}]}}