{"id":400,"date":"2019-02-11T09:15:27","date_gmt":"2019-02-11T08:15:27","guid":{"rendered":"http:\/\/ecole.ac-nice.fr\/nice2\/arianepiagetelem\/?page_id=400"},"modified":"2019-02-11T09:15:27","modified_gmt":"2019-02-11T08:15:27","slug":"le-1-4-dheure-de-lecture","status":"publish","type":"page","link":"https:\/\/ecole.ac-nice.fr\/nice2\/arianepiagetelem\/le-1-4-dheure-de-lecture\/","title":{"rendered":"Le 1\/4 d&rsquo;heure de lecture"},"content":{"rendered":"<p>Depuis janvier, <strong>le 1\/4 d&rsquo;heure de lecture<\/strong> est mis en place apr\u00e8s la pause m\u00e9ridienne dans toutes les classes. C&rsquo;est une temps calme dont les \u00e9l\u00e8ves sont demandeurs. Cela permet \u00e0 la fois de ritualiser les moments de lecture, de progresser dans ce domaine mais aussi d&rsquo;apaiser le climat scolaire.<\/p>\n","protected":false},"excerpt":{"rendered":"<p>Depuis janvier, le 1\/4 d&rsquo;heure de lecture est mis en place apr\u00e8s la pause m\u00e9ridienne dans toutes les classes. C&rsquo;est une temps calme dont les \u00e9l\u00e8ves sont demandeurs. Cela permet \u00e0 la fois de ritualiser les moments de lecture, de progresser dans ce domaine mais aussi d&rsquo;apaiser le climat scolaire.<\/p>\n","protected":false},"author":42,"featured_media":0,"parent":0,"menu_order":0,"comment_status":"closed","ping_status":"closed","template":"","meta":{"footnotes":""},"class_list":["post-400","page","type-page","status-publish","hentry"],"_links":{"self":[{"href":"https:\/\/ecole.ac-nice.fr\/nice2\/arianepiagetelem\/wp-json\/wp\/v2\/pages\/400","targetHints":{"allow":["GET"]}}],"collection":[{"href":"https:\/\/ecole.ac-nice.fr\/nice2\/arianepiagetelem\/wp-json\/wp\/v2\/pages"}],"about":[{"href":"https:\/\/ecole.ac-nice.fr\/nice2\/arianepiagetelem\/wp-json\/wp\/v2\/types\/page"}],"author":[{"embeddable":true,"href":"https:\/\/ecole.ac-nice.fr\/nice2\/arianepiagetelem\/wp-json\/wp\/v2\/users\/42"}],"replies":[{"embeddable":true,"href":"https:\/\/ecole.ac-nice.fr\/nice2\/arianepiagetelem\/wp-json\/wp\/v2\/comments?post=400"}],"version-history":[{"count":1,"href":"https:\/\/ecole.ac-nice.fr\/nice2\/arianepiagetelem\/wp-json\/wp\/v2\/pages\/400\/revisions"}],"predecessor-version":[{"id":403,"href":"https:\/\/ecole.ac-nice.fr\/nice2\/arianepiagetelem\/wp-json\/wp\/v2\/pages\/400\/revisions\/403"}],"wp:attachment":[{"href":"https:\/\/ecole.ac-nice.fr\/nice2\/arianepiagetelem\/wp-json\/wp\/v2\/media?parent=400"}],"curies":[{"name":"wp","href":"https:\/\/api.w.org\/{rel}","templated":true}]}}