{"id":213,"date":"2019-02-10T15:45:10","date_gmt":"2019-02-10T14:45:10","guid":{"rendered":"http:\/\/ecole.ac-nice.fr\/nice2\/arianepiagetelem\/?page_id=213"},"modified":"2019-02-11T12:52:42","modified_gmt":"2019-02-11T11:52:42","slug":"macle-et-decloisonnements","status":"publish","type":"page","link":"https:\/\/ecole.ac-nice.fr\/nice2\/arianepiagetelem\/macle-et-decloisonnements\/","title":{"rendered":"MACLE ET DECLOISONNEMENTS au cycle 2"},"content":{"rendered":"<p>&nbsp;<\/p>\n<p>Afin d&rsquo;am\u00e9liorer les comp\u00e9tences en math\u00e9matiques et en Fran\u00e7ais en CP, CE1 et CE2, <strong>un semaine par p\u00e9riode est banalis\u00e9e \u00e0 raison d&rsquo;une demi-heure par jour<\/strong> pour travailler un domaine.<\/p>\n<p>Les \u00e9l\u00e8ves\u00a0 sont r\u00e9partis en groupes de niveaux et travaillent une comp\u00e9tence particuli\u00e8re. Chaque enseignant prend un groupe aid\u00e9 des enseignants RASED, de l&rsquo;enseignante UPE2A et de la Directrice.<\/p>\n<p>Des mamans ont \u00e9galement pris des groupes d&rsquo;\u00e9l\u00e8ves et se sont investies dans ces d\u00e9cloisonnements.<\/p>\n<p><strong>En Math\u00e9matiques<\/strong>, Les \u00e9l\u00e8ves ont travaill\u00e9 la num\u00e9ration en p\u00e9riode 1, le calcul mental en p\u00e9riode 2, la r\u00e9solution de probl\u00e8mes en p\u00e9riode 4.<\/p>\n<p><a href=\"https:\/\/ecole.ac-nice.fr\/nice2\/arianepiagetelem\/wp-content\/uploads\/sites\/55\/2019\/02\/Pre\u0301paration-de\u0301cloisonnement-maths-CALCUL-ce1.pdf\">Pre\u0301paration-de\u0301cloisonnement-maths-CALCUL-ce1<\/a><\/p>\n<p><a href=\"https:\/\/ecole.ac-nice.fr\/nice2\/arianepiagetelem\/wp-content\/uploads\/sites\/55\/2019\/02\/De\u0301cloisonnement-nume\u0301ration-CE1.pdf\">De\u0301cloisonnement nume\u0301ration CE1\u00a0<\/a><\/p>\n<p><a href=\"https:\/\/ecole.ac-nice.fr\/nice2\/arianepiagetelem\/wp-content\/uploads\/sites\/55\/2019\/02\/prep-jeu-du-cha\u0302teau.pdf\">prep jeu du cha\u0302teau<\/a><\/p>\n<p><a href=\"https:\/\/ecole.ac-nice.fr\/nice2\/arianepiagetelem\/wp-content\/uploads\/sites\/55\/2019\/02\/Connaissance-du-nombre-CE1.docx\">Connaissance du n<\/a><a href=\"https:\/\/ecole.ac-nice.fr\/nice2\/arianepiagetelem\/wp-content\/uploads\/sites\/55\/2019\/02\/Connaissance-du-nombre-CE1.pdf\">Connaissance-du-nombre-CE1<\/a><a href=\"https:\/\/ecole.ac-nice.fr\/nice2\/arianepiagetelem\/wp-content\/uploads\/sites\/55\/2019\/02\/Connaissance-du-nombre-CE1.docx\">ombre CE1<\/a><\/p>\n<p>&nbsp;<\/p>\n<p><strong>En Fran\u00e7ais,<\/strong> ils ont commenc\u00e9 par un entrainement \u00e0 l&rsquo;oral, \u00e0 la fluence, \u00e0 la compr\u00e9hension puis ils termineront par la production d&rsquo;\u00e9crits.<\/p>\n<p><a href=\"https:\/\/ecole.ac-nice.fr\/nice2\/arianepiagetelem\/wp-content\/uploads\/sites\/55\/2019\/02\/Macle\u0301-oral-Cp-PDF-1.pdf\">Macle\u0301 oral Cp PDF<\/a><\/p>\n<p>&nbsp;<\/p>\n","protected":false},"excerpt":{"rendered":"<p>&nbsp; Afin d&rsquo;am\u00e9liorer les comp\u00e9tences en math\u00e9matiques et en Fran\u00e7ais en CP, CE1 et CE2, un semaine par p\u00e9riode est banalis\u00e9e \u00e0 raison d&rsquo;une demi-heure par jour pour travailler un domaine. Les \u00e9l\u00e8ves\u00a0 sont r\u00e9partis en groupes de niveaux et travaillent une comp\u00e9tence particuli\u00e8re. Chaque enseignant prend un groupe aid\u00e9 des enseignants RASED, de l&rsquo;enseignante &hellip; <a href=\"https:\/\/ecole.ac-nice.fr\/nice2\/arianepiagetelem\/macle-et-decloisonnements\/\" class=\"more-link\">Continuer la lecture de <span class=\"screen-reader-text\">MACLE ET DECLOISONNEMENTS au cycle 2<\/span>  <span class=\"meta-nav\">&rarr;<\/span><\/a><\/p>\n","protected":false},"author":42,"featured_media":0,"parent":0,"menu_order":0,"comment_status":"closed","ping_status":"closed","template":"","meta":{"footnotes":""},"class_list":["post-213","page","type-page","status-publish","hentry"],"_links":{"self":[{"href":"https:\/\/ecole.ac-nice.fr\/nice2\/arianepiagetelem\/wp-json\/wp\/v2\/pages\/213","targetHints":{"allow":["GET"]}}],"collection":[{"href":"https:\/\/ecole.ac-nice.fr\/nice2\/arianepiagetelem\/wp-json\/wp\/v2\/pages"}],"about":[{"href":"https:\/\/ecole.ac-nice.fr\/nice2\/arianepiagetelem\/wp-json\/wp\/v2\/types\/page"}],"author":[{"embeddable":true,"href":"https:\/\/ecole.ac-nice.fr\/nice2\/arianepiagetelem\/wp-json\/wp\/v2\/users\/42"}],"replies":[{"embeddable":true,"href":"https:\/\/ecole.ac-nice.fr\/nice2\/arianepiagetelem\/wp-json\/wp\/v2\/comments?post=213"}],"version-history":[{"count":8,"href":"https:\/\/ecole.ac-nice.fr\/nice2\/arianepiagetelem\/wp-json\/wp\/v2\/pages\/213\/revisions"}],"predecessor-version":[{"id":480,"href":"https:\/\/ecole.ac-nice.fr\/nice2\/arianepiagetelem\/wp-json\/wp\/v2\/pages\/213\/revisions\/480"}],"wp:attachment":[{"href":"https:\/\/ecole.ac-nice.fr\/nice2\/arianepiagetelem\/wp-json\/wp\/v2\/media?parent=213"}],"curies":[{"name":"wp","href":"https:\/\/api.w.org\/{rel}","templated":true}]}}