{"id":206,"date":"2019-02-10T15:08:35","date_gmt":"2019-02-10T14:08:35","guid":{"rendered":"http:\/\/ecole.ac-nice.fr\/nice2\/arianepiagetelem\/?page_id=206"},"modified":"2019-02-10T15:08:35","modified_gmt":"2019-02-10T14:08:35","slug":"gbg","status":"publish","type":"page","link":"https:\/\/ecole.ac-nice.fr\/nice2\/arianepiagetelem\/gbg\/","title":{"rendered":"GBG"},"content":{"rendered":"<p>Le GBG ou Good Behavior Game est une exp\u00e9rimentation pilote d\u2019un programme de d\u00e9veloppement des comp\u00e9tences psychosociales destin\u00e9 aux enfants de l\u2019\u00e9cole \u00e9l\u00e9mentaire et fond\u00e9 sur des preuves scientifiques et soutenue par la MILDECA, Sant\u00e9 publique France et l&rsquo;ARS PACA. Cette exp\u00e9rimentation a \u00e9t\u00e9 implant\u00e9e dans trois villes des Alpes-Maritimes de 2015 \u00e0 2018 (Villes de Valbonne, Vallauris et Nice) par le groupe de recherche sur la vuln\u00e9rabilit\u00e9 sociale (GRVS) en partenariat avec les services d\u00e9partementaux de l&rsquo;Education nationale dans les Alpes-Maritimes (SDEN06).<br \/>\nLe GBG est une strat\u00e9gie de gestion du comportement en classe, directement mise en \u0153uvre par les enseignants, qui n\u2019empi\u00e8te pas sur le temps r\u00e9serv\u00e9 aux apprentissages et qui a pour but de socialiser les enfants dans leur r\u00f4le d\u2019\u00e9l\u00e8ve.\u00a0 Le chef de projet GBG est Catherine REYNAUD-MAURUPT Sociologue.<\/p>\n<p>Plusieurs classes de l&rsquo;\u00e9cole (4 CE1, 2 CE2 et 3 CM) se sont lanc\u00e9es dans cette aventure. Nous constatons d&rsquo;ors et d\u00e9j\u00e0 une am\u00e9lioration du comportement donc du climat scolaire, un meilleur esprit de coop\u00e9ration et de travail d&rsquo;\u00e9quipe ainsi qu&rsquo;un gain en autonomie chez nos \u00e9l\u00e8ves.<\/p>\n<p>Les enseignants travaillent et r\u00e9fl\u00e9chissent ensemble sur leurs pratiques. Le personnel encadrant tr\u00e8s bienveillant et empathique favorise ce travail d&rsquo;\u00e9quipe et de r\u00e9flexion en installant la confiance.<\/p>\n","protected":false},"excerpt":{"rendered":"<p>Le GBG ou Good Behavior Game est une exp\u00e9rimentation pilote d\u2019un programme de d\u00e9veloppement des comp\u00e9tences psychosociales destin\u00e9 aux enfants de l\u2019\u00e9cole \u00e9l\u00e9mentaire et fond\u00e9 sur des preuves scientifiques et soutenue par la MILDECA, Sant\u00e9 publique France et l&rsquo;ARS PACA. Cette exp\u00e9rimentation a \u00e9t\u00e9 implant\u00e9e dans trois villes des Alpes-Maritimes de 2015 \u00e0 2018 (Villes &hellip; <a href=\"https:\/\/ecole.ac-nice.fr\/nice2\/arianepiagetelem\/gbg\/\" class=\"more-link\">Continuer la lecture de <span class=\"screen-reader-text\">GBG<\/span>  <span class=\"meta-nav\">&rarr;<\/span><\/a><\/p>\n","protected":false},"author":42,"featured_media":0,"parent":0,"menu_order":0,"comment_status":"closed","ping_status":"closed","template":"","meta":{"footnotes":""},"class_list":["post-206","page","type-page","status-publish","hentry"],"_links":{"self":[{"href":"https:\/\/ecole.ac-nice.fr\/nice2\/arianepiagetelem\/wp-json\/wp\/v2\/pages\/206","targetHints":{"allow":["GET"]}}],"collection":[{"href":"https:\/\/ecole.ac-nice.fr\/nice2\/arianepiagetelem\/wp-json\/wp\/v2\/pages"}],"about":[{"href":"https:\/\/ecole.ac-nice.fr\/nice2\/arianepiagetelem\/wp-json\/wp\/v2\/types\/page"}],"author":[{"embeddable":true,"href":"https:\/\/ecole.ac-nice.fr\/nice2\/arianepiagetelem\/wp-json\/wp\/v2\/users\/42"}],"replies":[{"embeddable":true,"href":"https:\/\/ecole.ac-nice.fr\/nice2\/arianepiagetelem\/wp-json\/wp\/v2\/comments?post=206"}],"version-history":[{"count":1,"href":"https:\/\/ecole.ac-nice.fr\/nice2\/arianepiagetelem\/wp-json\/wp\/v2\/pages\/206\/revisions"}],"predecessor-version":[{"id":208,"href":"https:\/\/ecole.ac-nice.fr\/nice2\/arianepiagetelem\/wp-json\/wp\/v2\/pages\/206\/revisions\/208"}],"wp:attachment":[{"href":"https:\/\/ecole.ac-nice.fr\/nice2\/arianepiagetelem\/wp-json\/wp\/v2\/media?parent=206"}],"curies":[{"name":"wp","href":"https:\/\/api.w.org\/{rel}","templated":true}]}}