{"id":61,"date":"2017-05-30T15:05:07","date_gmt":"2017-05-30T13:05:07","guid":{"rendered":"http:\/\/ecole.ac-nice.fr\/nice2\/test\/?page_id=61"},"modified":"2018-11-28T14:01:38","modified_gmt":"2018-11-28T13:01:38","slug":"bienvenue-sur-le-site-test-de-nice-2","status":"publish","type":"page","link":"https:\/\/ecole.ac-nice.fr\/nice2\/andremariepeille\/","title":{"rendered":"Bienvenue notre site d&rsquo;\u00e9cole"},"content":{"rendered":"<p>Vous \u00eates sur le site de l&rsquo;\u00e9cole : <span style=\"color: #f20a95;\"><strong>Andr\u00e9 Marie Peille Primaire<\/strong>.<\/span><\/p>\n<p style=\"text-align: center;\"><strong><img loading=\"lazy\" decoding=\"async\" class=\"aligncenter size-medium wp-image-160\" src=\"https:\/\/ecole.ac-nice.fr\/nice2\/andremariepeille\/wp-content\/uploads\/sites\/37\/2018\/11\/plan-andr\u00e9-marie-peille-300x242.png\" alt=\"\" width=\"300\" height=\"242\" srcset=\"https:\/\/ecole.ac-nice.fr\/nice2\/andremariepeille\/wp-content\/uploads\/sites\/37\/2018\/11\/plan-andr\u00e9-marie-peille-300x242.png 300w, https:\/\/ecole.ac-nice.fr\/nice2\/andremariepeille\/wp-content\/uploads\/sites\/37\/2018\/11\/plan-andr\u00e9-marie-peille.png 552w\" sizes=\"auto, (max-width: 300px) 100vw, 300px\" \/>CONTACT<\/strong> :<br \/>\nEcole Primaire Andr\u00e9 Marie Peille<br \/>\n4 boulevard Aristide Briand<br \/>\n06440 PEILLE<\/p>\n<p style=\"text-align: center;\">T\u00e9l : 04 93 91 92 13<br \/>\nM\u00e8l : ecole.0060487X@ac-nice.fr<br \/>\nDirectrice : Mme Marl\u00e8ne BONNI<\/p>\n","protected":false},"excerpt":{"rendered":"<p>Vous \u00eates sur le site de l&rsquo;\u00e9cole : Andr\u00e9 Marie Peille Primaire. CONTACT : Ecole Primaire Andr\u00e9 Marie Peille 4 boulevard Aristide Briand 06440 PEILLE T\u00e9l : 04 93 91 92 13 M\u00e8l : ecole.0060487X@ac-nice.fr Directrice : Mme Marl\u00e8ne BONNI<\/p>\n","protected":false},"author":2,"featured_media":0,"parent":0,"menu_order":0,"comment_status":"closed","ping_status":"closed","template":"","meta":{"footnotes":""},"class_list":["post-61","page","type-page","status-publish","hentry"],"_links":{"self":[{"href":"https:\/\/ecole.ac-nice.fr\/nice2\/andremariepeille\/wp-json\/wp\/v2\/pages\/61","targetHints":{"allow":["GET"]}}],"collection":[{"href":"https:\/\/ecole.ac-nice.fr\/nice2\/andremariepeille\/wp-json\/wp\/v2\/pages"}],"about":[{"href":"https:\/\/ecole.ac-nice.fr\/nice2\/andremariepeille\/wp-json\/wp\/v2\/types\/page"}],"author":[{"embeddable":true,"href":"https:\/\/ecole.ac-nice.fr\/nice2\/andremariepeille\/wp-json\/wp\/v2\/users\/2"}],"replies":[{"embeddable":true,"href":"https:\/\/ecole.ac-nice.fr\/nice2\/andremariepeille\/wp-json\/wp\/v2\/comments?post=61"}],"version-history":[{"count":8,"href":"https:\/\/ecole.ac-nice.fr\/nice2\/andremariepeille\/wp-json\/wp\/v2\/pages\/61\/revisions"}],"predecessor-version":[{"id":161,"href":"https:\/\/ecole.ac-nice.fr\/nice2\/andremariepeille\/wp-json\/wp\/v2\/pages\/61\/revisions\/161"}],"wp:attachment":[{"href":"https:\/\/ecole.ac-nice.fr\/nice2\/andremariepeille\/wp-json\/wp\/v2\/media?parent=61"}],"curies":[{"name":"wp","href":"https:\/\/api.w.org\/{rel}","templated":true}]}}