{"id":588,"date":"2020-05-26T00:02:45","date_gmt":"2020-05-25T22:02:45","guid":{"rendered":"http:\/\/ecole.ac-nice.fr\/nice1\/?page_id=588"},"modified":"2025-10-16T18:29:38","modified_gmt":"2025-10-16T16:29:38","slug":"reseau-daide-sesmembres","status":"publish","type":"page","link":"https:\/\/ecole.ac-nice.fr\/nice1\/reseau-daide-sesmembres\/","title":{"rendered":"R\u00e9seau-Ses membres"},"content":{"rendered":"<div>\n<div>\n<div>\n<div id=\"yui_3_17_2_1_1590443581592_815\">\n<h5 id=\"yui_3_17_2_1_1590443581592_814\" style=\"text-align: left;\"><span style=\"color: #b81212;\"><b id=\"yui_3_17_2_1_1590443581592_813\"><span id=\"yui_3_17_2_1_1590443581592_812\" class=\"\"><span id=\"yui_3_17_2_1_1590443581592_811\" class=\"\" style=\"font-size: 16px;\"><span style=\"font-size: 24px;\">Psychologues scolaires\u00a0<\/span><\/span><\/span><\/b><\/span><\/h5>\n<h5 style=\"text-align: center;\"><span id=\"yui_3_17_2_1_1590443581592_812\" class=\"\"><span class=\"\"><span style=\"font-size: 16px;\">V\u00e9ronique MOREL :<\/span><\/span><\/span><\/h5>\n<h5 style=\"text-align: center;\"><span class=\"\" style=\"color: #b81212; font-size: 16px;\">Psychologue1.Nice-1@ac-nice.fr<\/span><\/h5>\n<p>Tel : 04 97 08 83 56<\/p>\n<p>Bureau\u00a0: \u00e9cole Pierre Merle<\/p>\n<p>Secteurs : \u00e9coles Pierre Merle, Bischoffsheim, Risso, Capelina, Sourgentine<\/p>\n<p>&nbsp;<\/p>\n<h5 style=\"text-align: center;\"><span class=\"\" style=\"color: #000000; font-size: 16px;\">Claire QUELAND DE SAINT PERN :<\/span><\/h5>\n<p style=\"text-align: center;\"><span style=\"color: #b81212;\"><strong><span class=\"\">Psychologue2.Nice-1@ac-nice.fr<\/span><\/strong><\/span><\/p>\n<p>Tel : 07 68 18 83 50<\/p>\n<p>Bureau : \u00e9cole Jous\u00e9 Garibaldi Le Port<\/p>\n<p>Secteurs : \u00e9coles Beaulieu, La Turbie, Cassini, P\u00e9glion, Papon, Max Gallo, Jous\u00e9 Garibaldi Le Port<\/p>\n<p>&nbsp;<\/p>\n<\/div>\n<h5 style=\"text-align: center;\"><span style=\"font-size: 16px;\"><span class=\"\">Laure DALMASSO<\/span><\/span><strong><span style=\"font-size: 16px;\"><span class=\"\"> :<\/span><\/span><\/strong><\/h5>\n<p style=\"text-align: center;\"><span style=\"color: #b81212;\"><strong><span class=\"\">Psychologue3.Nice-1@ac-nice.fr<\/span><\/strong><\/span><\/p>\n<p>Tel : 04 92 00 49 15<\/p>\n<p style=\"margin-bottom: 0.0001pt; text-align: left;\" align=\"center\"><span style=\"font-family: georgia, palatino, serif; font-size: 16px;\">Bureau\u00a0: \u00e9cole Le Ch\u00e2teau<\/span><\/p>\n<p style=\"margin-bottom: 0.0001pt; text-align: left;\" align=\"center\"><span style=\"font-family: georgia, palatino, serif; font-size: 16px;\">Secteurs : \u00e9coles Eze, Saint Jean Cap Ferrat, Villefranche sur Mer, Le Ch\u00e2teau, Nika\u00efa, Terra Amata<br \/>\n<\/span><\/p>\n<\/div>\n<h5 style=\"text-align: center;\">&#8212;&#8212;&#8212;&#8212;&#8212;&#8212;&#8212;&#8212;&#8212;&#8212;&#8212;&#8212;&#8212;&#8212;&#8212;&#8212;&#8212;&#8212;&#8212;&#8212;&#8212;&#8212;&#8212;<\/h5>\n<h5><span style=\"font-size: 24px;\"><b id=\"yui_3_17_2_1_1590443581592_813\"><span id=\"yui_3_17_2_1_1590443581592_812\" class=\"\"><span id=\"yui_3_17_2_1_1590443581592_811\" class=\"\"><span style=\"color: #b81212;\">Ma\u00eetres E<\/span><br \/>\n<\/span><\/span><\/b><\/span><\/h5>\n<h5 style=\"margin-bottom: .0001pt; text-align: center;\" align=\"center\"><span style=\"font-size: 16px; font-family: georgia, palatino, serif;\">Isabelle DEVRON :<b><br \/>\n<\/b><\/span><\/h5>\n<p style=\"text-align: center;\"><span style=\"color: #b81212;\"><strong>Isabelle.Drevon@ac-nice.fr<\/strong><\/span><\/p>\n<p style=\"text-align: left;\" align=\"center\">Secteurs : \u00e9coles Pierre Merle, Bischoffsheim, Risso, Capelina, Sourgentine<\/p>\n<p align=\"center\">\u00a0<\/p>\n<h5 style=\"text-align: center;\"><span style=\"font-size: 16px;\">St\u00e9phane SAGOT\u00a0:<\/span><strong><br \/>\n<\/strong><\/h5>\n<p style=\"text-align: center;\"><span style=\"color: #b81212;\"><strong>Stephane.Sagot@ac-nice.fr<\/strong><\/span><\/p>\n<p style=\"text-align: left;\" align=\"center\">Secteurs : \u00e9coles Eze, Saint Jean Cap Ferrat, Villefranche sur Mer, Le Ch\u00e2teau, Nika\u00efa, Jous\u00e9 Garibaldi Le Port<\/p>\n<p align=\"center\">\u00a0<\/p>\n<h5 style=\"margin-bottom: .0001pt; text-align: center;\" align=\"center\"><span style=\"font-family: georgia, palatino, serif; font-size: 16px;\">Estelle REZIO :<\/span><\/h5>\n<p align=\"center\"><span style=\"color: #b81212;\"><strong>Estelle.Rezio@ac-nice.fr<\/strong><\/span><\/p>\n<p style=\"text-align: left;\" align=\"center\">Secteurs : \u00e9coles Beaulieu, La Turbie, Cassini, P\u00e9glion, Papon, Max Gallo, Terra Amata<\/p>\n<h5 style=\"text-align: center;\">&#8212;&#8212;&#8212;&#8212;&#8212;&#8212;&#8212;&#8212;&#8212;&#8212;&#8212;&#8212;&#8212;&#8212;&#8212;&#8212;&#8212;&#8212;&#8212;&#8212;&#8212;&#8212;&#8212;<\/h5>\n<h5><span style=\"font-size: 24px; color: #993300;\"><span style=\"color: #ff0000;\"><b id=\"yui_3_17_2_1_1590443581592_813\"><span id=\"yui_3_17_2_1_1590443581592_812\" class=\"\"><span id=\"yui_3_17_2_1_1590443581592_811\" class=\"\"><span style=\"color: #b81212;\">Ma\u00eetres G<\/span><br \/>\n<\/span><\/span><\/b><\/span><\/span><\/h5>\n<h5 style=\"text-align: center;\"><span style=\"font-size: 16px;\">Olivier HENGOAT :<\/span><\/h5>\n<p style=\"text-align: center;\"><span style=\"color: #b81212;\"><strong>Olivier.Hengoat@ac-nice.fr<\/strong><\/span><\/p>\n<p>Secteurs : \u00e9coles Eze, Saint Jean Cap Ferrat, Villefranche sur Mer, Le Ch\u00e2teau, Nika\u00efa, Terra Amata, Jous\u00e9 Garibaldi Le Port, Cassini, Peglion, Beaulieu<\/p>\n<p>&nbsp;<\/p>\n<h5 style=\"text-align: center;\"><span style=\"font-size: 16px;\">Kelly FEVE :<\/span><\/h5>\n<p style=\"text-align: center;\"><span style=\"color: #b81212;\"><strong>Kelly.Feve@ac-nice.fr<\/strong><\/span><\/p>\n<p>Secteurs : \u00e9coles Pierre Merle, Bischoffsheim, Risso, Capelina, Sourgentine, Papon, Max Gallo, la Turbie<\/p>\n<\/div>\n<div>\n<h5 style=\"text-align: center;\">&#8212;&#8212;&#8212;&#8212;&#8212;&#8212;&#8212;&#8212;&#8212;&#8212;&#8212;&#8212;&#8212;&#8212;&#8212;&#8212;&#8212;&#8212;&#8212;&#8212;&#8212;&#8212;&#8212;<\/h5>\n<h5><span style=\"color: #b81212;\"><span style=\"font-size: 24px;\">UPE2A<\/span><\/span><b id=\"yui_3_17_2_1_1590443581592_813\"><span id=\"yui_3_17_2_1_1590443581592_812\" class=\"\"><span id=\"yui_3_17_2_1_1590443581592_811\" class=\"\"><br \/>\n<\/span><\/span><\/b><\/h5>\n<h5 style=\"text-align: center;\"><span style=\"font-size: 16px;\">Brigitte DERRENDINGER :<\/span><strong><br \/>\n<\/strong><\/h5>\n<p style=\"text-align: center;\"><span style=\"color: #b81212;\"><strong>Brigitte.Derrendinger@ac-nice.fr<\/strong><\/span><\/p>\n<p>Secteurs : \u00e9coles Bischoffsheim, Ch\u00e2teau, Papon, Terra Amata<\/p>\n<p>&nbsp;<\/p>\n<\/div>\n<\/div>\n<h5 style=\"text-align: center;\"><span style=\"font-size: 16px;\">Nadine RICHERT :<\/span><strong><br \/>\n<\/strong><\/h5>\n<p style=\"text-align: center;\"><span style=\"color: #b81212;\"><strong>Nadine.Richert@ac-nice.fr<\/strong><\/span><\/p>\n<p>Secteurs : \u00e9coles Pierre Merle, Risso, St Jean Cap Ferrat<\/p>\n<p>&nbsp;<\/p>\n<h5 style=\"text-align: center;\"><span style=\"font-size: 16px;\">S\u00e9bastien DELES :<\/span><strong><br \/>\n<\/strong><\/h5>\n<p style=\"text-align: center;\"><span style=\"color: #b81212;\"><strong>Sebastien.Deles@ac-nice.fr<\/strong><\/span><\/p>\n<p>Secteurs : \u00e9coles Beaulieu, Villefranche, Eze, Turbie, Max Gallo<\/p>\n<p>&nbsp;<\/p>\n<h5 style=\"text-align: center;\"><strong><span style=\"font-size: 16px;\">Jo\u00eblle GUICHARD :<\/span><br \/>\n<\/strong><\/h5>\n<p style=\"text-align: center;\"><span style=\"color: #b81212;\"><strong>Joelle.Guichard-jaouan@ac-nice.fr<\/strong><\/span><\/p>\n<p>Secteurs : \u00e9coles Nika\u00efa, Jous\u00e9 Garibaldi Le Port<\/p>\n<div>\n<div>\n<h5 style=\"text-align: center;\">&#8212;&#8212;&#8212;&#8212;&#8212;&#8212;&#8212;&#8212;&#8212;&#8212;&#8212;&#8212;&#8212;&#8212;&#8212;&#8212;&#8212;&#8212;&#8212;&#8212;&#8212;&#8212;&#8212;<\/h5>\n<h5><span style=\"color: #b81212; font-size: 24px;\">ERH<\/span><\/h5>\n<h5 class=\"western\" align=\"center\"><span style=\"font-size: 16px;\">Sabine REMMERIE :<\/span><\/h5>\n<p align=\"center\"><span style=\"color: #b81212;\"><strong>ersh.27@ac-nice.fr<\/strong><\/span><\/p>\n<p class=\"western\" style=\"text-align: left;\" align=\"center\">Tel : 06 29 28 45 67\u00a0<\/p>\n<p style=\"text-align: left;\" align=\"center\">Secteurs : Jous\u00e9 Garibaldi Le Port, Merle, Le Ch\u00e2teau, P\u00e9glion<\/p>\n<p align=\"center\">\u00a0<\/p>\n<h5 class=\"western\" align=\"center\"><span style=\"font-size: 16px;\">Carole MAIORANA :<\/span><\/h5>\n<p align=\"center\"><span style=\"color: #b81212;\"><strong>ersh.11@ac-nice.fr<\/strong><\/span><\/p>\n<p class=\"western\" style=\"text-align: left;\" align=\"center\">Tel\u00a0: 06 25 04 49 08\u00a0<\/p>\n<p style=\"text-align: left;\" align=\"center\">Secteurs : \u00e9coles Papon, Bischoffsheim, Sourgentine, Risso, Capelina, Max Gallo, Cassini, Nika\u00efa, Terra Amata<\/p>\n<\/div>\n<h5 align=\"center\">\u00a0<\/h5>\n<h5 class=\"western\" align=\"center\"><span style=\"font-size: 16px;\">Ingrid DALMAZZO :<\/span><\/h5>\n<p align=\"center\"><span style=\"color: #b81212;\"><strong>ersh.32@ac-nice.fr<\/strong><\/span><\/p>\n<p class=\"western\" style=\"text-align: left;\" align=\"center\">Tel : 06 10 87 81 88<\/p>\n<p style=\"text-align: left;\" align=\"center\">Secteurs : \u00e9coles Beaulieu, Villefranche, Eze, Turbie, St Jean Cap Ferrat<\/p>\n<\/div>\n","protected":false},"excerpt":{"rendered":"<p>Psychologues scolaires\u00a0 V\u00e9ronique MOREL : Psychologue1.Nice-1@ac-nice.fr Tel : 04 97 08 83 56 Bureau\u00a0: \u00e9cole Pierre Merle Secteurs : \u00e9coles Pierre Merle, [&hellip;]<\/p>\n","protected":false},"author":2,"featured_media":0,"parent":0,"menu_order":0,"comment_status":"closed","ping_status":"closed","template":"","meta":{"footnotes":""},"class_list":["post-588","page","type-page","status-publish","hentry"],"_links":{"self":[{"href":"https:\/\/ecole.ac-nice.fr\/nice1\/wp-json\/wp\/v2\/pages\/588","targetHints":{"allow":["GET"]}}],"collection":[{"href":"https:\/\/ecole.ac-nice.fr\/nice1\/wp-json\/wp\/v2\/pages"}],"about":[{"href":"https:\/\/ecole.ac-nice.fr\/nice1\/wp-json\/wp\/v2\/types\/page"}],"author":[{"embeddable":true,"href":"https:\/\/ecole.ac-nice.fr\/nice1\/wp-json\/wp\/v2\/users\/2"}],"replies":[{"embeddable":true,"href":"https:\/\/ecole.ac-nice.fr\/nice1\/wp-json\/wp\/v2\/comments?post=588"}],"version-history":[{"count":23,"href":"https:\/\/ecole.ac-nice.fr\/nice1\/wp-json\/wp\/v2\/pages\/588\/revisions"}],"predecessor-version":[{"id":686,"href":"https:\/\/ecole.ac-nice.fr\/nice1\/wp-json\/wp\/v2\/pages\/588\/revisions\/686"}],"wp:attachment":[{"href":"https:\/\/ecole.ac-nice.fr\/nice1\/wp-json\/wp\/v2\/media?parent=588"}],"curies":[{"name":"wp","href":"https:\/\/api.w.org\/{rel}","templated":true}]}}