{"id":386,"date":"2017-03-27T01:26:54","date_gmt":"2017-03-26T23:26:54","guid":{"rendered":"http:\/\/ecole.ac-nice.fr\/nice1\/?page_id=386"},"modified":"2025-09-10T11:20:49","modified_gmt":"2025-09-10T09:20:49","slug":"equipe","status":"publish","type":"page","link":"https:\/\/ecole.ac-nice.fr\/nice1\/equipe\/","title":{"rendered":"L&rsquo;\u00e9quipe"},"content":{"rendered":"<p>&nbsp;<\/p>\n<div style=\"direction: ltr; border-width: 100%;\">\n<div style=\"direction: ltr; margin-top: 0in; margin-left: 0in; width: 10.3604in;\">\n<div style=\"direction: ltr; margin-top: 0in; margin-left: 0in; width: 10.3604in;\">\n<p style=\"margin: 0in; margin-left: .375in; font-family: Calibri; font-size: 18.0pt;\"><span style=\"text-decoration: underline; color: #7f7f7f;\">Inspecteur de l\u2019Education Nationale <\/span><span style=\"color: #7f7f7f;\">:<\/span><span style=\"color: #979797;\">\u00a0 <\/span><span style=\"color: #323f4f;\">Mme Alessandra SOBRERO<br \/>\n<\/span><\/p>\n<p style=\"margin: 0in; margin-left: .375in; font-family: Calibri; font-size: 18.0pt;\"><span style=\"text-decoration: underline; color: #7f7f7f;\">Secr\u00e9taire:<\/span><span style=\"color: #979797;\">\u00a0\u00a0 <\/span><span style=\"color: #323f4f;\">Mme Evelyne MUTZIG<\/span><\/p>\n<p style=\"margin: 0in; font-family: Calibri; font-size: 18.0pt; text-align: center;\"><span style=\"color: #7f7f7f;\">Tel :<\/span><span style=\"color: #323f4f;\"> 04 92 07 54 09<\/span><span style=\"color: #979797;\">\u00a0\u00a0\u00a0\u00a0\u00a0\u00a0\u00a0\u00a0\u00a0 <\/span><span style=\"color: #7f7f7f;\">Mail :<\/span> <a href=\"mailto:ien-06.nice1@ac-nice.fr\"><span style=\"color: #d20000;\">ien-06.nice1@ac-nice.fr<\/span><\/a><\/p>\n<p style=\"margin: 0in; font-family: Calibri; font-size: 18.0pt; color: #d20000; text-align: center;\">&#8212;&#8212;&#8212;&#8212;&#8212;&#8212;&#8212;&#8212;&#8212;&#8212;&#8212;&#8212;&#8212;&#8212;&#8212;&#8212;&#8212;&#8212;&#8212;&#8212;&#8212;&#8212;&#8212;<\/p>\n<p style=\"margin: 0in; margin-left: .375in; font-family: Calibri; font-size: 18.0pt;\"><span style=\"font-weight: bold; text-decoration: underline; color: #7f7f7f;\">CPC G\u00e9n\u00e9raliste :<\/span><span style=\"font-weight: bold; color: #979797;\">\u00a0 <\/span><span style=\"color: #323f4f;\">Mme Lydia ROBIN<\/span><span style=\"color: #979797;\">\u00a0 \u00a0 \u00a0 \u00a0 \u00a0 \u00a0<\/span><span style=\"font-weight: bold; text-decoration: underline; color: #7f7f7f;\">CPC G\u00e9n\u00e9raliste \u00e0 valence EPS :<\/span><span style=\"font-weight: bold; color: #979797;\">\u00a0\u00a0 <\/span><span style=\"color: #323f4f;\">Mme Magali LAURENS<br \/>\n<\/span><\/p>\n<p style=\"margin: 0in; margin-left: .375in; font-family: Calibri; font-size: 18.0pt; text-align: center;\"><span style=\"color: #7f7f7f;\">Tel :<\/span> <span style=\"color: #323f4f;\">04 92 07 54 05<\/span><span style=\"color: #979797;\">\u00a0\u00a0 <\/span><\/p>\n<p style=\"margin: 0in; margin-left: .375in; font-family: Calibri; font-size: 18.0pt;\"><span style=\"color: #7f7f7f;\">Mail :<\/span> <a href=\"mailto:CPCG.Nice-1@ac-nice.fr\"><span style=\"color: #d20000;\">CPCG.Nice-1@ac-nice.fr<\/span><\/a><span style=\"color: #979797;\">\u00a0 \u00a0 \u00a0 \u00a0 \u00a0 \u00a0 \u00a0 \u00a0 \u00a0 \u00a0 \u00a0 \u00a0 \u00a0 \u00a0 \u00a0 \u00a0 \u00a0 \u00a0 \u00a0 \u00a0 \u00a0 \u00a0 \u00a0 \u00a0 \u00a0 \u00a0 \u00a0 \u00a0 \u00a0 \u00a0 \u00a0 \u00a0 \u00a0<\/span><span style=\"color: #7f7f7f;\">Mail :<\/span> <a href=\"mailto:CPEPS.Nice-1@ac-nice.fr\"><span style=\"color: #d20000;\">CPEPS.Nice-1@ac-nice.fr<\/span><\/a><\/p>\n<p style=\"margin: 0in; margin-left: .375in; font-family: Calibri; font-size: 18.0pt;\">\u00a0<\/p>\n<p style=\"margin: 0in; font-family: Calibri; font-size: 18.0pt; color: #d20000; text-align: center;\">\u00a0<\/p>\n<p style=\"margin: 0in; margin-left: .375in; font-family: Calibri; font-size: 18.0pt;\"><span style=\"text-decoration: underline; color: #7f7f7f;\">CPC G\u00e9n\u00e9raliste \u00e0 valence Num\u00e9rique :<\/span><span style=\"color: #979797;\">\u00a0\u00a0 <\/span><span style=\"color: #323f4f;\">Mme\u00a0 C\u00e9line GIRAUDO<\/span><\/p>\n<p style=\"margin: 0in; font-family: Calibri; font-size: 18.0pt; text-align: center;\"><span style=\"color: #7f7f7f;\">\u00a0 \u00a0 \u00a0 \u00a0 \u00a0 \u00a0 Tel :<\/span> <span style=\"color: #323f4f;\">04 92 07 54 06<\/span><span style=\"color: #979797;\">\u00a0\u00a0\u00a0\u00a0\u00a0\u00a0\u00a0\u00a0\u00a0\u00a0 <\/span><span style=\"color: #7f7f7f;\">Mail:<\/span> <a href=\"mailto:ERUN-Nice-1@ac-nice.fr\"><span style=\"color: #d20000;\">cpc-val-num.nice1@ac-nice.fr<\/span><\/a><\/p>\n<p style=\"text-align: center;\"><span style=\"color: #ff0000; font-size: 20px;\">&#8212;&#8212;&#8212;&#8212;&#8212;&#8212;&#8212;&#8212;&#8212;&#8212;&#8212;&#8212;&#8212;&#8212;&#8212;&#8212;&#8212;&#8212;&#8212;&#8212;&#8212;&#8212;&#8212;<\/span><\/p>\n<p style=\"text-align: center;\"><span style=\"text-decoration: underline;\">A.P.C (Assistant de Pr\u00e9vention de Circonscription) Nice 1<\/span> : Mme Magali LAURENS\u00a0 \u00a0 \u00a0 \u00a0 \u00a0 Mail: CPEPS.Nice-1@ac-nice.fr<\/p>\n<p style=\"text-align: center;\"><span style=\"text-decoration: underline;\">ERUN de la zone Est<\/span> :\u00a0\u00a0 Mr\u00a0 Christophe MANCINI \u00a0\u00a0\u00a0\u00a0\u00a0\u00a0\u00a0\u00a0\u00a0\u00a0 Mail: Erun-zone.est@ac-nice.fr<\/p>\n<\/div>\n<\/div>\n<\/div>\n","protected":false},"excerpt":{"rendered":"<p>&nbsp; Inspecteur de l\u2019Education Nationale :\u00a0 Mme Alessandra SOBRERO Secr\u00e9taire:\u00a0\u00a0 Mme Evelyne MUTZIG Tel : 04 92 07 54 09\u00a0\u00a0\u00a0\u00a0\u00a0\u00a0\u00a0\u00a0\u00a0 Mail : [&hellip;]<\/p>\n","protected":false},"author":2,"featured_media":0,"parent":0,"menu_order":0,"comment_status":"closed","ping_status":"closed","template":"page-templates\/page_fullwidth.php","meta":{"footnotes":""},"class_list":["post-386","page","type-page","status-publish","hentry"],"_links":{"self":[{"href":"https:\/\/ecole.ac-nice.fr\/nice1\/wp-json\/wp\/v2\/pages\/386","targetHints":{"allow":["GET"]}}],"collection":[{"href":"https:\/\/ecole.ac-nice.fr\/nice1\/wp-json\/wp\/v2\/pages"}],"about":[{"href":"https:\/\/ecole.ac-nice.fr\/nice1\/wp-json\/wp\/v2\/types\/page"}],"author":[{"embeddable":true,"href":"https:\/\/ecole.ac-nice.fr\/nice1\/wp-json\/wp\/v2\/users\/2"}],"replies":[{"embeddable":true,"href":"https:\/\/ecole.ac-nice.fr\/nice1\/wp-json\/wp\/v2\/comments?post=386"}],"version-history":[{"count":27,"href":"https:\/\/ecole.ac-nice.fr\/nice1\/wp-json\/wp\/v2\/pages\/386\/revisions"}],"predecessor-version":[{"id":671,"href":"https:\/\/ecole.ac-nice.fr\/nice1\/wp-json\/wp\/v2\/pages\/386\/revisions\/671"}],"wp:attachment":[{"href":"https:\/\/ecole.ac-nice.fr\/nice1\/wp-json\/wp\/v2\/media?parent=386"}],"curies":[{"name":"wp","href":"https:\/\/api.w.org\/{rel}","templated":true}]}}