{"id":407,"date":"2017-03-26T01:59:06","date_gmt":"2017-03-26T00:59:06","guid":{"rendered":"http:\/\/ecole.ac-nice.fr\/nice1\/modele\/?page_id=407"},"modified":"2018-08-03T18:38:22","modified_gmt":"2018-08-03T16:38:22","slug":"horaires","status":"publish","type":"page","link":"https:\/\/ecole.ac-nice.fr\/nice1\/sourgentine\/horaires\/","title":{"rendered":"Horaires"},"content":{"rendered":"<h3>Horaires de l&rsquo;\u00e9cole :<\/h3>\n<p><strong>Matin<\/strong> : 8H20 &#8211; 11H30 \u00a0 \u00a0&#8211; \u00a0 \u00a0\u00a0<strong>Apr\u00e8s-midi<\/strong> : 13H20 &#8211; 16H30<\/p>\n<h3>Horaires du p\u00e9riscolaire (g\u00e9r\u00e9 par la Mairie de Nice):<\/h3>\n<p>S&rsquo;inscrire si n\u00e9cessaire aupr\u00e8s de l&rsquo;\u00e9conome : t\u00e9l\u00e9phone : 04 93 55 70 75<\/p>\n<p>Accueil du matin : 7H30 &#8211; 8H20 (7H30 &#8211; 7H45 &#8211; 8H)<\/p>\n<p>Garderie du soir : 16H30 &#8211; 18H (17H &#8211; 17H30 &#8211; 18H)<\/p>\n<p>Les \u00e9l\u00e8ves inscrits \u00e0 la cantine d\u00e9jeunent \u00a0\u00e0 l&rsquo;\u00e9cole entre 11H30 et 13H20.<\/p>\n<p>Tout ce p\u00e9riscolaire se passe dans l&rsquo;enceinte de l&rsquo;\u00e9cole.<\/p>\n","protected":false},"excerpt":{"rendered":"<p>Horaires de l&rsquo;\u00e9cole : Matin : 8H20 &#8211; 11H30 \u00a0 \u00a0&#8211; \u00a0 \u00a0\u00a0Apr\u00e8s-midi : 13H20 &#8211; 16H30 Horaires du p\u00e9riscolaire (g\u00e9r\u00e9 par la Mairie de Nice): S&rsquo;inscrire si n\u00e9cessaire aupr\u00e8s de l&rsquo;\u00e9conome : t\u00e9l\u00e9phone : 04 93 55 70 75 Accueil du matin : 7H30 &#8211; 8H20 (7H30 &#8211; 7H45 &#8211; 8H) Garderie du soir &hellip; <a href=\"https:\/\/ecole.ac-nice.fr\/nice1\/sourgentine\/horaires\/\" class=\"more-link\">Continuer la lecture de <span class=\"screen-reader-text\">Horaires<\/span> <span class=\"meta-nav\">&rarr;<\/span><\/a><\/p>\n","protected":false},"author":29,"featured_media":0,"parent":0,"menu_order":0,"comment_status":"closed","ping_status":"closed","template":"","meta":{"footnotes":""},"class_list":["post-407","page","type-page","status-publish","hentry"],"_links":{"self":[{"href":"https:\/\/ecole.ac-nice.fr\/nice1\/sourgentine\/wp-json\/wp\/v2\/pages\/407","targetHints":{"allow":["GET"]}}],"collection":[{"href":"https:\/\/ecole.ac-nice.fr\/nice1\/sourgentine\/wp-json\/wp\/v2\/pages"}],"about":[{"href":"https:\/\/ecole.ac-nice.fr\/nice1\/sourgentine\/wp-json\/wp\/v2\/types\/page"}],"author":[{"embeddable":true,"href":"https:\/\/ecole.ac-nice.fr\/nice1\/sourgentine\/wp-json\/wp\/v2\/users\/29"}],"replies":[{"embeddable":true,"href":"https:\/\/ecole.ac-nice.fr\/nice1\/sourgentine\/wp-json\/wp\/v2\/comments?post=407"}],"version-history":[{"count":3,"href":"https:\/\/ecole.ac-nice.fr\/nice1\/sourgentine\/wp-json\/wp\/v2\/pages\/407\/revisions"}],"predecessor-version":[{"id":659,"href":"https:\/\/ecole.ac-nice.fr\/nice1\/sourgentine\/wp-json\/wp\/v2\/pages\/407\/revisions\/659"}],"wp:attachment":[{"href":"https:\/\/ecole.ac-nice.fr\/nice1\/sourgentine\/wp-json\/wp\/v2\/media?parent=407"}],"curies":[{"name":"wp","href":"https:\/\/api.w.org\/{rel}","templated":true}]}}