{"id":405,"date":"2017-03-26T01:58:54","date_gmt":"2017-03-26T00:58:54","guid":{"rendered":"http:\/\/ecole.ac-nice.fr\/nice1\/modele\/?page_id=405"},"modified":"2018-08-03T18:45:42","modified_gmt":"2018-08-03T16:45:42","slug":"reglement","status":"publish","type":"page","link":"https:\/\/ecole.ac-nice.fr\/nice1\/sourgentine\/reglement\/","title":{"rendered":"R\u00e8glement"},"content":{"rendered":"<p>Voici le r\u00e8glement int\u00e9rieur de l&rsquo;\u00e9cole. Merci de le consulter \u00e0 chaque fois que vous vous posez une question relative au fonctionnement de l&rsquo;\u00e9cole. Si vous n&rsquo;y trouvez pas la r\u00e9ponse, merci de demander \u00e0 la directrice.<\/p>\n","protected":false},"excerpt":{"rendered":"<p>Voici le r\u00e8glement int\u00e9rieur de l&rsquo;\u00e9cole. Merci de le consulter \u00e0 chaque fois que vous vous posez une question relative au fonctionnement de l&rsquo;\u00e9cole. Si vous n&rsquo;y trouvez pas la r\u00e9ponse, merci de demander \u00e0 la directrice.<\/p>\n","protected":false},"author":29,"featured_media":0,"parent":0,"menu_order":0,"comment_status":"closed","ping_status":"closed","template":"","meta":{"footnotes":""},"class_list":["post-405","page","type-page","status-publish","hentry"],"_links":{"self":[{"href":"https:\/\/ecole.ac-nice.fr\/nice1\/sourgentine\/wp-json\/wp\/v2\/pages\/405","targetHints":{"allow":["GET"]}}],"collection":[{"href":"https:\/\/ecole.ac-nice.fr\/nice1\/sourgentine\/wp-json\/wp\/v2\/pages"}],"about":[{"href":"https:\/\/ecole.ac-nice.fr\/nice1\/sourgentine\/wp-json\/wp\/v2\/types\/page"}],"author":[{"embeddable":true,"href":"https:\/\/ecole.ac-nice.fr\/nice1\/sourgentine\/wp-json\/wp\/v2\/users\/29"}],"replies":[{"embeddable":true,"href":"https:\/\/ecole.ac-nice.fr\/nice1\/sourgentine\/wp-json\/wp\/v2\/comments?post=405"}],"version-history":[{"count":3,"href":"https:\/\/ecole.ac-nice.fr\/nice1\/sourgentine\/wp-json\/wp\/v2\/pages\/405\/revisions"}],"predecessor-version":[{"id":661,"href":"https:\/\/ecole.ac-nice.fr\/nice1\/sourgentine\/wp-json\/wp\/v2\/pages\/405\/revisions\/661"}],"wp:attachment":[{"href":"https:\/\/ecole.ac-nice.fr\/nice1\/sourgentine\/wp-json\/wp\/v2\/media?parent=405"}],"curies":[{"name":"wp","href":"https:\/\/api.w.org\/{rel}","templated":true}]}}