{"id":291,"date":"2017-03-25T20:58:13","date_gmt":"2017-03-25T19:58:13","guid":{"rendered":"http:\/\/ecole.ac-nice.fr\/nice1\/modele\/?page_id=291"},"modified":"2018-07-25T17:08:30","modified_gmt":"2018-07-25T15:08:30","slug":"bienvenue-sur-le-site-de-notre-ecole","status":"publish","type":"page","link":"https:\/\/ecole.ac-nice.fr\/nice1\/sourgentine\/","title":{"rendered":"Bienvenue sur le site de notre \u00e9cole"},"content":{"rendered":"<p>Ce site est en construction. Vous pourrez bient\u00f4t suivre l&rsquo;activit\u00e9 de l&rsquo;\u00e9cole.<\/p>\n<p>Certains articles demandent un mot de passe que les enseignants vous fourniront.<\/p>\n<p>La rubrique \u00ab\u00a0Contact\u00a0\u00bb est \u00e0 votre disposition si vous souhaitez nous adresser un message.<\/p>\n","protected":false},"excerpt":{"rendered":"<p>Ce site est en construction. Vous pourrez bient\u00f4t suivre l&rsquo;activit\u00e9 de l&rsquo;\u00e9cole. Certains articles demandent un mot de passe que les enseignants vous fourniront. La rubrique \u00ab\u00a0Contact\u00a0\u00bb est \u00e0 votre disposition si vous souhaitez nous adresser un message.<\/p>\n","protected":false},"author":29,"featured_media":0,"parent":0,"menu_order":0,"comment_status":"closed","ping_status":"closed","template":"","meta":{"footnotes":""},"class_list":["post-291","page","type-page","status-publish","hentry"],"_links":{"self":[{"href":"https:\/\/ecole.ac-nice.fr\/nice1\/sourgentine\/wp-json\/wp\/v2\/pages\/291","targetHints":{"allow":["GET"]}}],"collection":[{"href":"https:\/\/ecole.ac-nice.fr\/nice1\/sourgentine\/wp-json\/wp\/v2\/pages"}],"about":[{"href":"https:\/\/ecole.ac-nice.fr\/nice1\/sourgentine\/wp-json\/wp\/v2\/types\/page"}],"author":[{"embeddable":true,"href":"https:\/\/ecole.ac-nice.fr\/nice1\/sourgentine\/wp-json\/wp\/v2\/users\/29"}],"replies":[{"embeddable":true,"href":"https:\/\/ecole.ac-nice.fr\/nice1\/sourgentine\/wp-json\/wp\/v2\/comments?post=291"}],"version-history":[{"count":5,"href":"https:\/\/ecole.ac-nice.fr\/nice1\/sourgentine\/wp-json\/wp\/v2\/pages\/291\/revisions"}],"predecessor-version":[{"id":646,"href":"https:\/\/ecole.ac-nice.fr\/nice1\/sourgentine\/wp-json\/wp\/v2\/pages\/291\/revisions\/646"}],"wp:attachment":[{"href":"https:\/\/ecole.ac-nice.fr\/nice1\/sourgentine\/wp-json\/wp\/v2\/media?parent=291"}],"curies":[{"name":"wp","href":"https:\/\/api.w.org\/{rel}","templated":true}]}}