{"id":894,"date":"2020-11-26T16:23:50","date_gmt":"2020-11-26T15:23:50","guid":{"rendered":"http:\/\/ecole.ac-nice.fr\/nice1\/papon\/?page_id=894"},"modified":"2020-12-01T14:44:54","modified_gmt":"2020-12-01T13:44:54","slug":"le-reseau-daide","status":"publish","type":"page","link":"https:\/\/ecole.ac-nice.fr\/nice1\/papon\/le-reseau-daide\/","title":{"rendered":"Le r\u00e9seau d&rsquo;aide"},"content":{"rendered":"<p><span style=\"text-decoration: underline;\">La psychologue scolaire : Nathalie BAUMEL<\/span><\/p>\n<p><span class=\"\">Psychologue3.Nice-1@ac-nice.fr<\/span><\/p>\n<p>Tel : 04 92 00 49 12<\/p>\n<p>Bureau\u00a0: \u00e9cole Le Ch\u00e2teau<\/p>\n<p><span style=\"text-decoration: underline;\">Le ma\u00eetre E : Richard KRAFFT<\/span><\/p>\n<p><span style=\"text-decoration: underline;\">L&rsquo;infirmi\u00e8re scolaire : Dawn RUMMING<\/span><\/p>\n<p>04 92 00 44 90<\/p>\n<p><span style=\"text-decoration: underline;\">Le M\u00e9decin scolaire: Le Docteur Caroline NOCCA<\/span><\/p>\n<p>04 97 13 57 49<\/p>\n","protected":false},"excerpt":{"rendered":"<p>La psychologue scolaire : Nathalie BAUMEL Psychologue3.Nice-1@ac-nice.fr Tel : 04 92 00 49 12 Bureau\u00a0: \u00e9cole Le Ch\u00e2teau Le ma\u00eetre E : Richard KRAFFT L&rsquo;infirmi\u00e8re scolaire : Dawn RUMMING 04 92 00 44 90 Le M\u00e9decin scolaire: Le Docteur Caroline NOCCA 04 97 13 57 49<\/p>\n","protected":false},"author":46,"featured_media":0,"parent":0,"menu_order":0,"comment_status":"closed","ping_status":"closed","template":"","meta":{"footnotes":""},"class_list":["post-894","page","type-page","status-publish","hentry"],"_links":{"self":[{"href":"https:\/\/ecole.ac-nice.fr\/nice1\/papon\/wp-json\/wp\/v2\/pages\/894","targetHints":{"allow":["GET"]}}],"collection":[{"href":"https:\/\/ecole.ac-nice.fr\/nice1\/papon\/wp-json\/wp\/v2\/pages"}],"about":[{"href":"https:\/\/ecole.ac-nice.fr\/nice1\/papon\/wp-json\/wp\/v2\/types\/page"}],"author":[{"embeddable":true,"href":"https:\/\/ecole.ac-nice.fr\/nice1\/papon\/wp-json\/wp\/v2\/users\/46"}],"replies":[{"embeddable":true,"href":"https:\/\/ecole.ac-nice.fr\/nice1\/papon\/wp-json\/wp\/v2\/comments?post=894"}],"version-history":[{"count":4,"href":"https:\/\/ecole.ac-nice.fr\/nice1\/papon\/wp-json\/wp\/v2\/pages\/894\/revisions"}],"predecessor-version":[{"id":921,"href":"https:\/\/ecole.ac-nice.fr\/nice1\/papon\/wp-json\/wp\/v2\/pages\/894\/revisions\/921"}],"wp:attachment":[{"href":"https:\/\/ecole.ac-nice.fr\/nice1\/papon\/wp-json\/wp\/v2\/media?parent=894"}],"curies":[{"name":"wp","href":"https:\/\/api.w.org\/{rel}","templated":true}]}}