{"id":683,"date":"2019-11-13T17:12:30","date_gmt":"2019-11-13T16:12:30","guid":{"rendered":"http:\/\/ecole.ac-nice.fr\/nice1\/papon\/?page_id=683"},"modified":"2019-11-14T15:41:57","modified_gmt":"2019-11-14T14:41:57","slug":"contact-de-leconome","status":"publish","type":"page","link":"https:\/\/ecole.ac-nice.fr\/nice1\/papon\/contact-de-leconome\/","title":{"rendered":"Contact de l&rsquo;\u00e9conome"},"content":{"rendered":"<p>\u00c9conome du groupe scolaire JP PAPON:<\/p>\n<p>04.92.00.24.12<\/p>\n<p>Accueil des parents de 8h15 \u00e0 9h00 et de 15h00 \u00e0 15h30<\/p>\n<p>Attention : les enfants absents le matin ne pourront plus \u00eatre accept\u00e9s \u00e0 la cantine \u00e0 11h30.<\/p>\n","protected":false},"excerpt":{"rendered":"<p>\u00c9conome du groupe scolaire JP PAPON: 04.92.00.24.12 Accueil des parents de 8h15 \u00e0 9h00 et de 15h00 \u00e0 15h30 Attention : les enfants absents le matin ne pourront plus \u00eatre accept\u00e9s \u00e0 la cantine \u00e0 11h30.<\/p>\n","protected":false},"author":46,"featured_media":0,"parent":0,"menu_order":0,"comment_status":"closed","ping_status":"closed","template":"","meta":{"footnotes":""},"class_list":["post-683","page","type-page","status-publish","hentry"],"_links":{"self":[{"href":"https:\/\/ecole.ac-nice.fr\/nice1\/papon\/wp-json\/wp\/v2\/pages\/683","targetHints":{"allow":["GET"]}}],"collection":[{"href":"https:\/\/ecole.ac-nice.fr\/nice1\/papon\/wp-json\/wp\/v2\/pages"}],"about":[{"href":"https:\/\/ecole.ac-nice.fr\/nice1\/papon\/wp-json\/wp\/v2\/types\/page"}],"author":[{"embeddable":true,"href":"https:\/\/ecole.ac-nice.fr\/nice1\/papon\/wp-json\/wp\/v2\/users\/46"}],"replies":[{"embeddable":true,"href":"https:\/\/ecole.ac-nice.fr\/nice1\/papon\/wp-json\/wp\/v2\/comments?post=683"}],"version-history":[{"count":5,"href":"https:\/\/ecole.ac-nice.fr\/nice1\/papon\/wp-json\/wp\/v2\/pages\/683\/revisions"}],"predecessor-version":[{"id":715,"href":"https:\/\/ecole.ac-nice.fr\/nice1\/papon\/wp-json\/wp\/v2\/pages\/683\/revisions\/715"}],"wp:attachment":[{"href":"https:\/\/ecole.ac-nice.fr\/nice1\/papon\/wp-json\/wp\/v2\/media?parent=683"}],"curies":[{"name":"wp","href":"https:\/\/api.w.org\/{rel}","templated":true}]}}