{"id":676,"date":"2019-11-12T18:39:02","date_gmt":"2019-11-12T17:39:02","guid":{"rendered":"http:\/\/ecole.ac-nice.fr\/nice1\/papon\/?page_id=676"},"modified":"2021-11-15T09:34:48","modified_gmt":"2021-11-15T08:34:48","slug":"calendrier-des-activites-sportives-de-lelementaire","status":"publish","type":"page","link":"https:\/\/ecole.ac-nice.fr\/nice1\/papon\/calendrier-des-activites-sportives-de-lelementaire\/","title":{"rendered":"Calendrier des activit\u00e9s sportives de l&rsquo;\u00e9l\u00e9mentaire"},"content":{"rendered":"<p><span style=\"font-family: Arial, sans-serif\"><span style=\"font-size: large\"><u><b>Piscine\u00a0<\/b><\/u>: <\/span><\/span><\/p>\n<p><span style=\"font-family: Arial, sans-serif\"><span style=\"font-size: large\"><span style=\"color: #000000\"><b>Session 1 P2 : du 22 novembre au 17 d\u00e9cembre 2021<\/b><\/span><\/span><\/span><\/p>\n<p><span style=\"font-family: Arial, sans-serif\"><span style=\"font-size: large\">lundi\/ Jeudi\u00a0: CP 10h20\/11h00<\/span><\/span><\/p>\n<p><span style=\"font-family: Arial, sans-serif\"><span style=\"font-size: large\">Mardi <i>Vendredi\u00a0: CP\/<\/i>CE1 10h20\/11h00<\/span><\/span><\/p>\n<p><span style=\"color: #000000\"><span style=\"font-family: Arial, sans-serif\"><span style=\"font-size: large\"><b>Session 2 P3 : du 21 mars au 29 avril 2022<\/b><\/span><\/span><\/span><\/p>\n<p><span style=\"font-family: Arial, sans-serif\"><span style=\"font-size: large\">Mardi <i>Vendredi\u00a0:<\/i>CE1 9h40\/10h20<\/span><\/span><\/p>\n<p><span style=\"font-family: Arial, sans-serif\"><span style=\"font-size: large\"><b>Session 2 P4 : du 23 mai au 03 juin 2022<\/b><\/span><\/span><\/p>\n<p><span style=\"font-family: Arial, sans-serif\"><span style=\"font-size: large\">lundi\/Mardi\/ Jeudi\/<i>Vendredi\u00a0: <\/i>CM1\/CM2 B 10h20\/11h00<\/span><\/span><\/p>\n<p><span style=\"font-family: Arial, sans-serif\"><span style=\"font-size: large\"><b>Session 3 P4 : du 7juin au 17 juin 2022<\/b><\/span><\/span><\/p>\n<p><span style=\"font-family: Arial, sans-serif\"><span style=\"font-size: large\">lundi\/Mardi\/ Jeudi\/<i>Vendredi\u00a0: <\/i>CM2 B 9h00\/9h40<\/span><\/span><\/p>\n<p><span style=\"font-family: Arial, sans-serif\"><span style=\"font-size: large\"><u><b>Ultimate\u00a0<\/b><\/u>: <\/span><\/span><\/p>\n<p><span style=\"font-family: Arial, sans-serif\"><span style=\"font-size: large\"><b>P\u00e9riode 4\u00a0: du 9 mai au 5 juillet <\/b><\/span><\/span><\/p>\n<p><span style=\"font-family: Arial, sans-serif\"><span style=\"font-size: large\">mardi\u00a0: CM1\u00a0 13h45\/14h45<\/span><\/span><\/p>\n<p><span style=\"font-family: Arial, sans-serif\"><span style=\"font-size: large\">CE1\/CE2 15h30\/16h30<\/span><\/span><\/p>\n<p><span style=\"font-family: Arial, sans-serif\"><span style=\"font-size: large\"><u><b>Tennis de table\u00a0: mardi<\/b><\/u><\/span><\/span><\/p>\n<p><span style=\"color: #000000\"><span style=\"font-family: Arial, sans-serif\"><span style=\"font-size: large\"><b>22\/11\/2021 au 04\/02\/2022<\/b><\/span><\/span><\/span><span style=\"color: #000000\"><span style=\"font-family: Arial, sans-serif\"><span style=\"font-size: large\">\u00a0: CM2B 14h30<\/span><\/span><\/span><\/p>\n<p><span style=\"font-family: Arial, sans-serif\"><span style=\"font-size: large\"><span style=\"color: #000000\"><b>21\/02 au 06\/05\/2022<\/b><\/span><span style=\"color: #000000\">\u00a0: CM1\/CM2 B\u00a0: 15h30<\/span><\/span><\/span><\/p>\n<p><span style=\"font-family: Arial, sans-serif\"><span style=\"font-size: large\"><span style=\"color: #000000\"><b>09\/05 au 27\/06\/ 2022<\/b><\/span><span style=\"color: #000000\">\u00a0: CM1\/CM2 A\u00a0: 15h30<\/span><\/span><\/span><\/p>\n<p><span style=\"font-family: Arial, sans-serif\"><span style=\"font-size: large\"><span style=\"color: #000000\"><u><b>Patinoire<\/b><\/u><\/span><\/span><\/span><\/p>\n<p><span style=\"font-family: Arial, sans-serif\"><span style=\"font-size: large\"><span style=\"color: #000000\"><b>P\u00e9riode 2\u00a0: du 22 novembre au 04 f\u00e9vrier 2022<\/b><\/span><\/span><\/span><\/p>\n<p><span style=\"font-family: Arial, sans-serif\"><span style=\"font-size: large\"><span style=\"color: #000000\">Mardi\u00a0: CE2<\/span> 10h00\/11h00<\/span><\/span><\/p>\n","protected":false},"excerpt":{"rendered":"<p>Piscine\u00a0: Session 1 P2 : du 22 novembre au 17 d\u00e9cembre 2021 lundi\/ Jeudi\u00a0: CP 10h20\/11h00 Mardi Vendredi\u00a0: CP\/CE1 10h20\/11h00 Session 2 P3 : du 21 mars au 29 avril 2022 Mardi Vendredi\u00a0:CE1 9h40\/10h20 Session 2 P4 : du 23 mai au 03 juin 2022 lundi\/Mardi\/ Jeudi\/Vendredi\u00a0: CM1\/CM2 B 10h20\/11h00 Session 3 P4 : du &hellip; <a href=\"https:\/\/ecole.ac-nice.fr\/nice1\/papon\/calendrier-des-activites-sportives-de-lelementaire\/\" class=\"more-link\">Continuer la lecture de <span class=\"screen-reader-text\">Calendrier des activit\u00e9s sportives de l&rsquo;\u00e9l\u00e9mentaire<\/span> <span class=\"meta-nav\">&rarr;<\/span><\/a><\/p>\n","protected":false},"author":46,"featured_media":0,"parent":0,"menu_order":0,"comment_status":"closed","ping_status":"closed","template":"","meta":{"footnotes":""},"class_list":["post-676","page","type-page","status-publish","hentry"],"_links":{"self":[{"href":"https:\/\/ecole.ac-nice.fr\/nice1\/papon\/wp-json\/wp\/v2\/pages\/676","targetHints":{"allow":["GET"]}}],"collection":[{"href":"https:\/\/ecole.ac-nice.fr\/nice1\/papon\/wp-json\/wp\/v2\/pages"}],"about":[{"href":"https:\/\/ecole.ac-nice.fr\/nice1\/papon\/wp-json\/wp\/v2\/types\/page"}],"author":[{"embeddable":true,"href":"https:\/\/ecole.ac-nice.fr\/nice1\/papon\/wp-json\/wp\/v2\/users\/46"}],"replies":[{"embeddable":true,"href":"https:\/\/ecole.ac-nice.fr\/nice1\/papon\/wp-json\/wp\/v2\/comments?post=676"}],"version-history":[{"count":7,"href":"https:\/\/ecole.ac-nice.fr\/nice1\/papon\/wp-json\/wp\/v2\/pages\/676\/revisions"}],"predecessor-version":[{"id":987,"href":"https:\/\/ecole.ac-nice.fr\/nice1\/papon\/wp-json\/wp\/v2\/pages\/676\/revisions\/987"}],"wp:attachment":[{"href":"https:\/\/ecole.ac-nice.fr\/nice1\/papon\/wp-json\/wp\/v2\/media?parent=676"}],"curies":[{"name":"wp","href":"https:\/\/api.w.org\/{rel}","templated":true}]}}