{"id":652,"date":"2019-11-12T17:09:25","date_gmt":"2019-11-12T16:09:25","guid":{"rendered":"http:\/\/ecole.ac-nice.fr\/nice1\/papon\/?page_id=652"},"modified":"2021-11-15T09:37:23","modified_gmt":"2021-11-15T08:37:23","slug":"lequipe-elementaire","status":"publish","type":"page","link":"https:\/\/ecole.ac-nice.fr\/nice1\/papon\/lequipe-elementaire\/","title":{"rendered":"L&rsquo;\u00e9quipe \u00e9l\u00e9mentaire"},"content":{"rendered":"<p>CP : M Thomas POMMERO<\/p>\n<p>CP\/CE1 : Mme Donia BEN HADJ<\/p>\n<p>CE1 : Mme Sylvie ROGER<\/p>\n<p>CE1\/CE2 : Mme Jo\u00eblle GUICHARD<\/p>\n<p>CE2 : Mme Virginie POUSSEREAU<\/p>\n<p>CM1 : M Jean-Fran\u00e7ois CONSIGLI<\/p>\n<p>CM1\/CM2 A : Mme B\u00e9reng\u00e8re AUBERT<\/p>\n<p>CM1\/CM2 B : Mmes Maelle Barruel et\u00a0 Laura GUICHARD<\/p>\n<p>CM2 B : M Thibaut BERGERET-CRESSI<\/p>\n<p>ULIS : Mme Sophie ROUGE<\/p>\n<p>Nous sommes aid\u00e9s par les agents : Mme CIOCCHETTO, Mme LAGHA, Mme MARIANI<\/p>\n<p>P\u00e9riscolaire : Mme Gillet<\/p>\n","protected":false},"excerpt":{"rendered":"<p>CP : M Thomas POMMERO CP\/CE1 : Mme Donia BEN HADJ CE1 : Mme Sylvie ROGER CE1\/CE2 : Mme Jo\u00eblle GUICHARD CE2 : Mme Virginie POUSSEREAU CM1 : M Jean-Fran\u00e7ois CONSIGLI CM1\/CM2 A : Mme B\u00e9reng\u00e8re AUBERT CM1\/CM2 B : Mmes Maelle Barruel et\u00a0 Laura GUICHARD CM2 B : M Thibaut BERGERET-CRESSI ULIS : Mme &hellip; <a href=\"https:\/\/ecole.ac-nice.fr\/nice1\/papon\/lequipe-elementaire\/\" class=\"more-link\">Continuer la lecture de <span class=\"screen-reader-text\">L&rsquo;\u00e9quipe \u00e9l\u00e9mentaire<\/span> <span class=\"meta-nav\">&rarr;<\/span><\/a><\/p>\n","protected":false},"author":2,"featured_media":0,"parent":0,"menu_order":0,"comment_status":"closed","ping_status":"closed","template":"","meta":{"footnotes":""},"class_list":["post-652","page","type-page","status-publish","hentry"],"_links":{"self":[{"href":"https:\/\/ecole.ac-nice.fr\/nice1\/papon\/wp-json\/wp\/v2\/pages\/652","targetHints":{"allow":["GET"]}}],"collection":[{"href":"https:\/\/ecole.ac-nice.fr\/nice1\/papon\/wp-json\/wp\/v2\/pages"}],"about":[{"href":"https:\/\/ecole.ac-nice.fr\/nice1\/papon\/wp-json\/wp\/v2\/types\/page"}],"author":[{"embeddable":true,"href":"https:\/\/ecole.ac-nice.fr\/nice1\/papon\/wp-json\/wp\/v2\/users\/2"}],"replies":[{"embeddable":true,"href":"https:\/\/ecole.ac-nice.fr\/nice1\/papon\/wp-json\/wp\/v2\/comments?post=652"}],"version-history":[{"count":6,"href":"https:\/\/ecole.ac-nice.fr\/nice1\/papon\/wp-json\/wp\/v2\/pages\/652\/revisions"}],"predecessor-version":[{"id":989,"href":"https:\/\/ecole.ac-nice.fr\/nice1\/papon\/wp-json\/wp\/v2\/pages\/652\/revisions\/989"}],"wp:attachment":[{"href":"https:\/\/ecole.ac-nice.fr\/nice1\/papon\/wp-json\/wp\/v2\/media?parent=652"}],"curies":[{"name":"wp","href":"https:\/\/api.w.org\/{rel}","templated":true}]}}