{"id":407,"date":"2017-03-26T01:59:06","date_gmt":"2017-03-26T00:59:06","guid":{"rendered":"http:\/\/ecole.ac-nice.fr\/nice1\/modele\/?page_id=407"},"modified":"2021-11-15T09:38:39","modified_gmt":"2021-11-15T08:38:39","slug":"horaires","status":"publish","type":"page","link":"https:\/\/ecole.ac-nice.fr\/nice1\/papon\/horaires\/","title":{"rendered":"Horaires"},"content":{"rendered":"<h5>Les enfants ont classe les lundis, mardis, jeudis et vendredis<\/h5>\n<h3><span style=\"text-decoration: underline\"><strong>En maternelle<\/strong><\/span><\/h3>\n<p>Entr\u00e9es :<\/p>\n<ul>\n<li>de 8h20 \u00e0 8h30<\/li>\n<li>de 13h20 \u00e0 13h30<\/li>\n<\/ul>\n<p>Sorties :<\/p>\n<ul>\n<li>11h30<\/li>\n<li>16h30<\/li>\n<\/ul>\n<p>&nbsp;<\/p>\n<h3><span style=\"text-decoration: underline\"><strong>En \u00e9l\u00e9mentaire<\/strong><\/span><\/h3>\n<p>Entr\u00e9es :<\/p>\n<ul>\n<li>de 8h20 \u00e0 8h30<\/li>\n<li>de 13h20 \u00e0 13h30<\/li>\n<\/ul>\n<p>Sorties :<\/p>\n<ul>\n<li>11h30<\/li>\n<li>16h30<\/li>\n<\/ul>\n<p>&nbsp;<\/p>\n<p><strong>Toute arriv\u00e9e en retard perturbe la classe et l\u2019enfant en retard. Aussi il est obligatoire d\u2019\u00eatre ponctuel aux entr\u00e9es des classes. Les nouvelles consignes de s\u00e9curit\u00e9 nous l&rsquo;imposent.<\/strong><\/p>\n","protected":false},"excerpt":{"rendered":"<p>Les enfants ont classe les lundis, mardis, jeudis et vendredis En maternelle Entr\u00e9es : de 8h20 \u00e0 8h30 de 13h20 \u00e0 13h30 Sorties : 11h30 16h30 &nbsp; En \u00e9l\u00e9mentaire Entr\u00e9es : de 8h20 \u00e0 8h30 de 13h20 \u00e0 13h30 Sorties : 11h30 16h30 &nbsp; Toute arriv\u00e9e en retard perturbe la classe et l\u2019enfant en retard. &hellip; <a href=\"https:\/\/ecole.ac-nice.fr\/nice1\/papon\/horaires\/\" class=\"more-link\">Continuer la lecture de <span class=\"screen-reader-text\">Horaires<\/span> <span class=\"meta-nav\">&rarr;<\/span><\/a><\/p>\n","protected":false},"author":2,"featured_media":0,"parent":0,"menu_order":0,"comment_status":"closed","ping_status":"closed","template":"","meta":{"footnotes":""},"class_list":["post-407","page","type-page","status-publish","hentry"],"_links":{"self":[{"href":"https:\/\/ecole.ac-nice.fr\/nice1\/papon\/wp-json\/wp\/v2\/pages\/407","targetHints":{"allow":["GET"]}}],"collection":[{"href":"https:\/\/ecole.ac-nice.fr\/nice1\/papon\/wp-json\/wp\/v2\/pages"}],"about":[{"href":"https:\/\/ecole.ac-nice.fr\/nice1\/papon\/wp-json\/wp\/v2\/types\/page"}],"author":[{"embeddable":true,"href":"https:\/\/ecole.ac-nice.fr\/nice1\/papon\/wp-json\/wp\/v2\/users\/2"}],"replies":[{"embeddable":true,"href":"https:\/\/ecole.ac-nice.fr\/nice1\/papon\/wp-json\/wp\/v2\/comments?post=407"}],"version-history":[{"count":6,"href":"https:\/\/ecole.ac-nice.fr\/nice1\/papon\/wp-json\/wp\/v2\/pages\/407\/revisions"}],"predecessor-version":[{"id":990,"href":"https:\/\/ecole.ac-nice.fr\/nice1\/papon\/wp-json\/wp\/v2\/pages\/407\/revisions\/990"}],"wp:attachment":[{"href":"https:\/\/ecole.ac-nice.fr\/nice1\/papon\/wp-json\/wp\/v2\/media?parent=407"}],"curies":[{"name":"wp","href":"https:\/\/api.w.org\/{rel}","templated":true}]}}