{"id":405,"date":"2017-03-26T01:58:54","date_gmt":"2017-03-26T00:58:54","guid":{"rendered":"http:\/\/ecole.ac-nice.fr\/nice1\/modele\/?page_id=405"},"modified":"2022-01-03T11:37:40","modified_gmt":"2022-01-03T10:37:40","slug":"reglement","status":"publish","type":"page","link":"https:\/\/ecole.ac-nice.fr\/nice1\/papon\/reglement\/","title":{"rendered":"R\u00e8glements et protocoles"},"content":{"rendered":"<p><a href=\"https:\/\/ecole.ac-nice.fr\/nice1\/papon\/wp-content\/uploads\/sites\/27\/2020\/11\/Reglement-interieur-de-lelementaire.pdf\">R\u00e8glement int\u00e9rieur de l&rsquo;\u00e9l\u00e9mentaire<\/a><\/p>\n<p><a href=\"https:\/\/ecole.ac-nice.fr\/nice1\/papon\/wp-content\/uploads\/sites\/27\/2020\/11\/Reglement-interieur-2020-2021.pdf\">R\u00e8glement int\u00e9rieur de la maternelle<\/a><\/p>\n<p><a href=\"https:\/\/ecole.ac-nice.fr\/nice1\/papon\/wp-content\/uploads\/sites\/27\/2022\/01\/faq-coronavirus-93137-1.pdf\">Protocole sanitaire<\/a><\/p>\n<p><a href=\"https:\/\/ecole.ac-nice.fr\/nice1\/papon\/wp-content\/uploads\/sites\/27\/2022\/01\/COVID.pdf\">Que faire en cas de contact avec une personne positive ou si mon enfant est positif?<\/a><\/p>\n<p><a href=\"https:\/\/ecole.ac-nice.fr\/nice1\/papon\/wp-content\/uploads\/sites\/27\/2021\/12\/attestation-sur-lhonneur.odt\">Attestation sur l&rsquo;honneur COVID<\/a><\/p>\n<p><a href=\"https:\/\/ecole.ac-nice.fr\/nice1\/papon\/wp-content\/uploads\/sites\/27\/2022\/01\/Attestation-sur-lhonneur-autotest.pdf\">Attestation sur l&rsquo;honneur autotest<\/a><\/p>\n<p>&nbsp;<\/p>\n","protected":false},"excerpt":{"rendered":"<p>R\u00e8glement int\u00e9rieur de l&rsquo;\u00e9l\u00e9mentaire R\u00e8glement int\u00e9rieur de la maternelle Protocole sanitaire Que faire en cas de contact avec une personne positive ou si mon enfant est positif? Attestation sur l&rsquo;honneur COVID Attestation sur l&rsquo;honneur autotest &nbsp;<\/p>\n","protected":false},"author":2,"featured_media":0,"parent":0,"menu_order":0,"comment_status":"closed","ping_status":"closed","template":"","meta":{"footnotes":""},"class_list":["post-405","page","type-page","status-publish","hentry"],"_links":{"self":[{"href":"https:\/\/ecole.ac-nice.fr\/nice1\/papon\/wp-json\/wp\/v2\/pages\/405","targetHints":{"allow":["GET"]}}],"collection":[{"href":"https:\/\/ecole.ac-nice.fr\/nice1\/papon\/wp-json\/wp\/v2\/pages"}],"about":[{"href":"https:\/\/ecole.ac-nice.fr\/nice1\/papon\/wp-json\/wp\/v2\/types\/page"}],"author":[{"embeddable":true,"href":"https:\/\/ecole.ac-nice.fr\/nice1\/papon\/wp-json\/wp\/v2\/users\/2"}],"replies":[{"embeddable":true,"href":"https:\/\/ecole.ac-nice.fr\/nice1\/papon\/wp-json\/wp\/v2\/comments?post=405"}],"version-history":[{"count":12,"href":"https:\/\/ecole.ac-nice.fr\/nice1\/papon\/wp-json\/wp\/v2\/pages\/405\/revisions"}],"predecessor-version":[{"id":1025,"href":"https:\/\/ecole.ac-nice.fr\/nice1\/papon\/wp-json\/wp\/v2\/pages\/405\/revisions\/1025"}],"wp:attachment":[{"href":"https:\/\/ecole.ac-nice.fr\/nice1\/papon\/wp-json\/wp\/v2\/media?parent=405"}],"curies":[{"name":"wp","href":"https:\/\/api.w.org\/{rel}","templated":true}]}}