{"id":395,"date":"2017-03-26T01:57:22","date_gmt":"2017-03-26T00:57:22","guid":{"rendered":"http:\/\/ecole.ac-nice.fr\/nice1\/modele\/?page_id=395"},"modified":"2020-11-26T10:16:17","modified_gmt":"2020-11-26T09:16:17","slug":"lequipe","status":"publish","type":"page","link":"https:\/\/ecole.ac-nice.fr\/nice1\/papon\/lequipe\/","title":{"rendered":"L&rsquo;\u00e9quipe de la maternelle"},"content":{"rendered":"<p>PS de Fabien BICHELER (ATSEM: C\u00e9cilia)<\/p>\n<p>PS\/MS de G\u00e9raldine MOSCHETTI (ATSEM: Hadidja)<\/p>\n<p>MS de C\u00e9line POVEDA (ATSEM: Marie-Ange)<\/p>\n<p>MS\/GS de\u00a0 Marina CAPPADORO (ATSEM: Marie-Th\u00e9)<\/p>\n<p>GS de Judith ZERMATI et Malicia DI LUCCA (ATSEM: Marl\u00e8ne)<\/p>\n<p>L&rsquo;\u00e9quipe est aid\u00e9e par nos deux agents, Audrey et Eva.<\/p>\n","protected":false},"excerpt":{"rendered":"<p>PS de Fabien BICHELER (ATSEM: C\u00e9cilia) PS\/MS de G\u00e9raldine MOSCHETTI (ATSEM: Hadidja) MS de C\u00e9line POVEDA (ATSEM: Marie-Ange) MS\/GS de\u00a0 Marina CAPPADORO (ATSEM: Marie-Th\u00e9) GS de Judith ZERMATI et Malicia DI LUCCA (ATSEM: Marl\u00e8ne) L&rsquo;\u00e9quipe est aid\u00e9e par nos deux agents, Audrey et Eva.<\/p>\n","protected":false},"author":2,"featured_media":0,"parent":0,"menu_order":0,"comment_status":"closed","ping_status":"closed","template":"","meta":{"footnotes":""},"class_list":["post-395","page","type-page","status-publish","hentry"],"_links":{"self":[{"href":"https:\/\/ecole.ac-nice.fr\/nice1\/papon\/wp-json\/wp\/v2\/pages\/395","targetHints":{"allow":["GET"]}}],"collection":[{"href":"https:\/\/ecole.ac-nice.fr\/nice1\/papon\/wp-json\/wp\/v2\/pages"}],"about":[{"href":"https:\/\/ecole.ac-nice.fr\/nice1\/papon\/wp-json\/wp\/v2\/types\/page"}],"author":[{"embeddable":true,"href":"https:\/\/ecole.ac-nice.fr\/nice1\/papon\/wp-json\/wp\/v2\/users\/2"}],"replies":[{"embeddable":true,"href":"https:\/\/ecole.ac-nice.fr\/nice1\/papon\/wp-json\/wp\/v2\/comments?post=395"}],"version-history":[{"count":8,"href":"https:\/\/ecole.ac-nice.fr\/nice1\/papon\/wp-json\/wp\/v2\/pages\/395\/revisions"}],"predecessor-version":[{"id":888,"href":"https:\/\/ecole.ac-nice.fr\/nice1\/papon\/wp-json\/wp\/v2\/pages\/395\/revisions\/888"}],"wp:attachment":[{"href":"https:\/\/ecole.ac-nice.fr\/nice1\/papon\/wp-json\/wp\/v2\/media?parent=395"}],"curies":[{"name":"wp","href":"https:\/\/api.w.org\/{rel}","templated":true}]}}