{"id":293,"date":"2017-03-25T20:58:40","date_gmt":"2017-03-25T19:58:40","guid":{"rendered":"http:\/\/ecole.ac-nice.fr\/nice1\/modele\/?page_id=293"},"modified":"2020-12-01T14:34:50","modified_gmt":"2020-12-01T13:34:50","slug":"contact","status":"publish","type":"page","link":"https:\/\/ecole.ac-nice.fr\/nice1\/papon\/contact\/","title":{"rendered":"Contact"},"content":{"rendered":"<p><span style=\"color: #000080;\"><strong>Directrice de la maternelle :<\/strong><\/span> Mme Judith ZERMATI<\/p>\n<p><strong><span class=\"_xdb\" style=\"color: #ff0000;\">\u00a0\u00a0\u00a0\u00a0\u00a0\u00a0\u00a0\u00a0\u00a0\u00a0\u00a0\u00a0\u00a0\u00a0\u00a0\u00a0\u00a0\u00a0\u00a0 Adresse :\u00a0<\/span><\/strong> 4, Rue Boyer, 06300 Nice<\/p>\n<p><a href=\"mailto:ecole.0060450G@ac-nice.fr\"><img loading=\"lazy\" decoding=\"async\" class=\"alignleft wp-image-487\" src=\"https:\/\/ecole.ac-nice.fr\/nice1\/peglion\/wp-content\/uploads\/sites\/4\/2017\/03\/envelope-34531_960_720-300x300.png\" alt=\"\" width=\"107\" height=\"107\" \/><\/a> <span style=\"color: #ff0000;\"><strong>Mail :<\/strong><\/span> ecole.0060456n@ac-nice.fr<\/p>\n<p><span class=\"_xdb\" style=\"color: #ff0000;\"><strong>T\u00e9l\u00e9phone :<\/strong> <\/span><span class=\"_Xbe _ZWk kno-fv\">04 92 00 24 16<\/span><\/p>\n<div class=\"mod\">\n<div class=\"_eFb\">\n<div><\/div>\n<div>\n<p>&nbsp;<\/p>\n<p><span style=\"color: #000080;\"><strong>Directrice de l&rsquo;\u00e9l\u00e9mentaire :<\/strong><\/span> Mme Maelle BARRUEL<\/p>\n<p><strong><span class=\"_xdb\" style=\"color: #ff0000;\">\u00a0Adresse :\u00a0<\/span><\/strong> 6, Rue JP PAPON, 06300 Nice <a href=\"mailto:ecole.0060450G@ac-nice.fr\"><img loading=\"lazy\" decoding=\"async\" class=\"alignleft wp-image-487\" src=\"https:\/\/ecole.ac-nice.fr\/nice1\/peglion\/wp-content\/uploads\/sites\/4\/2017\/03\/envelope-34531_960_720-300x300.png\" alt=\"\" width=\"107\" height=\"107\" \/><\/a><\/p>\n<div class=\"_mr kno-fb-ctx\"><span style=\"color: #ff0000;\"><strong>Mail :<\/strong><\/span> ecole.0060455m@ac-nice.fr<\/div>\n<\/div>\n<\/div>\n<div><\/div>\n<div class=\"_eFb\">\n<div>\n<div class=\"_mr kno-fb-ctx\"><strong><span class=\"_xdb\" style=\"color: #ff0000;\">T\u00e9l\u00e9phone : <\/span><\/strong><span class=\"_Xbe _ZWk kno-fv\">04 92 00 24 10<\/span><\/div>\n<div class=\"_mr kno-fb-ctx\"><strong><span class=\"_xdb\" style=\"color: #ff0000;\"> T\u00e9l\u00e9phone : <\/span><\/strong><span class=\"_Xbe _ZWk kno-fv\">04 92 00 24 11<\/span><\/div>\n<\/div>\n<div class=\"_mr kno-fb-ctx\"><\/div>\n<\/div>\n<\/div>\n<p>&nbsp;<\/p>\n","protected":false},"excerpt":{"rendered":"<p>Directrice de la maternelle : Mme Judith ZERMATI \u00a0\u00a0\u00a0\u00a0\u00a0\u00a0\u00a0\u00a0\u00a0\u00a0\u00a0\u00a0\u00a0\u00a0\u00a0\u00a0\u00a0\u00a0\u00a0 Adresse :\u00a0 4, Rue Boyer, 06300 Nice Mail : ecole.0060456n@ac-nice.fr T\u00e9l\u00e9phone : 04 92 00 24 16 &nbsp; Directrice de l&rsquo;\u00e9l\u00e9mentaire : Mme Maelle BARRUEL \u00a0Adresse :\u00a0 6, Rue JP PAPON, 06300 Nice Mail : ecole.0060455m@ac-nice.fr T\u00e9l\u00e9phone : 04 92 00 24 10 T\u00e9l\u00e9phone : 04 &hellip; <a href=\"https:\/\/ecole.ac-nice.fr\/nice1\/papon\/contact\/\" class=\"more-link\">Continuer la lecture de <span class=\"screen-reader-text\">Contact<\/span> <span class=\"meta-nav\">&rarr;<\/span><\/a><\/p>\n","protected":false},"author":2,"featured_media":0,"parent":0,"menu_order":0,"comment_status":"closed","ping_status":"closed","template":"","meta":{"footnotes":""},"class_list":["post-293","page","type-page","status-publish","hentry"],"_links":{"self":[{"href":"https:\/\/ecole.ac-nice.fr\/nice1\/papon\/wp-json\/wp\/v2\/pages\/293","targetHints":{"allow":["GET"]}}],"collection":[{"href":"https:\/\/ecole.ac-nice.fr\/nice1\/papon\/wp-json\/wp\/v2\/pages"}],"about":[{"href":"https:\/\/ecole.ac-nice.fr\/nice1\/papon\/wp-json\/wp\/v2\/types\/page"}],"author":[{"embeddable":true,"href":"https:\/\/ecole.ac-nice.fr\/nice1\/papon\/wp-json\/wp\/v2\/users\/2"}],"replies":[{"embeddable":true,"href":"https:\/\/ecole.ac-nice.fr\/nice1\/papon\/wp-json\/wp\/v2\/comments?post=293"}],"version-history":[{"count":19,"href":"https:\/\/ecole.ac-nice.fr\/nice1\/papon\/wp-json\/wp\/v2\/pages\/293\/revisions"}],"predecessor-version":[{"id":918,"href":"https:\/\/ecole.ac-nice.fr\/nice1\/papon\/wp-json\/wp\/v2\/pages\/293\/revisions\/918"}],"wp:attachment":[{"href":"https:\/\/ecole.ac-nice.fr\/nice1\/papon\/wp-json\/wp\/v2\/media?parent=293"}],"curies":[{"name":"wp","href":"https:\/\/api.w.org\/{rel}","templated":true}]}}