{"id":291,"date":"2017-03-25T20:58:13","date_gmt":"2017-03-25T19:58:13","guid":{"rendered":"http:\/\/ecole.ac-nice.fr\/nice1\/modele\/?page_id=291"},"modified":"2019-11-12T12:55:07","modified_gmt":"2019-11-12T11:55:07","slug":"bienvenue-sur-le-site-de-notre-ecole","status":"publish","type":"page","link":"https:\/\/ecole.ac-nice.fr\/nice1\/papon\/","title":{"rendered":"Bienvenue sur notre site!"},"content":{"rendered":"<table class=\" alignleft\" style=\"width: 100%; border-collapse: collapse; background-color: #bdf1f2;\" cellspacing=\"0\" cellpadding=\"0\">\n<tbody>\n<tr style=\"font-size: 16px;\"><!--?php \/\/\/\/\/\/\/\/ D\u00c9BUT SECTION MATERNELLE \\\\\\\\\\\\\\\\ ?--><\/p>\n<td style=\"width: 100%; background-color: #ffcbba;\">\n<h4 style=\"padding-left: 40px;\"><strong><span style=\"color: #000;\">Les derni\u00e8res nouvelles de l&rsquo;\u00e9cole maternelle<\/span><br \/>\n<\/strong><\/h4>\n<p style=\"margin: 0in; font-family: Calibri; font-size: 16.0pt;\"><ul class=\"lcp_catlist\" id=\"lcp_instance_0\"><\/ul><\/p>\n<p style=\"margin: 0in; font-family: Calibri; font-size: 16.0pt;\"><ul class=\"lcp_catlist\" id=\"lcp_instance_0\"><li><a href=\"https:\/\/ecole.ac-nice.fr\/nice1\/papon\/carnaval-a-la-maternelle\/\">Carnaval \u00e0 la maternelle<\/a><\/li><li><a href=\"https:\/\/ecole.ac-nice.fr\/nice1\/papon\/covid-protocole-du-02-01-2022\/\">COVID &#8211; protocole du 02\/01\/2022<\/a><\/li><li><a href=\"https:\/\/ecole.ac-nice.fr\/nice1\/papon\/la-grande-lessive-2021\/\">La grande lessive 2021<\/a><\/li><li><a href=\"https:\/\/ecole.ac-nice.fr\/nice1\/papon\/informations-covid-4-cas-positifs-a-lecole\/\">INFORMATIONS COVID<\/a><\/li><li><a href=\"https:\/\/ecole.ac-nice.fr\/nice1\/papon\/attention-aux-ecrans-2\/\">Attention aux \u00e9crans! (maternelle)<\/a><\/li><li><a href=\"https:\/\/ecole.ac-nice.fr\/nice1\/papon\/grande-lessive-2020\/\">Grande Lessive 2020<\/a><\/li><li><a href=\"https:\/\/ecole.ac-nice.fr\/nice1\/papon\/inscriptions-pour-lannee-2020-2021\/\">Inscriptions pour l&rsquo;ann\u00e9e 2021\/2022<\/a><\/li><li><a href=\"https:\/\/ecole.ac-nice.fr\/nice1\/papon\/attention-aux-retards\/\">Attention aux retards<\/a><\/li><li><a href=\"https:\/\/ecole.ac-nice.fr\/nice1\/papon\/les-poux-sont-de-retour\/\">Les poux sont de retour !<\/a><\/li><\/ul><\/p>\n<\/td>\n<\/tr>\n<\/tbody>\n<\/table>\n<p>&nbsp;<\/p>\n<table class=\" alignleft\" style=\"width: 100%; border-collapse: collapse; background-color: #87b0e5;\" cellspacing=\"0\" cellpadding=\"0\">\n<tbody>\n<tr style=\"font-size: 16px;\"><!--?php \/\/\/\/\/\/\/\/ D\u00c9BUT SECTION ELEMENTAIRE \\\\\\\\\\\\\\\\ ?--><\/p>\n<td style=\"width: 100%; background-color: #87b0e5;\">\n<h4 style=\"padding-left: 40px;\"><strong><span style=\"color: #000;\">Les derni\u00e8res nouvelles de l&rsquo;\u00e9cole \u00e9l\u00e9mentaire<\/span><br \/>\n<\/strong><\/h4>\n<p style=\"margin: 0in; font-family: Calibri; font-size: 16.0pt;\"><ul class=\"lcp_catlist\" id=\"lcp_instance_0\"><\/ul><\/p>\n<p style=\"margin: 0in; font-family: Calibri; font-size: 16.0pt;\"><ul class=\"lcp_catlist\" id=\"lcp_instance_0\"><li><a href=\"https:\/\/ecole.ac-nice.fr\/nice1\/papon\/la-place-de-la-femme-dans-le-monde-de-lart\/\">La place de la Femme dans le monde de l\u2019Art<\/a><\/li><li><a href=\"https:\/\/ecole.ac-nice.fr\/nice1\/papon\/classe-image\/\">Classe image<\/a><\/li><li><a href=\"https:\/\/ecole.ac-nice.fr\/nice1\/papon\/covid-protocole-du-02-01-2022\/\">COVID &#8211; protocole du 02\/01\/2022<\/a><\/li><li><a href=\"https:\/\/ecole.ac-nice.fr\/nice1\/papon\/visite-de-lauteure-pascale-perrier\/\">Visite de l&rsquo;auteure Pascale Perrier<\/a><\/li><li><a href=\"https:\/\/ecole.ac-nice.fr\/nice1\/papon\/fete-de-la-science-2021-la-matiere-dans-tous-ses-etats\/\">F\u00eate de la science 2021 : la mati\u00e8re dans tous ses \u00e9tats<\/a><\/li><li><a href=\"https:\/\/ecole.ac-nice.fr\/nice1\/papon\/informations-covid-4-cas-positifs-a-lecole\/\">INFORMATIONS COVID<\/a><\/li><li><a href=\"https:\/\/ecole.ac-nice.fr\/nice1\/papon\/carnaval-2021\/\">CARNAVAL 2021<\/a><\/li><li><a href=\"https:\/\/ecole.ac-nice.fr\/nice1\/papon\/attention-aux-ecrans\/\">Attention aux \u00e9crans ! (\u00e9l\u00e9mentaire)<\/a><\/li><li><a href=\"https:\/\/ecole.ac-nice.fr\/nice1\/papon\/inscriptions-pour-lannee-2020-2021\/\">Inscriptions pour l&rsquo;ann\u00e9e 2021\/2022<\/a><\/li><li><a href=\"https:\/\/ecole.ac-nice.fr\/nice1\/papon\/les-poux-sont-de-retour\/\">Les poux sont de retour !<\/a><\/li><\/ul><\/p>\n<\/td>\n<\/tr>\n<\/tbody>\n<\/table>\n","protected":false},"excerpt":{"rendered":"<p>Les derni\u00e8res nouvelles de l&rsquo;\u00e9cole maternelle &nbsp; Les derni\u00e8res nouvelles de l&rsquo;\u00e9cole \u00e9l\u00e9mentaire<\/p>\n","protected":false},"author":2,"featured_media":0,"parent":0,"menu_order":0,"comment_status":"closed","ping_status":"closed","template":"","meta":{"footnotes":""},"class_list":["post-291","page","type-page","status-publish","hentry"],"_links":{"self":[{"href":"https:\/\/ecole.ac-nice.fr\/nice1\/papon\/wp-json\/wp\/v2\/pages\/291","targetHints":{"allow":["GET"]}}],"collection":[{"href":"https:\/\/ecole.ac-nice.fr\/nice1\/papon\/wp-json\/wp\/v2\/pages"}],"about":[{"href":"https:\/\/ecole.ac-nice.fr\/nice1\/papon\/wp-json\/wp\/v2\/types\/page"}],"author":[{"embeddable":true,"href":"https:\/\/ecole.ac-nice.fr\/nice1\/papon\/wp-json\/wp\/v2\/users\/2"}],"replies":[{"embeddable":true,"href":"https:\/\/ecole.ac-nice.fr\/nice1\/papon\/wp-json\/wp\/v2\/comments?post=291"}],"version-history":[{"count":7,"href":"https:\/\/ecole.ac-nice.fr\/nice1\/papon\/wp-json\/wp\/v2\/pages\/291\/revisions"}],"predecessor-version":[{"id":645,"href":"https:\/\/ecole.ac-nice.fr\/nice1\/papon\/wp-json\/wp\/v2\/pages\/291\/revisions\/645"}],"wp:attachment":[{"href":"https:\/\/ecole.ac-nice.fr\/nice1\/papon\/wp-json\/wp\/v2\/media?parent=291"}],"curies":[{"name":"wp","href":"https:\/\/api.w.org\/{rel}","templated":true}]}}