{"id":1020,"date":"2022-01-03T11:22:07","date_gmt":"2022-01-03T10:22:07","guid":{"rendered":"https:\/\/ecole.ac-nice.fr\/nice1\/papon\/?page_id=1020"},"modified":"2022-01-03T11:22:36","modified_gmt":"2022-01-03T10:22:36","slug":"nouvelles-de-lape","status":"publish","type":"page","link":"https:\/\/ecole.ac-nice.fr\/nice1\/papon\/nouvelles-de-lape\/","title":{"rendered":"Nouvelles de l&rsquo;APE"},"content":{"rendered":"<p>Nous remercions toute l&rsquo;\u00e9quipe de l&rsquo;APE pour les diff\u00e9rentes actions men\u00e9es au premier trimestre (go\u00fbters, cadeaux de Noel, Tombola..)<\/p>\n<p>L&rsquo;\u00e9quipe enseignante<\/p>\n","protected":false},"excerpt":{"rendered":"<p>Nous remercions toute l&rsquo;\u00e9quipe de l&rsquo;APE pour les diff\u00e9rentes actions men\u00e9es au premier trimestre (go\u00fbters, cadeaux de Noel, Tombola..) L&rsquo;\u00e9quipe enseignante<\/p>\n","protected":false},"author":46,"featured_media":0,"parent":0,"menu_order":0,"comment_status":"closed","ping_status":"closed","template":"","meta":{"footnotes":""},"class_list":["post-1020","page","type-page","status-publish","hentry"],"_links":{"self":[{"href":"https:\/\/ecole.ac-nice.fr\/nice1\/papon\/wp-json\/wp\/v2\/pages\/1020","targetHints":{"allow":["GET"]}}],"collection":[{"href":"https:\/\/ecole.ac-nice.fr\/nice1\/papon\/wp-json\/wp\/v2\/pages"}],"about":[{"href":"https:\/\/ecole.ac-nice.fr\/nice1\/papon\/wp-json\/wp\/v2\/types\/page"}],"author":[{"embeddable":true,"href":"https:\/\/ecole.ac-nice.fr\/nice1\/papon\/wp-json\/wp\/v2\/users\/46"}],"replies":[{"embeddable":true,"href":"https:\/\/ecole.ac-nice.fr\/nice1\/papon\/wp-json\/wp\/v2\/comments?post=1020"}],"version-history":[{"count":1,"href":"https:\/\/ecole.ac-nice.fr\/nice1\/papon\/wp-json\/wp\/v2\/pages\/1020\/revisions"}],"predecessor-version":[{"id":1021,"href":"https:\/\/ecole.ac-nice.fr\/nice1\/papon\/wp-json\/wp\/v2\/pages\/1020\/revisions\/1021"}],"wp:attachment":[{"href":"https:\/\/ecole.ac-nice.fr\/nice1\/papon\/wp-json\/wp\/v2\/media?parent=1020"}],"curies":[{"name":"wp","href":"https:\/\/api.w.org\/{rel}","templated":true}]}}