{"id":788,"date":"2017-10-08T15:42:47","date_gmt":"2017-10-08T13:42:47","guid":{"rendered":"http:\/\/ecole.ac-nice.fr\/nice1\/marinoni\/?page_id=788"},"modified":"2020-07-27T11:31:30","modified_gmt":"2020-07-27T09:31:30","slug":"dernieres-nouvelles","status":"publish","type":"page","link":"https:\/\/ecole.ac-nice.fr\/nice1\/marinoni\/dernieres-nouvelles\/","title":{"rendered":"Activit\u00e9s"},"content":{"rendered":"<h3>* Dispositif Ecole et Cin\u00e9ma<\/h3>\n<p><em>\u00c9cole et cin\u00e9ma<\/em>\u00a0s&rsquo;adresse au jeune public des 4-12 ans et \u00e0 ses enseignants. Il permet de lier le cin\u00e9ma et l&rsquo;\u00e9cole \u00e0 deux objectifs\u00a0:<\/p>\n<ul>\n<li>Inciter les enfants \u00e0 prendre le chemin de la salle de cin\u00e9ma et leur permettre de s&rsquo;approprier ce lieu de pratique culturelle, de partage, de lien social\u0085<\/li>\n<li>Initier une r\u00e9elle approche du cin\u00e9ma en tant qu&rsquo;art \u00e0 d\u00e9couvrir et \u00e0 aimer\u0085<\/li>\n<\/ul>\n<p><span style=\"text-decoration: underline\">Les films s\u00e9lectionn\u00e9s pour le projet sont <i>:<\/i><\/span><\/p>\n<p>&nbsp;<\/p>\n","protected":false},"excerpt":{"rendered":"<p>* Dispositif Ecole et Cin\u00e9ma \u00c9cole et cin\u00e9ma\u00a0s&rsquo;adresse au jeune public des 4-12 ans et \u00e0 ses enseignants. Il permet de lier [&hellip;]<\/p>\n","protected":false},"author":26,"featured_media":0,"parent":0,"menu_order":0,"comment_status":"closed","ping_status":"closed","template":"","meta":{"footnotes":""},"class_list":["post-788","page","type-page","status-publish","hentry"],"_links":{"self":[{"href":"https:\/\/ecole.ac-nice.fr\/nice1\/marinoni\/wp-json\/wp\/v2\/pages\/788","targetHints":{"allow":["GET"]}}],"collection":[{"href":"https:\/\/ecole.ac-nice.fr\/nice1\/marinoni\/wp-json\/wp\/v2\/pages"}],"about":[{"href":"https:\/\/ecole.ac-nice.fr\/nice1\/marinoni\/wp-json\/wp\/v2\/types\/page"}],"author":[{"embeddable":true,"href":"https:\/\/ecole.ac-nice.fr\/nice1\/marinoni\/wp-json\/wp\/v2\/users\/26"}],"replies":[{"embeddable":true,"href":"https:\/\/ecole.ac-nice.fr\/nice1\/marinoni\/wp-json\/wp\/v2\/comments?post=788"}],"version-history":[{"count":25,"href":"https:\/\/ecole.ac-nice.fr\/nice1\/marinoni\/wp-json\/wp\/v2\/pages\/788\/revisions"}],"predecessor-version":[{"id":990,"href":"https:\/\/ecole.ac-nice.fr\/nice1\/marinoni\/wp-json\/wp\/v2\/pages\/788\/revisions\/990"}],"wp:attachment":[{"href":"https:\/\/ecole.ac-nice.fr\/nice1\/marinoni\/wp-json\/wp\/v2\/media?parent=788"}],"curies":[{"name":"wp","href":"https:\/\/api.w.org\/{rel}","templated":true}]}}