{"id":656,"date":"2017-09-17T15:55:45","date_gmt":"2017-09-17T13:55:45","guid":{"rendered":"http:\/\/ecole.ac-nice.fr\/nice1\/marinoni\/?page_id=656"},"modified":"2022-06-09T15:14:42","modified_gmt":"2022-06-09T13:14:42","slug":"cantine","status":"publish","type":"page","link":"https:\/\/ecole.ac-nice.fr\/nice1\/marinoni\/cantine\/","title":{"rendered":"Cantine"},"content":{"rendered":"<h1>Restauration scolaire<\/h1>\n<p>Pour toutes les questions qui concernent la cantine, les annulations de repas, merci de vous adresser \u00e0 :<\/p>\n<p><em>Madame Laurence Pr\u00e9mieux tel : 04 93 01 32 31\u00a0 &#8211; <a href=\"mailto:laurence.premieux@beaulieusurmer.fr\"><strong>laurence.premieux@beaulieusurmer.fr<\/strong><\/a><\/em><\/p>\n<p>R\u00e9ception du public du lundi au vendredi de 8h30 \u00e0 12h30 et de 13h30 \u00e0 16h30<\/p>\n<p>&nbsp;<\/p>\n<p>&nbsp;<\/p>\n","protected":false},"excerpt":{"rendered":"<p>Restauration scolaire Pour toutes les questions qui concernent la cantine, les annulations de repas, merci de vous adresser \u00e0 : Madame Laurence [&hellip;]<\/p>\n","protected":false},"author":26,"featured_media":0,"parent":0,"menu_order":0,"comment_status":"closed","ping_status":"closed","template":"","meta":{"footnotes":""},"class_list":["post-656","page","type-page","status-publish","hentry"],"_links":{"self":[{"href":"https:\/\/ecole.ac-nice.fr\/nice1\/marinoni\/wp-json\/wp\/v2\/pages\/656","targetHints":{"allow":["GET"]}}],"collection":[{"href":"https:\/\/ecole.ac-nice.fr\/nice1\/marinoni\/wp-json\/wp\/v2\/pages"}],"about":[{"href":"https:\/\/ecole.ac-nice.fr\/nice1\/marinoni\/wp-json\/wp\/v2\/types\/page"}],"author":[{"embeddable":true,"href":"https:\/\/ecole.ac-nice.fr\/nice1\/marinoni\/wp-json\/wp\/v2\/users\/26"}],"replies":[{"embeddable":true,"href":"https:\/\/ecole.ac-nice.fr\/nice1\/marinoni\/wp-json\/wp\/v2\/comments?post=656"}],"version-history":[{"count":24,"href":"https:\/\/ecole.ac-nice.fr\/nice1\/marinoni\/wp-json\/wp\/v2\/pages\/656\/revisions"}],"predecessor-version":[{"id":1017,"href":"https:\/\/ecole.ac-nice.fr\/nice1\/marinoni\/wp-json\/wp\/v2\/pages\/656\/revisions\/1017"}],"wp:attachment":[{"href":"https:\/\/ecole.ac-nice.fr\/nice1\/marinoni\/wp-json\/wp\/v2\/media?parent=656"}],"curies":[{"name":"wp","href":"https:\/\/api.w.org\/{rel}","templated":true}]}}