{"id":409,"date":"2017-03-26T01:59:22","date_gmt":"2017-03-26T00:59:22","guid":{"rendered":"http:\/\/ecole.ac-nice.fr\/nice1\/modele\/?page_id=409"},"modified":"2021-08-01T16:26:15","modified_gmt":"2021-08-01T14:26:15","slug":"rentree","status":"publish","type":"page","link":"https:\/\/ecole.ac-nice.fr\/nice1\/marinoni\/rentree\/","title":{"rendered":"Rentr\u00e9e"},"content":{"rendered":"<p><strong>Tous les \u00e9l\u00e8ves <\/strong>font leur rentr\u00e9e le <strong>m\u00eame jour le jeudi 2 septembre \u00e0 8h30.<\/strong><\/p>\n<p>Les parents ne sont pas autoris\u00e9s \u00e0 entrer dans l&rsquo;\u00e9cole.<\/p>\n<p>Une attention particuli\u00e8re doit \u00eatre port\u00e9e aux abords de l&rsquo;\u00e9tablissement<strong>, <u>en \u00e9vitant tout attroupement<\/u> <\/strong>pr\u00e9judiciable \u00e0 la s\u00e9curit\u00e9 des \u00e9l\u00e8ves et en respectant les gestes barri\u00e8res.<\/p>\n<p>En \u00e9cole primaire,\u00a0il est demand\u00e9 aux familles de<strong> <u>ne pas s&rsquo;attarder devant les portes d&rsquo;acc\u00e8s pendant la d\u00e9pose ou la r\u00e9cup\u00e9ration de leurs enfants.<\/u><\/strong><\/p>\n<p>Merci de votre compr\u00e9hension<\/p>\n<p>&nbsp;<\/p>\n<p>&nbsp;<\/p>\n","protected":false},"excerpt":{"rendered":"<p>Tous les \u00e9l\u00e8ves font leur rentr\u00e9e le m\u00eame jour le jeudi 2 septembre \u00e0 8h30. Les parents ne sont pas autoris\u00e9s \u00e0 [&hellip;]<\/p>\n","protected":false},"author":26,"featured_media":641,"parent":0,"menu_order":0,"comment_status":"closed","ping_status":"closed","template":"","meta":{"footnotes":""},"class_list":["post-409","page","type-page","status-publish","has-post-thumbnail","hentry"],"_links":{"self":[{"href":"https:\/\/ecole.ac-nice.fr\/nice1\/marinoni\/wp-json\/wp\/v2\/pages\/409","targetHints":{"allow":["GET"]}}],"collection":[{"href":"https:\/\/ecole.ac-nice.fr\/nice1\/marinoni\/wp-json\/wp\/v2\/pages"}],"about":[{"href":"https:\/\/ecole.ac-nice.fr\/nice1\/marinoni\/wp-json\/wp\/v2\/types\/page"}],"author":[{"embeddable":true,"href":"https:\/\/ecole.ac-nice.fr\/nice1\/marinoni\/wp-json\/wp\/v2\/users\/26"}],"replies":[{"embeddable":true,"href":"https:\/\/ecole.ac-nice.fr\/nice1\/marinoni\/wp-json\/wp\/v2\/comments?post=409"}],"version-history":[{"count":8,"href":"https:\/\/ecole.ac-nice.fr\/nice1\/marinoni\/wp-json\/wp\/v2\/pages\/409\/revisions"}],"predecessor-version":[{"id":1006,"href":"https:\/\/ecole.ac-nice.fr\/nice1\/marinoni\/wp-json\/wp\/v2\/pages\/409\/revisions\/1006"}],"wp:featuredmedia":[{"embeddable":true,"href":"https:\/\/ecole.ac-nice.fr\/nice1\/marinoni\/wp-json\/wp\/v2\/media\/641"}],"wp:attachment":[{"href":"https:\/\/ecole.ac-nice.fr\/nice1\/marinoni\/wp-json\/wp\/v2\/media?parent=409"}],"curies":[{"name":"wp","href":"https:\/\/api.w.org\/{rel}","templated":true}]}}