{"id":407,"date":"2017-03-26T01:59:06","date_gmt":"2017-03-26T00:59:06","guid":{"rendered":"http:\/\/ecole.ac-nice.fr\/nice1\/modele\/?page_id=407"},"modified":"2017-07-13T10:53:25","modified_gmt":"2017-07-13T08:53:25","slug":"horaires","status":"publish","type":"page","link":"https:\/\/ecole.ac-nice.fr\/nice1\/marinoni\/horaires\/","title":{"rendered":"Horaires"},"content":{"rendered":"<p>Lundi de 8h30 \u00e0 12h00 et de 14h00 \u00e0 16h30<\/p>\n<p>Mardi de 8h30 \u00e0 12h00 et de 14h00 \u00e0 16h30<\/p>\n<p>Pas classe le mercredi<\/p>\n<p>Jeudi de 8h30 \u00e0 12h00 et de 14h00 \u00e0 16h30<\/p>\n<p>Vendredi de 8h30 \u00e0 12h00 et de 14h00 \u00e0 16h30<\/p>\n","protected":false},"excerpt":{"rendered":"<p>Lundi de 8h30 \u00e0 12h00 et de 14h00 \u00e0 16h30 Mardi de 8h30 \u00e0 12h00 et de 14h00 \u00e0 16h30 Pas classe [&hellip;]<\/p>\n","protected":false},"author":26,"featured_media":0,"parent":0,"menu_order":0,"comment_status":"closed","ping_status":"closed","template":"","meta":{"footnotes":""},"class_list":["post-407","page","type-page","status-publish","hentry"],"_links":{"self":[{"href":"https:\/\/ecole.ac-nice.fr\/nice1\/marinoni\/wp-json\/wp\/v2\/pages\/407","targetHints":{"allow":["GET"]}}],"collection":[{"href":"https:\/\/ecole.ac-nice.fr\/nice1\/marinoni\/wp-json\/wp\/v2\/pages"}],"about":[{"href":"https:\/\/ecole.ac-nice.fr\/nice1\/marinoni\/wp-json\/wp\/v2\/types\/page"}],"author":[{"embeddable":true,"href":"https:\/\/ecole.ac-nice.fr\/nice1\/marinoni\/wp-json\/wp\/v2\/users\/26"}],"replies":[{"embeddable":true,"href":"https:\/\/ecole.ac-nice.fr\/nice1\/marinoni\/wp-json\/wp\/v2\/comments?post=407"}],"version-history":[{"count":3,"href":"https:\/\/ecole.ac-nice.fr\/nice1\/marinoni\/wp-json\/wp\/v2\/pages\/407\/revisions"}],"predecessor-version":[{"id":597,"href":"https:\/\/ecole.ac-nice.fr\/nice1\/marinoni\/wp-json\/wp\/v2\/pages\/407\/revisions\/597"}],"wp:attachment":[{"href":"https:\/\/ecole.ac-nice.fr\/nice1\/marinoni\/wp-json\/wp\/v2\/media?parent=407"}],"curies":[{"name":"wp","href":"https:\/\/api.w.org\/{rel}","templated":true}]}}