{"id":397,"date":"2017-03-26T01:57:37","date_gmt":"2017-03-26T00:57:37","guid":{"rendered":"http:\/\/ecole.ac-nice.fr\/nice1\/modele\/?page_id=397"},"modified":"2022-06-09T12:54:16","modified_gmt":"2022-06-09T10:54:16","slug":"presentation","status":"publish","type":"page","link":"https:\/\/ecole.ac-nice.fr\/nice1\/marinoni\/presentation\/","title":{"rendered":"Pr\u00e9sentation de l&rsquo;\u00e9cole"},"content":{"rendered":"<p>Cette ann\u00e9e l&rsquo;\u00e9cole accueille 193 \u00e9l\u00e8ves.<\/p>\n<p>L&rsquo;\u00e9cole Marinoni est l&rsquo;unique \u00e9cole \u00e9l\u00e9mentaire de la commune, situ\u00e9e juste \u00e0 c\u00f4t\u00e9 de l&rsquo;\u00e9cole maternelle Lou Nistou, elle est compos\u00e9e de 8 classes dont 2 cours doubles.<\/p>\n<p>L&rsquo;\u00e9cole a la chance de b\u00e9n\u00e9ficier d&rsquo;interventions ext\u00e9rieures en musique, informatique, EPS avec l&rsquo;activit\u00e9 voile et Anglais), une psychologue scolaire et une enseignante UPE2A (\u00e9l\u00e8ves allophones) interviennent \u00e9galement sur l&rsquo;\u00e9cole en cas de besoin.<\/p>\n<p><img loading=\"lazy\" decoding=\"async\" class=\"size-medium wp-image-565 alignleft\" src=\"https:\/\/ecole.ac-nice.fr\/nice1\/marinoni\/wp-content\/uploads\/sites\/19\/2017\/06\/photo-ecole-300x200.jpg\" alt=\"\" width=\"300\" height=\"200\" srcset=\"https:\/\/ecole.ac-nice.fr\/nice1\/marinoni\/wp-content\/uploads\/sites\/19\/2017\/06\/photo-ecole-300x200.jpg 300w, https:\/\/ecole.ac-nice.fr\/nice1\/marinoni\/wp-content\/uploads\/sites\/19\/2017\/06\/photo-ecole-768x512.jpg 768w, https:\/\/ecole.ac-nice.fr\/nice1\/marinoni\/wp-content\/uploads\/sites\/19\/2017\/06\/photo-ecole-1024x683.jpg 1024w, https:\/\/ecole.ac-nice.fr\/nice1\/marinoni\/wp-content\/uploads\/sites\/19\/2017\/06\/photo-ecole-1200x800.jpg 1200w\" sizes=\"auto, (max-width: 300px) 100vw, 300px\" \/><\/p>\n","protected":false},"excerpt":{"rendered":"<p>Cette ann\u00e9e l&rsquo;\u00e9cole accueille 193 \u00e9l\u00e8ves. L&rsquo;\u00e9cole Marinoni est l&rsquo;unique \u00e9cole \u00e9l\u00e9mentaire de la commune, situ\u00e9e juste \u00e0 c\u00f4t\u00e9 de l&rsquo;\u00e9cole maternelle [&hellip;]<\/p>\n","protected":false},"author":26,"featured_media":0,"parent":0,"menu_order":0,"comment_status":"closed","ping_status":"closed","template":"","meta":{"footnotes":""},"class_list":["post-397","page","type-page","status-publish","hentry"],"_links":{"self":[{"href":"https:\/\/ecole.ac-nice.fr\/nice1\/marinoni\/wp-json\/wp\/v2\/pages\/397","targetHints":{"allow":["GET"]}}],"collection":[{"href":"https:\/\/ecole.ac-nice.fr\/nice1\/marinoni\/wp-json\/wp\/v2\/pages"}],"about":[{"href":"https:\/\/ecole.ac-nice.fr\/nice1\/marinoni\/wp-json\/wp\/v2\/types\/page"}],"author":[{"embeddable":true,"href":"https:\/\/ecole.ac-nice.fr\/nice1\/marinoni\/wp-json\/wp\/v2\/users\/26"}],"replies":[{"embeddable":true,"href":"https:\/\/ecole.ac-nice.fr\/nice1\/marinoni\/wp-json\/wp\/v2\/comments?post=397"}],"version-history":[{"count":11,"href":"https:\/\/ecole.ac-nice.fr\/nice1\/marinoni\/wp-json\/wp\/v2\/pages\/397\/revisions"}],"predecessor-version":[{"id":1014,"href":"https:\/\/ecole.ac-nice.fr\/nice1\/marinoni\/wp-json\/wp\/v2\/pages\/397\/revisions\/1014"}],"wp:attachment":[{"href":"https:\/\/ecole.ac-nice.fr\/nice1\/marinoni\/wp-json\/wp\/v2\/media?parent=397"}],"curies":[{"name":"wp","href":"https:\/\/api.w.org\/{rel}","templated":true}]}}