{"id":293,"date":"2017-03-25T20:58:40","date_gmt":"2017-03-25T19:58:40","guid":{"rendered":"http:\/\/ecole.ac-nice.fr\/nice1\/modele\/?page_id=293"},"modified":"2022-06-09T12:49:52","modified_gmt":"2022-06-09T10:49:52","slug":"contact","status":"publish","type":"page","link":"https:\/\/ecole.ac-nice.fr\/nice1\/marinoni\/contact\/","title":{"rendered":"Contact"},"content":{"rendered":"<p><span style=\"color: #000080\"><strong>Directrice :<\/strong><\/span> Mme Marie Hue<\/p>\n<p><strong><span class=\"_xdb\" style=\"color: #ff0000\">Adresse : <\/span><\/strong>17 boulevard Paul D\u00e9roul\u00e8de 06310 Beaulieu<a href=\"mailto:ecole.0061594A@ac-nice.fr\"><img loading=\"lazy\" decoding=\"async\" class=\"alignleft wp-image-487\" src=\"https:\/\/ecole.ac-nice.fr\/nice1\/peglion\/wp-content\/uploads\/sites\/4\/2017\/03\/envelope-34531_960_720-300x300.png\" alt=\"\" width=\"107\" height=\"107\" \/><\/a><\/p>\n<div class=\"_mr kno-fb-ctx\"><span style=\"color: #ff0000\"><strong>Mail :<\/strong><\/span> <a href=\"mailto:ecole.0061594A@ac-nice.fr\">ecole.0061594A@ac-nice.fr<\/a><\/div>\n<div class=\"_mr kno-fb-ctx\"><\/div>\n<div class=\"mod\">\n<div class=\"_eFb\">\n<div class=\"_mr kno-fb-ctx\"><span class=\"_xdb\" style=\"color: #ff0000\"><strong>T\u00e9l\u00e9phone :<\/strong> <\/span><span class=\"_Xbe _ZWk kno-fv\">04 93 01 07 63<br \/>\n<\/span><\/div>\n<div class=\"_mr kno-fb-ctx\"><\/div>\n<div><\/div>\n<div><\/div>\n<\/div>\n<\/div>\n","protected":false},"excerpt":{"rendered":"<p>Directrice : Mme Marie Hue Adresse : 17 boulevard Paul D\u00e9roul\u00e8de 06310 Beaulieu Mail : ecole.0061594A@ac-nice.fr T\u00e9l\u00e9phone : 04 93 01 07 [&hellip;]<\/p>\n","protected":false},"author":26,"featured_media":0,"parent":0,"menu_order":0,"comment_status":"closed","ping_status":"closed","template":"","meta":{"footnotes":""},"class_list":["post-293","page","type-page","status-publish","hentry"],"_links":{"self":[{"href":"https:\/\/ecole.ac-nice.fr\/nice1\/marinoni\/wp-json\/wp\/v2\/pages\/293","targetHints":{"allow":["GET"]}}],"collection":[{"href":"https:\/\/ecole.ac-nice.fr\/nice1\/marinoni\/wp-json\/wp\/v2\/pages"}],"about":[{"href":"https:\/\/ecole.ac-nice.fr\/nice1\/marinoni\/wp-json\/wp\/v2\/types\/page"}],"author":[{"embeddable":true,"href":"https:\/\/ecole.ac-nice.fr\/nice1\/marinoni\/wp-json\/wp\/v2\/users\/26"}],"replies":[{"embeddable":true,"href":"https:\/\/ecole.ac-nice.fr\/nice1\/marinoni\/wp-json\/wp\/v2\/comments?post=293"}],"version-history":[{"count":9,"href":"https:\/\/ecole.ac-nice.fr\/nice1\/marinoni\/wp-json\/wp\/v2\/pages\/293\/revisions"}],"predecessor-version":[{"id":1011,"href":"https:\/\/ecole.ac-nice.fr\/nice1\/marinoni\/wp-json\/wp\/v2\/pages\/293\/revisions\/1011"}],"wp:attachment":[{"href":"https:\/\/ecole.ac-nice.fr\/nice1\/marinoni\/wp-json\/wp\/v2\/media?parent=293"}],"curies":[{"name":"wp","href":"https:\/\/api.w.org\/{rel}","templated":true}]}}