{"id":397,"date":"2017-03-26T01:57:37","date_gmt":"2017-03-26T00:57:37","guid":{"rendered":"http:\/\/ecole.ac-nice.fr\/nice1\/modele\/?page_id=397"},"modified":"2021-11-06T15:09:45","modified_gmt":"2021-11-06T14:09:45","slug":"presentation","status":"publish","type":"page","link":"https:\/\/ecole.ac-nice.fr\/nice1\/magnolias\/presentation\/","title":{"rendered":"Pr\u00e9sentation"},"content":{"rendered":"<p>Nous sommes une petite \u00e9cole de 5 classes situ\u00e9e non loin de la Darse.<\/p>\n<p>Notre \u00e9cole a une architecture tr\u00e8s contemporaine qui met en valeur les oeuvres color\u00e9es de nos \u00e9l\u00e8ves qui s\u2019expriment \u00e0 chaque p\u00e9riode de l\u2019ann\u00e9e au travers du projet\u00a0\u00bb Petit Mus\u00e9e\u00a0\u00bb.<\/p>\n<p>Chaque ann\u00e9e, nous participons au spectacle de fin d&rsquo;ann\u00e9e des \u00e9coles \u00e0 la Citadelle de Villefranche sur Mer;\u00a0 nous mettons en place une journ\u00e9e des sciences avec de multiples ateliers scientifiques.<\/p>\n<p><img loading=\"lazy\" decoding=\"async\" class=\"aligncenter size-medium wp-image-2028\" src=\"https:\/\/ecole.ac-nice.fr\/nice1\/magnolias\/wp-content\/uploads\/sites\/18\/2021\/11\/PHOTO-2021-07-03-12-49-46-300x173.jpg\" alt=\"\" width=\"300\" height=\"173\" srcset=\"https:\/\/ecole.ac-nice.fr\/nice1\/magnolias\/wp-content\/uploads\/sites\/18\/2021\/11\/PHOTO-2021-07-03-12-49-46-300x173.jpg 300w, https:\/\/ecole.ac-nice.fr\/nice1\/magnolias\/wp-content\/uploads\/sites\/18\/2021\/11\/PHOTO-2021-07-03-12-49-46.jpg 645w\" sizes=\"auto, (max-width: 300px) 100vw, 300px\" \/><\/p>\n<p>&nbsp;<\/p>\n","protected":false},"excerpt":{"rendered":"<p>Nous sommes une petite \u00e9cole de 5 classes situ\u00e9e non loin de la Darse. Notre \u00e9cole a une architecture tr\u00e8s contemporaine qui met en valeur les oeuvres color\u00e9es de nos \u00e9l\u00e8ves qui s\u2019expriment \u00e0 chaque p\u00e9riode de l\u2019ann\u00e9e au travers du projet\u00a0\u00bb Petit Mus\u00e9e\u00a0\u00bb. Chaque ann\u00e9e, nous participons au spectacle de fin d&rsquo;ann\u00e9e des \u00e9coles &hellip; <a href=\"https:\/\/ecole.ac-nice.fr\/nice1\/magnolias\/presentation\/\" class=\"more-link\">Continuer la lecture de <span class=\"screen-reader-text\">Pr\u00e9sentation<\/span> <span class=\"meta-nav\">&rarr;<\/span><\/a><\/p>\n","protected":false},"author":5,"featured_media":0,"parent":0,"menu_order":0,"comment_status":"closed","ping_status":"closed","template":"","meta":{"footnotes":""},"class_list":["post-397","page","type-page","status-publish","hentry"],"_links":{"self":[{"href":"https:\/\/ecole.ac-nice.fr\/nice1\/magnolias\/wp-json\/wp\/v2\/pages\/397","targetHints":{"allow":["GET"]}}],"collection":[{"href":"https:\/\/ecole.ac-nice.fr\/nice1\/magnolias\/wp-json\/wp\/v2\/pages"}],"about":[{"href":"https:\/\/ecole.ac-nice.fr\/nice1\/magnolias\/wp-json\/wp\/v2\/types\/page"}],"author":[{"embeddable":true,"href":"https:\/\/ecole.ac-nice.fr\/nice1\/magnolias\/wp-json\/wp\/v2\/users\/5"}],"replies":[{"embeddable":true,"href":"https:\/\/ecole.ac-nice.fr\/nice1\/magnolias\/wp-json\/wp\/v2\/comments?post=397"}],"version-history":[{"count":9,"href":"https:\/\/ecole.ac-nice.fr\/nice1\/magnolias\/wp-json\/wp\/v2\/pages\/397\/revisions"}],"predecessor-version":[{"id":2029,"href":"https:\/\/ecole.ac-nice.fr\/nice1\/magnolias\/wp-json\/wp\/v2\/pages\/397\/revisions\/2029"}],"wp:attachment":[{"href":"https:\/\/ecole.ac-nice.fr\/nice1\/magnolias\/wp-json\/wp\/v2\/media?parent=397"}],"curies":[{"name":"wp","href":"https:\/\/api.w.org\/{rel}","templated":true}]}}