{"id":291,"date":"2017-03-25T20:58:13","date_gmt":"2017-03-25T19:58:13","guid":{"rendered":"http:\/\/ecole.ac-nice.fr\/nice1\/modele\/?page_id=291"},"modified":"2023-07-03T15:25:07","modified_gmt":"2023-07-03T13:25:07","slug":"bienvenue-sur-le-site-de-notre-ecole","status":"publish","type":"page","link":"https:\/\/ecole.ac-nice.fr\/nice1\/magnolias\/","title":{"rendered":"Bienvenue sur le site de notre \u00e9cole"},"content":{"rendered":"<p><img loading=\"lazy\" decoding=\"async\" class=\"aligncenter size-medium wp-image-2168\" src=\"http:\/\/ecole.ac-nice.fr\/nice1\/magnolias\/wp-content\/uploads\/sites\/18\/2023\/07\/IMG_4806-225x300.jpg\" alt=\"\" width=\"225\" height=\"300\" srcset=\"https:\/\/ecole.ac-nice.fr\/nice1\/magnolias\/wp-content\/uploads\/sites\/18\/2023\/07\/IMG_4806-225x300.jpg 225w, https:\/\/ecole.ac-nice.fr\/nice1\/magnolias\/wp-content\/uploads\/sites\/18\/2023\/07\/IMG_4806-rotated.jpg 480w\" sizes=\"auto, (max-width: 225px) 100vw, 225px\" \/>Vous trouverez dans la rubrique \u00ab\u00a0L&rsquo;\u00e9cole au fil du temps\u00a0\u00bb les pi\u00e8ces du dossier d&rsquo;inscription et la note de sortie!<\/p>\n<p>Je ne vous retrouverai pas \u00e0 la rentr\u00e9e car je pars \u00e0 la retraite; Madame Fran\u00e7oise Hunstad me remplacera.<\/p>\n<p>Bon \u00e9t\u00e9!<\/p>\n<p>Fran\u00e7oise Grandclaude<\/p>\n<p>&nbsp;<\/p>\n<p>&nbsp;<\/p>\n<p>&nbsp;<\/p>\n<p>&nbsp;<\/p>\n<p>&nbsp;<\/p>\n<p>&nbsp;<\/p>\n<p>&nbsp;<\/p>\n<p><!--more--><\/p>\n<p>&nbsp;<\/p>\n","protected":false},"excerpt":{"rendered":"<p>Vous trouverez dans la rubrique \u00ab\u00a0L&rsquo;\u00e9cole au fil du temps\u00a0\u00bb les pi\u00e8ces du dossier d&rsquo;inscription et la note de sortie! Je ne vous retrouverai pas \u00e0 la rentr\u00e9e car je pars \u00e0 la retraite; Madame Fran\u00e7oise Hunstad me remplacera. Bon \u00e9t\u00e9! Fran\u00e7oise Grandclaude &nbsp; &nbsp; &nbsp; &nbsp; &nbsp; &nbsp; &nbsp;<\/p>\n","protected":false},"author":5,"featured_media":0,"parent":0,"menu_order":0,"comment_status":"closed","ping_status":"closed","template":"","meta":{"footnotes":""},"class_list":["post-291","page","type-page","status-publish","hentry"],"_links":{"self":[{"href":"https:\/\/ecole.ac-nice.fr\/nice1\/magnolias\/wp-json\/wp\/v2\/pages\/291","targetHints":{"allow":["GET"]}}],"collection":[{"href":"https:\/\/ecole.ac-nice.fr\/nice1\/magnolias\/wp-json\/wp\/v2\/pages"}],"about":[{"href":"https:\/\/ecole.ac-nice.fr\/nice1\/magnolias\/wp-json\/wp\/v2\/types\/page"}],"author":[{"embeddable":true,"href":"https:\/\/ecole.ac-nice.fr\/nice1\/magnolias\/wp-json\/wp\/v2\/users\/5"}],"replies":[{"embeddable":true,"href":"https:\/\/ecole.ac-nice.fr\/nice1\/magnolias\/wp-json\/wp\/v2\/comments?post=291"}],"version-history":[{"count":136,"href":"https:\/\/ecole.ac-nice.fr\/nice1\/magnolias\/wp-json\/wp\/v2\/pages\/291\/revisions"}],"predecessor-version":[{"id":2176,"href":"https:\/\/ecole.ac-nice.fr\/nice1\/magnolias\/wp-json\/wp\/v2\/pages\/291\/revisions\/2176"}],"wp:attachment":[{"href":"https:\/\/ecole.ac-nice.fr\/nice1\/magnolias\/wp-json\/wp\/v2\/media?parent=291"}],"curies":[{"name":"wp","href":"https:\/\/api.w.org\/{rel}","templated":true}]}}