{"id":8,"date":"2017-05-06T10:08:28","date_gmt":"2017-05-06T08:08:28","guid":{"rendered":"http:\/\/ecole.ac-nice.fr\/nice1\/clone\/?page_id=8"},"modified":"2019-04-25T16:38:54","modified_gmt":"2019-04-25T14:38:54","slug":"presentation","status":"publish","type":"page","link":"https:\/\/ecole.ac-nice.fr\/nice1\/gianton\/presentation\/","title":{"rendered":"Pr\u00e9sentation"},"content":{"rendered":"<p><!-- [if gte mso 9]&gt;--><\/p>\n<p style=\"text-align: center\"><span style=\"color: #3366ff\"><span style=\"font-size: large\"><span style=\"font-family: Comic Sans MS\">Ce village vaut bien un reportage.<\/span><\/span><\/span><\/p>\n<p class=\"MsoNormal\" style=\"margin-bottom: 0.0001pt;line-height: normal\"><span style=\"font-size: 14pt\">\u00a0<\/span><\/p>\n<p class=\"MsoNormal\" style=\"margin-bottom: 0.0001pt;line-height: normal\"><span style=\"font-family: 'times new roman', times, serif;font-size: 16px\">Aujourd&rsquo;hui nous allons vous pr\u00e9senter un village:\u00a0<\/span><\/p>\n<p>&nbsp;<\/p>\n<p class=\"MsoNormal\" style=\"margin-bottom: 0.0001pt;line-height: normal;text-align: center\"><span style=\"font-size: 20px;font-family: 'times new roman', times, serif\"><span style=\"color: #ff6600\"><strong>Le village d&rsquo;Eze<\/strong><\/span><\/span><\/p>\n<p>&nbsp;<\/p>\n<p class=\"MsoNormal\" style=\"margin-bottom: 0.0001pt;line-height: normal;text-align: justify\"><span style=\"font-size: 16px;font-family: 'times new roman', times, serif\">Il est plein de secrets, de sites incroyables et un pass\u00e9 passionnant. Des rues magnifiques gr\u00e2ce \u00e0 ses portes et fen\u00eatres, un ch\u00e2teau en ruine, une \u00e9glise datant du XII<sup>\u00e8me<\/sup>, un jardin exotique\u00a0et plein d&rsquo;autres choses encore.<\/span><\/p>\n<p class=\"MsoNormal\" style=\"margin-bottom: 0.0001pt;line-height: normal;text-align: justify\"><span style=\"font-family: 'times new roman', times, serif;font-size: 16px\">Il vaut bien un reportage, c&rsquo;est pour \u00e7a que la classe de CM1\/CM2 est all\u00e9e fouiller ce village extraordinaire.<\/span><\/p>\n<p>&nbsp;<\/p>\n<p style=\"text-align: center\"><span style=\"font-size: 20px\"><strong><span style=\"font-family: 'times new roman', times, serif;color: #ff6600\">Les lieux \u00e0 visiter<\/span><\/strong><\/span><\/p>\n<p><span style=\"text-decoration: underline;font-size: 16px\"><span style=\"font-family: 'times new roman', times, serif\"><strong>La place du centenaire<\/strong>:<\/span><\/span><\/p>\n<p><span style=\"font-family: 'times new roman', times, serif;font-size: 16px\">La place du centenaire est la derni\u00e8re \u00e9tape avant d&rsquo;entrer dans le village.<\/span><br \/>\n<span style=\"font-family: 'times new roman', times, serif;font-size: 16px\"> Pour monter au village on passe sur la place du centenaire. Maintenant il y a un petit march\u00e9 de sucrerie. Il y a une belle vue sur les montagnes et la mer.<\/span><\/p>\n<p><span style=\"font-family: 'times new roman', times, serif;font-size: 16px\"><strong><span style=\"text-decoration: underline\">La fontaine du Planet<\/span><\/strong>: \u00a0 \u00a0 \u00a0 \u00a0 \u00a0 \u00a0 \u00a0 \u00a0 \u00a0 \u00a0 \u00a0 \u00a0 \u00a0 \u00a0 \u00a0 \u00a0 \u00a0 \u00a0 \u00a0 \u00a0 \u00a0 \u00a0 \u00a0 \u00a0 \u00a0 \u00a0 \u00a0 \u00a0 \u00a0 \u00a0 \u00a0 \u00a0 \u00a0 \u00a0 \u00a0 \u00a0 \u00a0 \u00a0 \u00a0 \u00a0 \u00a0 \u00a0 \u00a0 \u00a0<\/span><\/p>\n<p><span style=\"font-family: 'times new roman', times, serif;font-size: 16px\">Je vais vous parler de la fontaine du Planet. Il y a bien longtemps,l&rsquo;eau n&rsquo;\u00e9tait pas potable , mais cette fontaine \u00e9tait tr\u00e8s belle. Perch\u00e9e sur un piton rocheux, Eze a longtemps souffert du manque d&rsquo;eau. Jusqu&rsquo;\u00e0 une date r\u00e9cente, les habitants devaient la recueillir dans l&rsquo;une des deux citernes ou aller la chercher dans une fontaine situ\u00e9e dans le bas du village. Cette fontaine a trouv\u00e9 sa place dans le village; les touristes s&rsquo;y d\u00e9salt\u00e8rent lors des chaudes journ\u00e9es d&rsquo;\u00e9t\u00e9.<\/span><br \/>\n<span style=\"font-family: 'times new roman', times, serif;font-size: 16px\"> fontaine-manon.jpg<\/span><\/p>\n<p><span style=\"font-family: 'times new roman', times, serif;font-size: 16px\"><strong><span style=\"text-decoration: underline\"> La porte des maures<\/span>:<\/strong> \u00a0 \u00a0 \u00a0 \u00a0 \u00a0 \u00a0 \u00a0 \u00a0 \u00a0 \u00a0 \u00a0 \u00a0 \u00a0 \u00a0 \u00a0 \u00a0 \u00a0 \u00a0 \u00a0 \u00a0 \u00a0 \u00a0 \u00a0 \u00a0 \u00a0 \u00a0 \u00a0 \u00a0 \u00a0 \u00a0 \u00a0 \u00a0 \u00a0 \u00a0 \u00a0 \u00a0 \u00a0 \u00a0 \u00a0 \u00a0 \u00a0 \u00a0 \u00a0 \u00a0<\/span><\/p>\n<p><span style=\"font-family: 'times new roman', times, serif;font-size: 16px\">La porte des maures a \u00e9t\u00e9 construite avant l&rsquo;an 900. Elle a \u00e9t\u00e9 faite par les villageois pour permettre de rentrer et sortir en cas d&rsquo;alerte. C&rsquo;est par cette porte que les maures ont envahi le village. Les sarrasins ont envahi le village en 900, \u00e0 l&rsquo;\u00e9poque o\u00f9 ils d\u00e9vastaient la Provence et la Ligurie. Ils occup\u00e8rent la cit\u00e9 pendant 70 ans jusqu&rsquo;\u00e0 la lib\u00e9ration par Guillaume 1er(le comte de Provence).<\/span><\/p>\n<p><span style=\"font-family: 'times new roman', times, serif;font-size: 16px\"><strong><span style=\"text-decoration: underline\">La chapelle de la Sainte-Croix<\/span>:<\/strong> \u00a0 \u00a0 \u00a0 \u00a0 \u00a0 \u00a0 \u00a0 \u00a0 \u00a0 \u00a0 \u00a0 \u00a0 \u00a0 \u00a0 \u00a0 \u00a0 \u00a0 \u00a0 \u00a0 \u00a0 \u00a0 \u00a0 \u00a0 \u00a0 \u00a0 \u00a0 \u00a0 \u00a0 \u00a0 \u00a0 \u00a0 \u00a0 \u00a0 \u00a0 \u00a0 \u00a0 \u00a0<\/span><\/p>\n<p><span style=\"font-family: 'times new roman', times, serif;font-size: 16px\">Michel-Marie Poulain est l&rsquo;auteur de toutes les peintures de la chapelle.<\/span><br \/>\n<span style=\"font-family: 'times new roman', times, serif;font-size: 16px\"> Le parvis est d\u00e9cor\u00e9 de petit galets formant une \u00e9toile.<\/span><\/p>\n<p><span style=\"font-family: 'times new roman', times, serif;font-size: 16px\"><strong><span style=\"text-decoration: underline\">L&rsquo;\u00e9glise<\/span><\/strong>: \u00a0 \u00a0 \u00a0 \u00a0 \u00a0 \u00a0 \u00a0 \u00a0 \u00a0 \u00a0 \u00a0 \u00a0 \u00a0 \u00a0 \u00a0 \u00a0 \u00a0 \u00a0 \u00a0 \u00a0 \u00a0 \u00a0 \u00a0 \u00a0 \u00a0 \u00a0 \u00a0 \u00a0 \u00a0 \u00a0 \u00a0 \u00a0 \u00a0 \u00a0 \u00a0 \u00a0 \u00a0 \u00a0 \u00a0 \u00a0 \u00a0 \u00a0 \u00a0 \u00a0 \u00a0 \u00a0 \u00a0 \u00a0 \u00a0 \u00a0 \u00a0 \u00a0 \u00a0 \u00a0 \u00a0 \u00a0 \u00a0 \u00a0 \u00a0 \u00a0<\/span><\/p>\n<p><span style=\"font-family: 'times new roman', times, serif;font-size: 16px\">L&rsquo;\u00e9glise a \u00e9t\u00e9 construite en 1760 jusqu\u2019\u00e0 1772. La place de l&rsquo;\u00e9glise s&rsquo;appelle la \u00ab fracha \u00bb. On y c\u00e9l\u00e9brait la f\u00eate m\u00e9di\u00e9vale avec les cracheurs de feu. Ils se d\u00e9pla\u00e7aient dans tout le village.<\/span><br \/>\n<span style=\"font-family: 'times new roman', times, serif;font-size: 16px\"> \u00c0 l int\u00e9rieur de l&rsquo;\u00e9glise, mon tonton a des tableaux. Il y a des fresques dans l&rsquo;\u00e9glise. Elle est de couleur beige. Il y a une cloche qui est automatique, elle sonne toute seule. Elle est grosse.<\/span><br \/>\n<span style=\"font-family: 'times new roman', times, serif;font-size: 16px\"> Du jardin exotique, on a une vue du clocher qui est magnifique.<\/span><br \/>\n<span style=\"font-family: 'times new roman', times, serif;font-size: 16px\"> Il y a un cimeti\u00e8re en face.<\/span><\/p>\n<p><span style=\"font-family: 'times new roman', times, serif\"><strong><span style=\"text-decoration: underline\">Le jardin exotique<\/span><\/strong>: \u00a0 \u00a0 \u00a0 \u00a0 \u00a0 \u00a0 \u00a0 \u00a0 \u00a0 \u00a0 \u00a0 \u00a0 \u00a0 \u00a0 \u00a0 \u00a0 \u00a0 \u00a0 \u00a0 \u00a0 \u00a0 \u00a0 \u00a0 \u00a0 \u00a0 \u00a0 \u00a0 \u00a0 \u00a0 \u00a0 \u00a0 \u00a0 \u00a0 \u00a0 \u00a0 \u00a0 \u00a0 \u00a0 \u00a0 \u00a0 \u00a0 \u00a0 \u00a0 \u00a0 \u00a0 \u00a0 \u00a0<\/span><\/p>\n<p><span style=\"font-family: 'times new roman', times, serif\">Le jardin exotique a \u00e9t\u00e9 construit en 1949.<\/span><br \/>\n<span style=\"font-family: 'times new roman', times, serif\"> Il y a des plantes grasses et des cactus.<\/span><br \/>\n<span style=\"font-family: 'times new roman', times, serif\"> Pour se promener il y a des petits chemins qui sont faits de briques rouges.<\/span><br \/>\n<span style=\"font-family: 'times new roman', times, serif\"> C\u2019est un endroit de d\u00e9tente. On a une vue extraordinaire sur la mer et il y a des statues magnifiques. Il y a m\u00eame une petite rivi\u00e8re o\u00f9 on peut jeter des pi\u00e8ces et il y a des poissons. On peut se coucher sur des transats.<\/span><\/p>\n<p style=\"text-align: center\"><span style=\"font-size: 20px\"><strong><span style=\"font-family: 'times new roman', times, serif;color: #ff6600\">Un peu d&rsquo;histoire<\/span><\/strong><\/span><\/p>\n<p><strong><span style=\"text-decoration: underline\"><span style=\"font-family: 'times new roman', times, serif\">La place du centenaire:<\/span><\/span><\/strong><\/p>\n<p><span style=\"font-family: 'times new roman', times, serif\">Sur la place du centenaire il y a une st\u00e8le datant de 1960.<\/span><br \/>\n<span style=\"font-family: 'times new roman', times, serif\">Le rattachement du comt\u00e9 de Nice \u00e0 la France date de 1860.<\/span><br \/>\n<span style=\"font-family: 'times new roman', times, serif\">La place s&rsquo;appelle ainsi parce qu&rsquo;en 1960 les Ezasques y f\u00eat\u00e8rent les cent ans de leur rattachement \u00e0 la France.<\/span><br \/>\n<span style=\"font-family: 'times new roman', times, serif\">photo-placecent2.jpg<\/span><\/p>\n<p><span style=\"font-family: 'times new roman', times, serif\"><strong><span style=\"text-decoration: underline\">Un vieux four dans un village<\/span>:<\/strong><\/span><\/p>\n<p><span style=\"font-family: 'times new roman', times, serif\">Dans le village d&rsquo;Eze (France), il y a un vieux four dans un magasin.Il servait \u00e0 faire cuire le pain. Les gens faisaient leur forme, avec de la p\u00e2te \u00e0 pain. Comme ils n&rsquo;avaient pas de four. Il y avait quelqu&rsquo;un qui se chargeait de le faire cuire.<\/span><\/p>\n<p><span style=\"text-decoration: underline\"><strong><span style=\"font-family: 'times new roman', times, serif\">La fontaine du Planet:<\/span><\/strong><\/span><\/p>\n<p><span style=\"font-family: 'times new roman', times, serif\">Il y a bien longtemps les habitants du village n&rsquo;avaient pas d&rsquo;eau. Mais il y avait les trois ponts o\u00f9 ils pouvaient prendre l&rsquo;eau. Depuis 1924, L&rsquo;italien Samuel Barlow a fait construire une fontaine appel\u00e9e la fontaine du Planet. Et les villageois \u00e9taient contents.<\/span><br \/>\n<span style=\"font-family: 'times new roman', times, serif\">La fontaine \u00e9tait orn\u00e9e d&rsquo;un masque. C&rsquo;\u00e9tait tr\u00e8s efficace surtout l&rsquo;\u00e9t\u00e9.<\/span><\/p>\n<p><span style=\"text-decoration: underline\"><strong><span style=\"font-family: 'times new roman', times, serif\">La porte des maures n&rsquo;a fait que trop de morts:<\/span><\/strong><\/span><\/p>\n<p><span style=\"font-family: 'times new roman', times, serif\">\u00abLes sarrasins arrivent par la mer. Les Ezasques se pr\u00e9cipitent \u00e0 la poterne pour se d\u00e9fendre. Les maures ne passent pas par la poterne mais par la porte des maures, \u00e0 l&rsquo;arri\u00e8re du village, ce qui va surprendre les Ezasques\u00bb.<\/span><br \/>\n<span style=\"font-family: 'times new roman', times, serif\">Tel est le pass\u00e9 de la porte des maures \u00e0 Eze.<\/span><\/p>\n<p><span style=\"text-decoration: underline\"><strong><span style=\"font-family: 'times new roman', times, serif\">La chapelle des p\u00e9nitents blancs:<\/span><\/strong><\/span><\/p>\n<p><span style=\"font-family: 'times new roman', times, serif\">Fond\u00e9e au XIV\u00e8me si\u00e8cle, \u00e0 l&rsquo;\u00e9poque de la peste elle a recueilli des p\u00e9nitents blancs qui aidaient la population Ezasque \u00e0 vaincre la peste avec de grandes mesures d&rsquo;hygi\u00e8ne.<\/span><br \/>\n<span style=\"font-family: 'times new roman', times, serif\">Elle fut r\u00e9nov\u00e9e en 1953.<\/span><\/p>\n<p><span style=\"text-decoration: underline\"><strong><span style=\"font-family: 'times new roman', times, serif\">L&rsquo;\u00e9glise:<\/span><\/strong><\/span><\/p>\n<p><span style=\"font-family: 'times new roman', times, serif\">L&rsquo;\u00e9glise est grande couleur saumon et son clocher couleur or. Elle est belle : \u00e0 l&rsquo;int\u00e9rieur il y a de jolies lumi\u00e8res.<\/span><br \/>\n<span style=\"font-family: 'times new roman', times, serif\">L&rsquo;\u00e9glise a un bon point de vue en haut du village.<\/span><br \/>\n<span style=\"font-family: 'times new roman', times, serif\">Elle a \u00e9t\u00e9 construite en remplacement de la pr\u00e9c\u00e9dente qui tombait en ruines par un architecte italien : Antonio Spinelli entre 1764 et 1778 et gr\u00e2ce aux subsides du duc Charles Emmanuel III.<\/span><\/p>\n<p><span style=\"text-decoration: underline\"><strong><span style=\"font-family: 'times new roman', times, serif\">Le jardin Exotique:<\/span><\/strong><\/span><\/p>\n<p><span style=\"font-family: 'times new roman', times, serif\">Les ruines au sommet du jardin nous rappellent que l&rsquo;histoire du ch\u00e2teau est li\u00e9e \u00e0 celle du village.<\/span><br \/>\n<span style=\"font-family: 'times new roman', times, serif\">L&rsquo;histoire<\/span><br \/>\n<span style=\"font-family: 'times new roman', times, serif\">Le chemin du jardin Exotique est comme un labyrinthe. Les visiteurs viennent beaucoup au village et au jardin Exotique. Si nous allons tout en haut du jardin Exotique, la vue nous impressionne : La mer, l&rsquo;a\u00e9roport, Villefranche , etc. Et apr\u00e8s nous avons la vue sur le ch\u00e2teau. Il ne reste que quelques ruines et des remparts de l&rsquo;ancien ch\u00e2teau fort. Il a \u00e9t\u00e9 d\u00e9truit sur ordre de Louis XIV en 1706. Le jardin Exotique fut cr\u00e9e en 1949.<\/span><\/p>\n","protected":false},"excerpt":{"rendered":"<p>Ce village vaut bien un reportage. \u00a0 Aujourd&rsquo;hui nous allons vous pr\u00e9senter un village:\u00a0 &nbsp; Le village d&rsquo;Eze &nbsp; Il est plein de secrets, de sites incroyables et un pass\u00e9 passionnant. Des rues magnifiques gr\u00e2ce \u00e0 ses portes et fen\u00eatres, un ch\u00e2teau en ruine, une \u00e9glise datant du XII\u00e8me, un jardin exotique\u00a0et plein d&rsquo;autres choses &hellip; <a href=\"https:\/\/ecole.ac-nice.fr\/nice1\/gianton\/presentation\/\" class=\"more-link\">Continuer la lecture de <span class=\"screen-reader-text\">Pr\u00e9sentation<\/span> <span class=\"meta-nav\">&rarr;<\/span><\/a><\/p>\n","protected":false},"author":6,"featured_media":861,"parent":0,"menu_order":0,"comment_status":"closed","ping_status":"closed","template":"","meta":{"footnotes":""},"class_list":["post-8","page","type-page","status-publish","has-post-thumbnail","hentry"],"_links":{"self":[{"href":"https:\/\/ecole.ac-nice.fr\/nice1\/gianton\/wp-json\/wp\/v2\/pages\/8","targetHints":{"allow":["GET"]}}],"collection":[{"href":"https:\/\/ecole.ac-nice.fr\/nice1\/gianton\/wp-json\/wp\/v2\/pages"}],"about":[{"href":"https:\/\/ecole.ac-nice.fr\/nice1\/gianton\/wp-json\/wp\/v2\/types\/page"}],"author":[{"embeddable":true,"href":"https:\/\/ecole.ac-nice.fr\/nice1\/gianton\/wp-json\/wp\/v2\/users\/6"}],"replies":[{"embeddable":true,"href":"https:\/\/ecole.ac-nice.fr\/nice1\/gianton\/wp-json\/wp\/v2\/comments?post=8"}],"version-history":[{"count":17,"href":"https:\/\/ecole.ac-nice.fr\/nice1\/gianton\/wp-json\/wp\/v2\/pages\/8\/revisions"}],"predecessor-version":[{"id":1306,"href":"https:\/\/ecole.ac-nice.fr\/nice1\/gianton\/wp-json\/wp\/v2\/pages\/8\/revisions\/1306"}],"wp:featuredmedia":[{"embeddable":true,"href":"https:\/\/ecole.ac-nice.fr\/nice1\/gianton\/wp-json\/wp\/v2\/media\/861"}],"wp:attachment":[{"href":"https:\/\/ecole.ac-nice.fr\/nice1\/gianton\/wp-json\/wp\/v2\/media?parent=8"}],"curies":[{"name":"wp","href":"https:\/\/api.w.org\/{rel}","templated":true}]}}