{"id":173,"date":"2017-05-07T09:34:20","date_gmt":"2017-05-07T07:34:20","guid":{"rendered":"http:\/\/ecole.ac-nice.fr\/nice1\/clone\/?page_id=173"},"modified":"2025-08-28T11:41:44","modified_gmt":"2025-08-28T09:41:44","slug":"rentree","status":"publish","type":"page","link":"https:\/\/ecole.ac-nice.fr\/nice1\/gianton\/rentree\/","title":{"rendered":"Rentr\u00e9e 2025\/2026"},"content":{"rendered":"<p style=\"text-align: center\"><strong>Rentr\u00e9e scolaire 2025\/2026<\/strong><\/p>\n<p>La rentr\u00e9e des classes aura lieu le<strong> lundi 1er septembre 2025<\/strong><\/p>\n<ul>\n<li>pour les <strong>PS<\/strong>: de fa\u00e7on \u00e9chelonn\u00e9e (un email a \u00e9t\u00e9 envoy\u00e9 en juin \u00e0 chaque famille pour conna\u00eetre les heures d&rsquo;accueil).<\/li>\n<li>pour les <strong>CP:<\/strong> de 8h45 \u00e0 9h00: les \u00e9l\u00e8ves et les parents seront accueillis dans la cour c\u00f4t\u00e9 \u00e9l\u00e9mentaire par l&rsquo;enseignante pour faire connaissance.<\/li>\n<li>pour<strong> toutes les autres classes<\/strong>: les \u00e9l\u00e8ves seront accueillis au portail par les enseignantes de 8h20 \u00e0 8h30. \u00a0 \u00a0 \u00a0 \u00a0 \u00a0 \u00a0 \u00a0 \u00a0 \u00a0 \u00a0 \u00a0 \u00a0 \u00a0 \u00a0 \u00a0 \u00a0 \u00a0 \u00a0 \u00a0 \u00a0 \u00a0 \u00a0 \u00a0 \u00a0 \u00a0 \u00a0 \u00a0 \u00a0 \u00a0 \u00a0 \u00a0 \u00a0 \u00a0 \u00a0 \u00a0 \u00a0 \u00a0 \u00a0 \u00a0 \u00a0 \u00a0 \u00a0 \u00a0 \u00a0 \u00a0 \u00a0 \u00a0 \u00a0 \u00a0 \u00a0 \u00a0 \u00a0 \u00a0 \u00a0 \u00a0 \u00a0 \u00a0 \u00a0 \u00a0 \u00a0 \u00a0 \u00a0 \u00a0 \u00a0 Fermeture des portails \u00e0 8h30.\u00a0 \u00a0 \u00a0 \u00a0 \u00a0 \u00a0 \u00a0 \u00a0 \u00a0 \u00a0 \u00a0 \u00a0 \u00a0 \u00a0 \u00a0 \u00a0 \u00a0 \u00a0 \u00a0 \u00a0 \u00a0 \u00a0 \u00a0 \u00a0 \u00a0 \u00a0 \u00a0 \u00a0 \u00a0 \u00a0 \u00a0 \u00a0 \u00a0 \u00a0 \u00a0 \u00a0 \u00a0 \u00a0 \u00a0 \u00a0 \u00a0 \u00a0 \u00a0 \u00a0 \u00a0 \u00a0 \u00a0 \u00a0 \u00a0 \u00a0 \u00a0Les listes des classes vont \u00eatre affich\u00e9es sur le portail central vendredi 29 ao\u00fbt<\/li>\n<li>\u00a0Nous souhaitons aux enfants et \u00e0 leurs parents une tr\u00e8s bonne rentr\u00e9e scolaire.<br \/>\nCordialement<br \/>\nLa directrice<\/li>\n<\/ul>\n","protected":false},"excerpt":{"rendered":"<p>Rentr\u00e9e scolaire 2025\/2026 La rentr\u00e9e des classes aura lieu le lundi 1er septembre 2025 pour les PS: de fa\u00e7on \u00e9chelonn\u00e9e (un email a \u00e9t\u00e9 envoy\u00e9 en juin \u00e0 chaque famille pour conna\u00eetre les heures d&rsquo;accueil). pour les CP: de 8h45 \u00e0 9h00: les \u00e9l\u00e8ves et les parents seront accueillis dans la cour c\u00f4t\u00e9 \u00e9l\u00e9mentaire par &hellip; <a href=\"https:\/\/ecole.ac-nice.fr\/nice1\/gianton\/rentree\/\" class=\"more-link\">Continuer la lecture de <span class=\"screen-reader-text\">Rentr\u00e9e 2025\/2026<\/span> <span class=\"meta-nav\">&rarr;<\/span><\/a><\/p>\n","protected":false},"author":6,"featured_media":0,"parent":0,"menu_order":0,"comment_status":"closed","ping_status":"closed","template":"","meta":{"footnotes":""},"class_list":["post-173","page","type-page","status-publish","hentry"],"_links":{"self":[{"href":"https:\/\/ecole.ac-nice.fr\/nice1\/gianton\/wp-json\/wp\/v2\/pages\/173","targetHints":{"allow":["GET"]}}],"collection":[{"href":"https:\/\/ecole.ac-nice.fr\/nice1\/gianton\/wp-json\/wp\/v2\/pages"}],"about":[{"href":"https:\/\/ecole.ac-nice.fr\/nice1\/gianton\/wp-json\/wp\/v2\/types\/page"}],"author":[{"embeddable":true,"href":"https:\/\/ecole.ac-nice.fr\/nice1\/gianton\/wp-json\/wp\/v2\/users\/6"}],"replies":[{"embeddable":true,"href":"https:\/\/ecole.ac-nice.fr\/nice1\/gianton\/wp-json\/wp\/v2\/comments?post=173"}],"version-history":[{"count":19,"href":"https:\/\/ecole.ac-nice.fr\/nice1\/gianton\/wp-json\/wp\/v2\/pages\/173\/revisions"}],"predecessor-version":[{"id":2227,"href":"https:\/\/ecole.ac-nice.fr\/nice1\/gianton\/wp-json\/wp\/v2\/pages\/173\/revisions\/2227"}],"wp:attachment":[{"href":"https:\/\/ecole.ac-nice.fr\/nice1\/gianton\/wp-json\/wp\/v2\/media?parent=173"}],"curies":[{"name":"wp","href":"https:\/\/api.w.org\/{rel}","templated":true}]}}