{"id":161,"date":"2017-05-07T09:31:23","date_gmt":"2017-05-07T07:31:23","guid":{"rendered":"http:\/\/ecole.ac-nice.fr\/nice1\/clone\/?page_id=161"},"modified":"2025-10-02T14:52:56","modified_gmt":"2025-10-02T12:52:56","slug":"lequipe","status":"publish","type":"page","link":"https:\/\/ecole.ac-nice.fr\/nice1\/gianton\/lequipe\/","title":{"rendered":"L&rsquo;\u00e9quipe 2025\/2026"},"content":{"rendered":"<p>L&rsquo;\u00e9quipe p\u00e9dagogique est compos\u00e9e de 10 enseignantes dans l&rsquo;\u00e9cole:<\/p>\n<p style=\"text-align: left\">. Muriel GARCIA et LONGERE Clara s&rsquo;occupent de la petite section .<br \/>\n. Doroth\u00e9e HERNANDEZ de la moyenne section.<br \/>\n.\u00a0 Pascale PONS\u00a0 et CHAREYRON Pauline assure la classe de GS le jeudi et 1 vendredi sur 3 (33% de la d\u00e9charge de direction de MMe Pons)<br \/>\n. Jo\u00eblle REDON du CP<br \/>\n. Sophie ROCCHI du CE1<br \/>\n. V\u00e9ronique BOGLIARI du CE2\u00a0 \u00a0 \u00a0 \u00a0 \u00a0 \u00a0 \u00a0 \u00a0 \u00a0 \u00a0 \u00a0 \u00a0 \u00a0 \u00a0 \u00a0 \u00a0 \u00a0 \u00a0 \u00a0 \u00a0 \u00a0 \u00a0 \u00a0 \u00a0 \u00a0 \u00a0 \u00a0 \u00a0 \u00a0 \u00a0 \u00a0 \u00a0 \u00a0 \u00a0 \u00a0 \u00a0 \u00a0 \u00a0 \u00a0 \u00a0 \u00a0 \u00a0 \u00a0 \u00a0 \u00a0 \u00a0 \u00a0 \u00a0 \u00a0 \u00a0 \u00a0 \u00a0 \u00a0 \u00a0 \u00a0 \u00a0 \u00a0 \u00a0BODENES Julie du CM1\u00a0 \u00a0 \u00a0 \u00a0 \u00a0 \u00a0 \u00a0 \u00a0 \u00a0 \u00a0 \u00a0 \u00a0 \u00a0 \u00a0 \u00a0 \u00a0 \u00a0 \u00a0 \u00a0 \u00a0 \u00a0 \u00a0 \u00a0 \u00a0 \u00a0 \u00a0 \u00a0 \u00a0 \u00a0 \u00a0 \u00a0 \u00a0 \u00a0 \u00a0 \u00a0 \u00a0 \u00a0 \u00a0 \u00a0 \u00a0 \u00a0 \u00a0 \u00a0 \u00a0 \u00a0 \u00a0 \u00a0 \u00a0 \u00a0 \u00a0 \u00a0 \u00a0 \u00a0 \u00a0 \u00a0 \u00a0 \u00a0 \u00a0 \u00a0 \u00a0 \u00a0 \u00a0 \u00a0 \u00a0 \u00a0 \u00a0 \u00a0 \u00a0 \u00a0 \u00a0.C\u00e9line SINNONIO du CM2<\/p>\n<p>Dans notre \u00e9cole, il y a plusieurs intervenants sp\u00e9cialis\u00e9s dans un domaine d&rsquo;intervention :<br \/>\n.\u00a0 Magali Mathieu qui s&rsquo;occupe de la BCD<br \/>\n. Delphine Michelin , notre intervenante sportive\u00a0 qui intervient les mardis et jeudis.<br \/>\n. Nathalie CLEVIER qui aide les \u00e9l\u00e8ves de cycles 2 et 3 dans leur travail informatique les mardis et vendredis.<\/p>\n<p>L&rsquo;anglais est enseign\u00e9 \u00e0 partir du CP par les enseignantes de chaque classe, et une initiation \u00e0 l&rsquo;anglais est faite en GS (chants, comptines&#8230;).<\/p>\n","protected":false},"excerpt":{"rendered":"<p>L&rsquo;\u00e9quipe p\u00e9dagogique est compos\u00e9e de 10 enseignantes dans l&rsquo;\u00e9cole: . Muriel GARCIA et LONGERE Clara s&rsquo;occupent de la petite section . . Doroth\u00e9e HERNANDEZ de la moyenne section. .\u00a0 Pascale PONS\u00a0 et CHAREYRON Pauline assure la classe de GS le jeudi et 1 vendredi sur 3 (33% de la d\u00e9charge de direction de MMe Pons) &hellip; <a href=\"https:\/\/ecole.ac-nice.fr\/nice1\/gianton\/lequipe\/\" class=\"more-link\">Continuer la lecture de <span class=\"screen-reader-text\">L&rsquo;\u00e9quipe 2025\/2026<\/span> <span class=\"meta-nav\">&rarr;<\/span><\/a><\/p>\n","protected":false},"author":6,"featured_media":0,"parent":0,"menu_order":0,"comment_status":"closed","ping_status":"closed","template":"","meta":{"footnotes":""},"class_list":["post-161","page","type-page","status-publish","hentry"],"_links":{"self":[{"href":"https:\/\/ecole.ac-nice.fr\/nice1\/gianton\/wp-json\/wp\/v2\/pages\/161","targetHints":{"allow":["GET"]}}],"collection":[{"href":"https:\/\/ecole.ac-nice.fr\/nice1\/gianton\/wp-json\/wp\/v2\/pages"}],"about":[{"href":"https:\/\/ecole.ac-nice.fr\/nice1\/gianton\/wp-json\/wp\/v2\/types\/page"}],"author":[{"embeddable":true,"href":"https:\/\/ecole.ac-nice.fr\/nice1\/gianton\/wp-json\/wp\/v2\/users\/6"}],"replies":[{"embeddable":true,"href":"https:\/\/ecole.ac-nice.fr\/nice1\/gianton\/wp-json\/wp\/v2\/comments?post=161"}],"version-history":[{"count":31,"href":"https:\/\/ecole.ac-nice.fr\/nice1\/gianton\/wp-json\/wp\/v2\/pages\/161\/revisions"}],"predecessor-version":[{"id":2226,"href":"https:\/\/ecole.ac-nice.fr\/nice1\/gianton\/wp-json\/wp\/v2\/pages\/161\/revisions\/2226"}],"wp:attachment":[{"href":"https:\/\/ecole.ac-nice.fr\/nice1\/gianton\/wp-json\/wp\/v2\/media?parent=161"}],"curies":[{"name":"wp","href":"https:\/\/api.w.org\/{rel}","templated":true}]}}