{"id":952,"date":"2019-03-15T14:56:39","date_gmt":"2019-03-15T13:56:39","guid":{"rendered":"http:\/\/ecole.ac-nice.fr\/nice1\/chateaugs\/?page_id=952"},"modified":"2023-02-02T18:21:45","modified_gmt":"2023-02-02T17:21:45","slug":"fcpe-chateau","status":"publish","type":"page","link":"https:\/\/ecole.ac-nice.fr\/nice1\/chateaugs\/fcpe-chateau\/","title":{"rendered":"Associations de parents d&rsquo;\u00e9l\u00e8ves"},"content":{"rendered":"<p>Les publications accessibles par les liens ci-dessous sont ind\u00e9pendantes du groupe scolaire \u00ab\u00a0Le Ch\u00e2teau\u00a0\u00bb. Elles sont sous la seule responsabilit\u00e9 des associations de parents.<\/p>\n<p><strong>\u00c9cole sp\u00e9cialis\u00e9e :<\/strong><\/p>\n<p>Compte Instagram Apedv.regarddons :<br \/>\n<a href=\"https:\/\/www.instagram.com\/apedv.regarddons\/\" target=\"_blank\" rel=\"noopener\">https:\/\/www.instagram.com\/apedv.regarddons\/<\/a><\/p>\n<p><a href=\"http:\/\/regarddons.org\/\" target=\"_blank\" rel=\"noopener\">Page de l&rsquo;association de parents de l&rsquo;\u00e9cole sp\u00e9cialis\u00e9e :<\/a><\/p>\n<p><a href=\"http:\/\/regarddons.org\/\" target=\"_blank\" rel=\"noopener\">\u00a0\u00a0\u00a0\u00a0\u00a0\u00a0\u00a0\u00a0 <\/a><a href=\"http:\/\/regarddons.org\/\" target=\"_blank\" rel=\"noopener\"><img loading=\"lazy\" decoding=\"async\" class=\"alignnone wp-image-2921 size-thumbnail\" src=\"https:\/\/ecole.ac-nice.fr\/nice1\/chateaugs\/wp-content\/uploads\/sites\/24\/2021\/09\/Regarddons-150x79.jpg\" alt=\"\" width=\"150\" height=\"79\" \/><\/a><\/p>\n<p>&#8212;&#8212;&#8212;&#8212;&#8212;&#8212;&#8212;&#8212;&#8212;&#8212;&#8212;&#8212;&#8212;&#8212;&#8212;&#8212;&#8212;&#8212;&#8212;&#8212;&#8212;<\/p>\n<p><strong>\u00c9coles maternelle et \u00e9l\u00e9mentaire :<\/strong><\/p>\n<p><a href=\"https:\/\/www.facebook.com\/Fcpe-%C3%89coles-du-Ch%C3%A2teau-Nice-315803618865335\/\" target=\"_blank\" rel=\"noopener noreferrer\">Page de la FCPE des \u00e9coles du Ch\u00e2teau :<\/a><\/p>\n<p><a href=\"https:\/\/www.facebook.com\/Fcpe-%C3%89coles-du-Ch%C3%A2teau-Nice-315803618865335\/\" target=\"_blank\" rel=\"noopener noreferrer\"><img loading=\"lazy\" decoding=\"async\" class=\"size-medium wp-image-976 alignnone\" src=\"https:\/\/ecole.ac-nice.fr\/nice1\/chateaugs\/wp-content\/uploads\/sites\/24\/2019\/03\/Logo_FCPE-300x145.png\" alt=\"\" width=\"300\" height=\"145\" srcset=\"https:\/\/ecole.ac-nice.fr\/nice1\/chateaugs\/wp-content\/uploads\/sites\/24\/2019\/03\/Logo_FCPE-300x145.png 300w, https:\/\/ecole.ac-nice.fr\/nice1\/chateaugs\/wp-content\/uploads\/sites\/24\/2019\/03\/Logo_FCPE.png 659w\" sizes=\"auto, (max-width: 300px) 100vw, 300px\" \/><\/a><br \/>\n&#8212;&#8212;&#8212;&#8212;&#8212;&#8212;&#8212;&#8212;&#8212;&#8212;&#8212;&#8212;&#8212;&#8212;&#8212;&#8212;&#8212;&#8212;&#8212;&#8212;&#8212;&#8212;&#8212;&#8212;-<\/p>\n<p><strong>Un message de Maja (\u00c9cole sp\u00e9cialis\u00e9e) :<\/strong><\/p>\n<p class=\"gmail_default\">Chers parents exceptionnels,<\/p>\n<p class=\"gmail_default\">Nombre d&rsquo;entre vous m&rsquo;ont demand\u00e9 comment faire un don ou transmettre aux personnes ou comit\u00e9s d&rsquo;entreprises ou fondations qui seraient dans la possibilit\u00e9 et la volont\u00e9 de nous aider pour contribuer \u00e0 la poursuite de nos merveilleux projets qui rendent heureux les enfants.<\/p>\n<p class=\"gmail_default\">Voici donc une vid\u00e9o qui reprend une grande partie de nos projets :<\/p>\n<p class=\"gmail_default\"><a href=\"https:\/\/www.youtube.com\/watch?v=1GbPltn_x98\" target=\"_blank\" rel=\"noopener\">https:\/\/www.youtube.com\/watch?v=1GbPltn_x98<\/a><\/p>\n<p class=\"gmail_default\">Pour faire un don en ligne et contribuer directement\u00a0 aux projets :<\/p>\n<p class=\"gmail_default\"><a href=\"http:\/\/regarddons.org\/faites-un-don\/\" target=\"_blank\" rel=\"noopener\">http:\/\/regarddons.org\/faites-un-don\/<\/a><\/p>\n<p class=\"gmail_default\">Comme mentionn\u00e9 dans la vid\u00e9o, les dons ouvrent droit \u00e0 une d\u00e9duction sur votre imp\u00f4t sur le revenu. Nous pouvons vous faire parvenir le re\u00e7u fiscal, sur demande.<\/p>\n<p class=\"gmail_default\">Nous vous souhaitons de tr\u00e8s belles vacances et restons \u00e0 votre disposition pour vous accompagner dans les difficult\u00e9s administratives et r\u00e9pondre \u00e0 vos besoins.<\/p>\n<p class=\"gmail_default\">Nous sommes avec vous.<\/p>\n<p class=\"gmail_default\">Bien \u00e0 vous tous,<\/p>\n<p class=\"gmail_default\">Maja pour l&rsquo;\u00e9quipe de REGARDDONS<\/p>\n<p>&nbsp;<\/p>\n","protected":false},"excerpt":{"rendered":"<p>Les publications accessibles par les liens ci-dessous sont ind\u00e9pendantes du groupe scolaire \u00ab\u00a0Le Ch\u00e2teau\u00a0\u00bb. Elles sont sous la seule responsabilit\u00e9 des associations de parents. \u00c9cole sp\u00e9cialis\u00e9e : Compte Instagram Apedv.regarddons : https:\/\/www.instagram.com\/apedv.regarddons\/ Page de l&rsquo;association de parents de l&rsquo;\u00e9cole sp\u00e9cialis\u00e9e : \u00a0\u00a0\u00a0\u00a0\u00a0\u00a0\u00a0\u00a0 &#8212;&#8212;&#8212;&#8212;&#8212;&#8212;&#8212;&#8212;&#8212;&#8212;&#8212;&#8212;&#8212;&#8212;&#8212;&#8212;&#8212;&#8212;&#8212;&#8212;&#8212; \u00c9coles maternelle et \u00e9l\u00e9mentaire : Page de la FCPE des \u00e9coles du &hellip; <a href=\"https:\/\/ecole.ac-nice.fr\/nice1\/chateaugs\/fcpe-chateau\/\" class=\"more-link\">Continuer la lecture de <span class=\"screen-reader-text\">Associations de parents d&rsquo;\u00e9l\u00e8ves<\/span> <span class=\"meta-nav\">&rarr;<\/span><\/a><\/p>\n","protected":false},"author":43,"featured_media":0,"parent":0,"menu_order":0,"comment_status":"closed","ping_status":"closed","template":"","meta":{"footnotes":""},"class_list":["post-952","page","type-page","status-publish","hentry"],"_links":{"self":[{"href":"https:\/\/ecole.ac-nice.fr\/nice1\/chateaugs\/wp-json\/wp\/v2\/pages\/952","targetHints":{"allow":["GET"]}}],"collection":[{"href":"https:\/\/ecole.ac-nice.fr\/nice1\/chateaugs\/wp-json\/wp\/v2\/pages"}],"about":[{"href":"https:\/\/ecole.ac-nice.fr\/nice1\/chateaugs\/wp-json\/wp\/v2\/types\/page"}],"author":[{"embeddable":true,"href":"https:\/\/ecole.ac-nice.fr\/nice1\/chateaugs\/wp-json\/wp\/v2\/users\/43"}],"replies":[{"embeddable":true,"href":"https:\/\/ecole.ac-nice.fr\/nice1\/chateaugs\/wp-json\/wp\/v2\/comments?post=952"}],"version-history":[{"count":32,"href":"https:\/\/ecole.ac-nice.fr\/nice1\/chateaugs\/wp-json\/wp\/v2\/pages\/952\/revisions"}],"predecessor-version":[{"id":3308,"href":"https:\/\/ecole.ac-nice.fr\/nice1\/chateaugs\/wp-json\/wp\/v2\/pages\/952\/revisions\/3308"}],"wp:attachment":[{"href":"https:\/\/ecole.ac-nice.fr\/nice1\/chateaugs\/wp-json\/wp\/v2\/media?parent=952"}],"curies":[{"name":"wp","href":"https:\/\/api.w.org\/{rel}","templated":true}]}}