{"id":395,"date":"2017-03-26T01:57:22","date_gmt":"2017-03-26T00:57:22","guid":{"rendered":"http:\/\/ecole.ac-nice.fr\/nice1\/modele\/?page_id=395"},"modified":"2024-06-21T11:42:06","modified_gmt":"2024-06-21T09:42:06","slug":"lequipe","status":"publish","type":"page","link":"https:\/\/ecole.ac-nice.fr\/nice1\/chateaugs\/lequipe\/","title":{"rendered":"Les \u00e9quipes"},"content":{"rendered":"<pre><strong>\u00c9cole sp\u00e9cialis\u00e9e<\/strong> (2024-2025)\r\nClasse 1 : Madame DAMAMME et Sabine\r\nClasse 2 : Madame SAINTILLAN et Yosra\r\nClasse 3 : Madame LE SOBRE et Marilyn\r\nClasse 4 : Madame BARBARAS et une ATSEM \u00e0 nommer (classe \u00e9cole \u00e9l\u00e9m.)\r\nClasse 5 : Madame GRABOWSKI et Rim\r\n\u00c9ducatrice : Lydia - AESH-co : Loetitia\r\nATT : Christelle\r\nReprographe PEP 06 : Philippe FELLENZ\r\nService civique : \u00e0 nommer\r\nDirectrice : Madame COURTOIS<\/pre>\n<pre>\r\n<strong>\u00c9cole sp\u00e9cialis\u00e9e<\/strong> (2023-2024)\r\nClasse 1 : Madame DAMAMME et Sabine\r\nClasse 2 : Madame SIMBENI et \u00c9milie\r\nClasse 3 : Madame LE SOBRE\/ou Madame SORET et Marilyn\r\nClasse 4 : Madame BARBARAS et Yosra (classe \u00e0 l'\u00e9cole \u00e9l\u00e9mentaire)\r\nClasse 5 : Madame PEIRONET et Myriam\r\n\u00c9ducatrice : Lydia - AESH-co : Loetitia\r\nATT : Christelle\r\nReprographe PEP 06 : Philippe FELLENZ\r\nService civique : S\u00e9bastien\r\nDirecteur : Monsieur EDOUARD\r\n\r\n<\/pre>\n","protected":false},"excerpt":{"rendered":"<p>\u00c9cole sp\u00e9cialis\u00e9e (2024-2025) Classe 1 : Madame DAMAMME et Sabine Classe 2 : Madame SAINTILLAN et Yosra Classe 3 : Madame LE SOBRE et Marilyn Classe 4 : Madame BARBARAS et une ATSEM \u00e0 nommer (classe \u00e9cole \u00e9l\u00e9m.) Classe 5 : Madame GRABOWSKI et Rim \u00c9ducatrice : Lydia &#8211; AESH-co : Loetitia ATT : Christelle &hellip; <a href=\"https:\/\/ecole.ac-nice.fr\/nice1\/chateaugs\/lequipe\/\" class=\"more-link\">Continuer la lecture de <span class=\"screen-reader-text\">Les \u00e9quipes<\/span> <span class=\"meta-nav\">&rarr;<\/span><\/a><\/p>\n","protected":false},"author":2,"featured_media":0,"parent":0,"menu_order":0,"comment_status":"closed","ping_status":"closed","template":"","meta":{"footnotes":""},"class_list":["post-395","page","type-page","status-publish","hentry"],"_links":{"self":[{"href":"https:\/\/ecole.ac-nice.fr\/nice1\/chateaugs\/wp-json\/wp\/v2\/pages\/395","targetHints":{"allow":["GET"]}}],"collection":[{"href":"https:\/\/ecole.ac-nice.fr\/nice1\/chateaugs\/wp-json\/wp\/v2\/pages"}],"about":[{"href":"https:\/\/ecole.ac-nice.fr\/nice1\/chateaugs\/wp-json\/wp\/v2\/types\/page"}],"author":[{"embeddable":true,"href":"https:\/\/ecole.ac-nice.fr\/nice1\/chateaugs\/wp-json\/wp\/v2\/users\/2"}],"replies":[{"embeddable":true,"href":"https:\/\/ecole.ac-nice.fr\/nice1\/chateaugs\/wp-json\/wp\/v2\/comments?post=395"}],"version-history":[{"count":38,"href":"https:\/\/ecole.ac-nice.fr\/nice1\/chateaugs\/wp-json\/wp\/v2\/pages\/395\/revisions"}],"predecessor-version":[{"id":3578,"href":"https:\/\/ecole.ac-nice.fr\/nice1\/chateaugs\/wp-json\/wp\/v2\/pages\/395\/revisions\/3578"}],"wp:attachment":[{"href":"https:\/\/ecole.ac-nice.fr\/nice1\/chateaugs\/wp-json\/wp\/v2\/media?parent=395"}],"curies":[{"name":"wp","href":"https:\/\/api.w.org\/{rel}","templated":true}]}}