{"id":291,"date":"2017-03-25T20:58:13","date_gmt":"2017-03-25T19:58:13","guid":{"rendered":"http:\/\/ecole.ac-nice.fr\/nice1\/modele\/?page_id=291"},"modified":"2022-08-24T16:23:12","modified_gmt":"2022-08-24T14:23:12","slug":"bienvenue-sur-le-site-de-notre-ecole","status":"publish","type":"page","link":"https:\/\/ecole.ac-nice.fr\/nice1\/chateaugs\/","title":{"rendered":""},"content":{"rendered":"<h2 style=\"text-align: center\"><span style=\"color: #418cba\">BIENVENUE !<\/span><\/h2>\n<hr \/>\n<table class=\" alignleft\" style=\"width: 100%;border-collapse: collapse;background-color: #bdf1f2\" cellspacing=\"0\" cellpadding=\"0\">\n<tbody>\n<tr style=\"font-size: 16px\">\n<td style=\"width: 100%;background-color: #cbebff;vertical-align: middle\">\n<h4 style=\"padding-left: 40px\"><span style=\"color: #003366\"><strong>Les derni\u00e8res nouvelles de l&rsquo;\u00e9cole \u00e9l\u00e9mentaire<br \/>\n<\/strong><\/span><\/h4>\n<p><span style=\"font-family: arial, helvetica, sans-serif;font-size: 20px\"><ul class=\"lcp_catlist\" id=\"lcp_instance_0\"><li><a href=\"https:\/\/ecole.ac-nice.fr\/nice1\/chateaugs\/31-03-23-concert-a-lecole\/\">31\/03\/2023 CONCERT \u00c0 L\u2019\u00c9COLE<\/a><\/li><li><a href=\"https:\/\/ecole.ac-nice.fr\/nice1\/chateaugs\/23-03-2023-musique-de-la-garde-municipale\/\">23\/03\/2023 MUSIQUE DE LA GARDE MUNICIPALE<\/a><\/li><li><a href=\"https:\/\/ecole.ac-nice.fr\/nice1\/chateaugs\/3389-2\/\">11\/2022 &#8211; 03\/2023 CONCOURS \u00ab\u00a0DROIT DE VIVRE EN PAIX\u00a0\u00bb<\/a><\/li><li><a href=\"https:\/\/ecole.ac-nice.fr\/nice1\/chateaugs\/liste-de-fournitures-scolaires-2022-23\/\">LISTE DE FOURNITURES SCOLAIRES 2022\/23<\/a><\/li><li><a href=\"https:\/\/ecole.ac-nice.fr\/nice1\/chateaugs\/10-06-2022\/\">10\/06\/2022 &#8211; INTERVIEW KIDS MATIN<\/a><\/li><li><a href=\"https:\/\/ecole.ac-nice.fr\/nice1\/chateaugs\/30-05-2022-danse-leurope\/\">30\/05\/2022 &#8211; DANSE L&rsquo;EUROPE!<\/a><\/li><li><a href=\"https:\/\/ecole.ac-nice.fr\/nice1\/chateaugs\/03-05-22-touj-darrie-lou-gym\/\">03\/05\/2022 &#8211; TOUJ DARRI\u00c9 LOU GYM !<\/a><\/li><li><a href=\"https:\/\/ecole.ac-nice.fr\/nice1\/chateaugs\/01-04-2022-quiz-europe-chez-nanaba\/\">01\/04\/2022 &#8211; QUIZ EUROPE CHEZ NANABA<\/a><\/li><li><a href=\"https:\/\/ecole.ac-nice.fr\/nice1\/chateaugs\/26-02-2022-si-jetais-le-chef-de-leurope\/\">26\/02\/2022 &#8211; SI J\u2019\u00c9TAIS LE CHEF DE L&rsquo;EUROPE<\/a><\/li><li><a href=\"https:\/\/ecole.ac-nice.fr\/nice1\/chateaugs\/15-01-2022-lancement-du-projet-europorters\/\">15\/01\/2022 &#8211; LANCEMENT DU PROJET EUROPORTERS<\/a><\/li><\/ul><\/span><\/td>\n<\/tr>\n<tr>\n<td style=\"width: 100%;background-color: #ffffff;vertical-align: middle\"><\/td>\n<\/tr>\n<tr style=\"font-size: 16px\">\n<td style=\"width: 100%;background-color: #ebffcb\">\n<h4 style=\"padding-left: 40px\"><strong>Les derni\u00e8res nouvelles de l&rsquo;\u00e9cole sp\u00e9cialis\u00e9e<br \/>\n<\/strong><\/h4>\n<p><span style=\"font-family: arial, helvetica, sans-serif;font-size: 20px\"><ul class=\"lcp_catlist\" id=\"lcp_instance_0\"><li><a href=\"https:\/\/ecole.ac-nice.fr\/nice1\/chateaugs\/liste-de-fournitures\/\">LISTES DES FOURNITURES de l&rsquo;\u00e9cole sp\u00e9cialis\u00e9e<\/a><\/li><li><a href=\"https:\/\/ecole.ac-nice.fr\/nice1\/chateaugs\/cinema-en-plein-air-le-samedi-15-juin-2024-a-21h30\/\">Apr\u00e8s la f\u00eate du 15 juin<\/a><\/li><li><a href=\"https:\/\/ecole.ac-nice.fr\/nice1\/chateaugs\/3552-2\/\">F\u00eate de l&rsquo;\u00e9cole du samedi 15 juin : une Ode \u00e0 la Joie !<\/a><\/li><li><a href=\"https:\/\/ecole.ac-nice.fr\/nice1\/chateaugs\/notre-mer-nest-pas-une-poublelle\/\">Notre mer n&rsquo;est pas une poublelle !<\/a><\/li><li><a href=\"https:\/\/ecole.ac-nice.fr\/nice1\/chateaugs\/la-chorale-des-ecoles\/\">La chorale des \u00e9coles<\/a><\/li><li><a href=\"https:\/\/ecole.ac-nice.fr\/nice1\/chateaugs\/les-ateliers-de-sylwia\/\">Les ateliers de Sylwia<\/a><\/li><\/ul><\/span><\/td>\n<\/tr>\n<tr style=\"background-color: #ffffff\">\n<td style=\"width: 100%;background-color: #ffffff\"><\/td>\n<\/tr>\n<tr style=\"font-size: 16px\">\n<td style=\"width: 100%;background-color: #ffcbba\">\n<h4 style=\"padding-left: 40px\"><strong><span style=\"color: #003366\">Les derni\u00e8res nouvelles de l&rsquo;\u00e9cole maternelle<\/span><br \/>\n<\/strong><\/h4>\n<p><span style=\"font-family: arial, helvetica, sans-serif;font-size: 20px\"><ul class=\"lcp_catlist\" id=\"lcp_instance_0\"><li><a href=\"https:\/\/ecole.ac-nice.fr\/nice1\/chateaugs\/les-comptines-de-la-classe-de-chloe\/\">Les comptines de la classe de Chlo\u00e9<\/a><\/li><li><a href=\"https:\/\/ecole.ac-nice.fr\/nice1\/chateaugs\/la-chorale-des-ecoles\/\">La chorale des \u00e9coles<\/a><\/li><li><a href=\"https:\/\/ecole.ac-nice.fr\/nice1\/chateaugs\/les-chants-avec-la-classe-de-sophie-et-les-grandes-sections-2019-20\/\">Les chants des CP et des Grandes sections (1)<\/a><\/li><li><a href=\"https:\/\/ecole.ac-nice.fr\/nice1\/chateaugs\/fete-dhalloween-a-lecole-maternelle\/\">F\u00eate d&rsquo;Halloween \u00e0 l&rsquo;\u00e9cole maternelle<\/a><\/li><li><a href=\"https:\/\/ecole.ac-nice.fr\/nice1\/chateaugs\/les-chants-avec-les-classes-de-sophie-et-des-grandes-sections\/\">Les chants avec la classe de Sophie et les Grandes Sections (2018-19)<\/a><\/li><li><a href=\"https:\/\/ecole.ac-nice.fr\/nice1\/chateaugs\/782-2\/\">Les chants avec les classes d&rsquo;Olivia et de St\u00e9phanie (2018-19)<\/a><\/li><\/ul><\/span><\/td>\n<\/tr>\n<\/tbody>\n<\/table>\n<p>&nbsp;<\/p>\n<p>&nbsp;<\/p>\n<p>&nbsp;<\/p>\n<p>&nbsp;<\/p>\n<p>&nbsp;<\/p>\n<p>&nbsp;<\/p>\n<p>&nbsp;<\/p>\n<p>&nbsp;<\/p>\n<p>&nbsp;<\/p>\n<p>&nbsp;<\/p>\n","protected":false},"excerpt":{"rendered":"<p>BIENVENUE ! Les derni\u00e8res nouvelles de l&rsquo;\u00e9cole \u00e9l\u00e9mentaire Les derni\u00e8res nouvelles de l&rsquo;\u00e9cole sp\u00e9cialis\u00e9e Les derni\u00e8res nouvelles de l&rsquo;\u00e9cole maternelle &nbsp; &nbsp; &nbsp; &nbsp; &nbsp; &nbsp; &nbsp; &nbsp; &nbsp; &nbsp;<\/p>\n","protected":false},"author":2,"featured_media":0,"parent":0,"menu_order":0,"comment_status":"closed","ping_status":"closed","template":"","meta":{"footnotes":""},"class_list":["post-291","page","type-page","status-publish","hentry"],"_links":{"self":[{"href":"https:\/\/ecole.ac-nice.fr\/nice1\/chateaugs\/wp-json\/wp\/v2\/pages\/291","targetHints":{"allow":["GET"]}}],"collection":[{"href":"https:\/\/ecole.ac-nice.fr\/nice1\/chateaugs\/wp-json\/wp\/v2\/pages"}],"about":[{"href":"https:\/\/ecole.ac-nice.fr\/nice1\/chateaugs\/wp-json\/wp\/v2\/types\/page"}],"author":[{"embeddable":true,"href":"https:\/\/ecole.ac-nice.fr\/nice1\/chateaugs\/wp-json\/wp\/v2\/users\/2"}],"replies":[{"embeddable":true,"href":"https:\/\/ecole.ac-nice.fr\/nice1\/chateaugs\/wp-json\/wp\/v2\/comments?post=291"}],"version-history":[{"count":225,"href":"https:\/\/ecole.ac-nice.fr\/nice1\/chateaugs\/wp-json\/wp\/v2\/pages\/291\/revisions"}],"predecessor-version":[{"id":3241,"href":"https:\/\/ecole.ac-nice.fr\/nice1\/chateaugs\/wp-json\/wp\/v2\/pages\/291\/revisions\/3241"}],"wp:attachment":[{"href":"https:\/\/ecole.ac-nice.fr\/nice1\/chateaugs\/wp-json\/wp\/v2\/media?parent=291"}],"curies":[{"name":"wp","href":"https:\/\/api.w.org\/{rel}","templated":true}]}}