{"id":2442,"date":"2020-06-25T10:51:56","date_gmt":"2020-06-25T08:51:56","guid":{"rendered":"http:\/\/ecole.ac-nice.fr\/nice1\/chateaugs\/?page_id=2442"},"modified":"2020-06-25T18:28:01","modified_gmt":"2020-06-25T16:28:01","slug":"ecole-du-chateau-escola-den-casteu","status":"publish","type":"page","link":"https:\/\/ecole.ac-nice.fr\/nice1\/chateaugs\/ecole-du-chateau-escola-den-casteu\/","title":{"rendered":"Le site historique des \u00e9coles du Ch\u00e2teau"},"content":{"rendered":"<h4>Un panneau \u00e0 l&rsquo;entr\u00e9e des trois \u00e9coles raconte l&rsquo;histoire du site de notre groupe scolaire, en fran\u00e7ais et en ni\u00e7ois :<\/h4>\n<p>La colline du ch\u00e2teau est un \u00e9peron rocheux culminant \u00e0 92 m, ses pentes sont abruptes et la plate-forme qui la couronne est vaste. Cette situation id\u00e9ale lui a donn\u00e9 une vocation d\u00e9fensive et strat\u00e9gique d\u00e8s l&rsquo;antiquit\u00e9. D\u00e9j\u00e0 les Grecs phoc\u00e9ens choisissent ce site vers 350 avant notre \u00e8re pour y fonder la cit\u00e9 antique Nikaia. Au Moyen \u00c2ge, il abrite une petite ville entour\u00e9e d&rsquo;un mur d&rsquo;enceinte. C&rsquo;est au Xlll<sup>\u00e8me<\/sup> si\u00e8cle, qu&rsquo;un ch\u00e2teau et son donjon sont \u00e9difi\u00e9s par le Comte de Provence, Raimond B\u00e9renger. Au fil des si\u00e8cles, avec les ajouts de bastions et de murs d&rsquo;enceinte, il devient une forteresse r\u00e9put\u00e9e imprenable. A partir de 1388, le ch\u00e2teau devient le si\u00e8ge du pouvoir de la Maison de Savoie ; en effet, le Comt\u00e9 de Nice int\u00e8gre les Etats de Savoie.<\/p>\n<p>L&rsquo;histoire du ch\u00e2teau de Nice est marqu\u00e9e par des assauts auxquels il a vaillamment r\u00e9sist\u00e9, notamment en 1543 lors du si\u00e8ge franco-ottoman au cours duquel Catherine S\u00e9gurane, h\u00e9ro\u00efne ni\u00e7oise s&rsquo;est illustr\u00e9e par sa bravoure. A la suite de ce si\u00e8ge, Emmanuel-Philibert fait ajouter une citadelle pour compl\u00e9ter cet ensemble d\u00e9fensif. La population s&rsquo;installe alors dans la ville basse, actuelle vieille ville, ceintur\u00e9e elle-m\u00eame d&rsquo;un rempart. Le ch\u00e2teau tombera sous les assauts de l&rsquo;arm\u00e9e fran\u00e7aise de 1691 puis de 1706, aboutissant \u00e0 la destruction totale de la citadelle sur ordre de Louis XIV. D\u00e8s lors, Nice perdra pour toujours sa vocation militaire et se tournera vers un nouveau destin, avec le d\u00e9veloppement du tourisme des hivernants. Pendant plus de 100 ans, la colline du ch\u00e2teau restera \u00e0 l&rsquo;\u00e9tat de friche. Seul un cimeti\u00e8re y sera install\u00e9 suite \u00e0 la d\u00e9cision prise en 1783 d&rsquo;inhumer les morts \u00ab en dehors \u00bb des \u00e9glises. En 1822, le roi Charles-F\u00e9lix c\u00e8dera le terrain \u00e0 la Ville de Nice, pour le r\u00e9habiliter en parc et le grand naturaliste ni\u00e7ois Antoine RISSO sera missionn\u00e9 pour son reboisement. Ce parc connaitra des embellissements, en 1844, avec la reconstruction de l&rsquo;ancienne tour Saint-Elme, actuelle tour Bellanda, puis, en 1885, par la cr\u00e9ation d&rsquo;une cascade d\u00e9corative, \u00e0 l&#8217;emplacement de l&rsquo;ancien donjon. Ce lieu embl\u00e9matique du patrimoine ni\u00e7ois fait l&rsquo;objet, encore aujourd&rsquo;hui, de campagnes de fouilles arch\u00e9ologiques et d&rsquo;un important programme de valorisation par la ville de Nice.<\/p>\n<hr \/>\n<p><span style=\"color: #196ab5\">La cou\u00f2la d&rsquo;en Cast\u00e8u es un roucas aut de 92 m, li si\u00e9u puada soun r\u00e8bi e lou plan que la supera es vast. Da l&rsquo;antiquit\u00e0, aquela situacioun ideala li d\u00f2un\u00e8t una voucacioun defensiva e estrategica. Ja, lu Grec foucean chausisson aqu\u00e8u sit vers lou 350 denant lou Crist per li cre\u00e0 la cit\u00e0 antica Nikaia. A l&rsquo;Age-Mejan, lou sit assousta una vila pichina centurada d&rsquo;un barri. Es au s\u00e8coulou XIII que lou Comte d&rsquo;en Prouven\u00e7a Raimoun Berenger bastisse un cast\u00e8u m\u00e9 lou si\u00e9u d\u00f2unjoun. Lou lonc dei s\u00e8cou-lou, m\u00e9 d&rsquo;ajust de bastioun e de barri en mai, ven una fourtalessa renoumada per estre inempadrounibla. A cunt\u00e0 d\u00f2u 1388, lou cast\u00e8u ven lou sedi d\u00f2u poud\u00e9 de la Maioun de Sav\u00f2ia ; d&rsquo;efet, la Countea de Nissa rajougne lu Estat de Sav\u00f2ia.<\/span><\/p>\n<p><span style=\"color: #196ab5\">L&rsquo;istoria d\u00f2u cast\u00e8u de Nissa es marcada per lu assedi qu&rsquo;a sauput remand\u00e0 emb\u00e9 courage, per esemple en lou 1543 durant l&rsquo;assedi franco-outouman quoura Catarina Segurana, erouina nissarda, s&rsquo;ilustr\u00e8t m\u00e9 valantea. En seguida d&rsquo;aquel assedi, Emanu\u00e9u-Filibert para lou cast\u00e8u d&rsquo;una citad\u00e8la per coumplet\u00e0 aquel ensen defensi\u00e9u. Lou desajoucamen de la vila si fa aloura en l&rsquo;atuala vila-vi\u00e8lha qu&rsquo;es finda ela centurada de fourtificacioun. Lou cast\u00e8u calera souta lu assaut de l&rsquo;armada franc\u00e8sa d\u00f2u 1691 pi d\u00f2u 1706. Aquelu assaut s&rsquo;acabon emb\u00e9 la destrucioun toutala de la citadela sus ordre de Louis lou XIV. Nissa perdr\u00e0 aloura per sempre la si\u00e9u voucacioun milit\u00e0ria e s&rsquo;ourienter\u00e0 devers un destin n\u00f2u m\u00e9 lou desvouloupamen d\u00f2u tourisme dei ivernan. Durant mai de 100 an, la cou\u00f2la d&rsquo;en cast\u00e8u ser\u00e0 un gerp. Soulet, un cementeri li ser\u00e0 bastit en seguida de la dechisioun pilhada en lou 1783 de souterr\u00e0 lu mouort \u00ab\u00a0fouora\u00a0\u00bb de li gl\u00e8ia. En lou 1822, lou rei C\u00e0rlou-Felis d\u00f2uner\u00e0 lou terren \u00e0 la Vila de Nissa per fin de lou trasfourm\u00e0 en jardin e lou gran naturalista nissart Antoni Risso aur\u00e0 per toca de l&#8217;embousqu\u00cc. En lou 1844 aqu\u00e8u parc ser\u00e0 embelit emb\u00e9 la recoustrucioun de la tourre anciana Sant-Elme, ancu\u00e8i tourre Bellanda pi, en lou 1885, m\u00e9 la creacioun d&rsquo;una cascada decourativa sus l&#8217;empla\u00e7amen de l&rsquo;ancian d\u00f2unjoun. Ancu\u00e8i, aqueu luec simboulic d\u00f2u patrimoni nissart fa encara l&rsquo;oubjet de cavamen arqueoulougic e d&rsquo;un prougrama impourtant de valourisacioun menat da la Vila de Nissa.<\/span><\/p>\n<h5 style=\"text-align: center\">Le panneau original affich\u00e9 aux entr\u00e9es du groupe scolaire :<\/h5>\n<p style=\"padding-left: 40px\"><a href=\"https:\/\/ecole.ac-nice.fr\/nice1\/chateaugs\/wp-content\/uploads\/sites\/24\/2020\/06\/Panneau1_r.jpg\" target=\"_blank\" rel=\"noopener noreferrer\"><img loading=\"lazy\" decoding=\"async\" class=\"wp-image-2444 size-medium alignnone\" src=\"https:\/\/ecole.ac-nice.fr\/nice1\/chateaugs\/wp-content\/uploads\/sites\/24\/2020\/06\/Panneau1_r-238x300.jpg\" alt=\"\" width=\"238\" height=\"300\" srcset=\"https:\/\/ecole.ac-nice.fr\/nice1\/chateaugs\/wp-content\/uploads\/sites\/24\/2020\/06\/Panneau1_r-238x300.jpg 238w, https:\/\/ecole.ac-nice.fr\/nice1\/chateaugs\/wp-content\/uploads\/sites\/24\/2020\/06\/Panneau1_r-812x1024.jpg 812w, https:\/\/ecole.ac-nice.fr\/nice1\/chateaugs\/wp-content\/uploads\/sites\/24\/2020\/06\/Panneau1_r-768x968.jpg 768w, https:\/\/ecole.ac-nice.fr\/nice1\/chateaugs\/wp-content\/uploads\/sites\/24\/2020\/06\/Panneau1_r-1218x1536.jpg 1218w, https:\/\/ecole.ac-nice.fr\/nice1\/chateaugs\/wp-content\/uploads\/sites\/24\/2020\/06\/Panneau1_r.jpg 1269w\" sizes=\"auto, (max-width: 238px) 100vw, 238px\" \/><\/a><\/p>\n","protected":false},"excerpt":{"rendered":"<p>Un panneau \u00e0 l&rsquo;entr\u00e9e des trois \u00e9coles raconte l&rsquo;histoire du site de notre groupe scolaire, en fran\u00e7ais et en ni\u00e7ois : La colline du ch\u00e2teau est un \u00e9peron rocheux culminant \u00e0 92 m, ses pentes sont abruptes et la plate-forme qui la couronne est vaste. Cette situation id\u00e9ale lui a donn\u00e9 une vocation d\u00e9fensive et &hellip; <a href=\"https:\/\/ecole.ac-nice.fr\/nice1\/chateaugs\/ecole-du-chateau-escola-den-casteu\/\" class=\"more-link\">Continuer la lecture de <span class=\"screen-reader-text\">Le site historique des \u00e9coles du Ch\u00e2teau<\/span> <span class=\"meta-nav\">&rarr;<\/span><\/a><\/p>\n","protected":false},"author":43,"featured_media":0,"parent":0,"menu_order":0,"comment_status":"closed","ping_status":"closed","template":"","meta":{"footnotes":""},"class_list":["post-2442","page","type-page","status-publish","hentry"],"_links":{"self":[{"href":"https:\/\/ecole.ac-nice.fr\/nice1\/chateaugs\/wp-json\/wp\/v2\/pages\/2442","targetHints":{"allow":["GET"]}}],"collection":[{"href":"https:\/\/ecole.ac-nice.fr\/nice1\/chateaugs\/wp-json\/wp\/v2\/pages"}],"about":[{"href":"https:\/\/ecole.ac-nice.fr\/nice1\/chateaugs\/wp-json\/wp\/v2\/types\/page"}],"author":[{"embeddable":true,"href":"https:\/\/ecole.ac-nice.fr\/nice1\/chateaugs\/wp-json\/wp\/v2\/users\/43"}],"replies":[{"embeddable":true,"href":"https:\/\/ecole.ac-nice.fr\/nice1\/chateaugs\/wp-json\/wp\/v2\/comments?post=2442"}],"version-history":[{"count":15,"href":"https:\/\/ecole.ac-nice.fr\/nice1\/chateaugs\/wp-json\/wp\/v2\/pages\/2442\/revisions"}],"predecessor-version":[{"id":2462,"href":"https:\/\/ecole.ac-nice.fr\/nice1\/chateaugs\/wp-json\/wp\/v2\/pages\/2442\/revisions\/2462"}],"wp:attachment":[{"href":"https:\/\/ecole.ac-nice.fr\/nice1\/chateaugs\/wp-json\/wp\/v2\/media?parent=2442"}],"curies":[{"name":"wp","href":"https:\/\/api.w.org\/{rel}","templated":true}]}}