{"id":2331,"date":"2020-05-11T14:55:10","date_gmt":"2020-05-11T12:55:10","guid":{"rendered":"http:\/\/ecole.ac-nice.fr\/nice1\/chateaugs\/?page_id=2331"},"modified":"2021-09-21T18:09:46","modified_gmt":"2021-09-21T16:09:46","slug":"trombinomasques","status":"publish","type":"page","link":"https:\/\/ecole.ac-nice.fr\/nice1\/chateaugs\/trombinomasques\/","title":{"rendered":"Trombinomasques 2020-2021"},"content":{"rendered":"<p>L&rsquo;\u00e9quipe de l&rsquo;\u00e9cole sp\u00e9cialis\u00e9e s&rsquo;est \u00e9quip\u00e9e pour la reprise !<br \/>\nSaurez-vous nous reconna\u00eetre ?<a href=\"https:\/\/ecole.ac-nice.fr\/nice1\/chateaugs\/wp-content\/uploads\/sites\/24\/2020\/05\/Trombimasques_r.jpg\" target=\"_blank\" rel=\"noopener noreferrer\"><img loading=\"lazy\" decoding=\"async\" class=\"alignnone wp-image-2371 size-full\" src=\"https:\/\/ecole.ac-nice.fr\/nice1\/chateaugs\/wp-content\/uploads\/sites\/24\/2020\/05\/Trombimasques_r.jpg\" alt=\"\" width=\"1024\" height=\"1024\" srcset=\"https:\/\/ecole.ac-nice.fr\/nice1\/chateaugs\/wp-content\/uploads\/sites\/24\/2020\/05\/Trombimasques_r.jpg 1024w, https:\/\/ecole.ac-nice.fr\/nice1\/chateaugs\/wp-content\/uploads\/sites\/24\/2020\/05\/Trombimasques_r-300x300.jpg 300w, https:\/\/ecole.ac-nice.fr\/nice1\/chateaugs\/wp-content\/uploads\/sites\/24\/2020\/05\/Trombimasques_r-150x150.jpg 150w, https:\/\/ecole.ac-nice.fr\/nice1\/chateaugs\/wp-content\/uploads\/sites\/24\/2020\/05\/Trombimasques_r-768x768.jpg 768w\" sizes=\"auto, (max-width: 1024px) 100vw, 1024px\" \/><\/a><br \/>\n<a href=\"https:\/\/ecole.ac-nice.fr\/nice1\/chateaugs\/wp-content\/uploads\/sites\/24\/2020\/05\/Virginie-001.jpg\" target=\"_blank\" rel=\"noopener noreferrer\"><img loading=\"lazy\" decoding=\"async\" class=\"alignnone wp-image-2403\" src=\"https:\/\/ecole.ac-nice.fr\/nice1\/chateaugs\/wp-content\/uploads\/sites\/24\/2020\/05\/Virginie-150x150.jpg\" alt=\"\" width=\"123\" height=\"123\" srcset=\"https:\/\/ecole.ac-nice.fr\/nice1\/chateaugs\/wp-content\/uploads\/sites\/24\/2020\/05\/Virginie-150x150.jpg 150w, https:\/\/ecole.ac-nice.fr\/nice1\/chateaugs\/wp-content\/uploads\/sites\/24\/2020\/05\/Virginie-300x300.jpg 300w, https:\/\/ecole.ac-nice.fr\/nice1\/chateaugs\/wp-content\/uploads\/sites\/24\/2020\/05\/Virginie.jpg 320w\" sizes=\"auto, (max-width: 123px) 100vw, 123px\" \/><\/a><\/p>\n<p>Une voix sans masque et avec masque :<\/p>\n<audio class=\"wp-audio-shortcode\" id=\"audio-2331-1\" preload=\"none\" style=\"width: 100%;\" controls=\"controls\"><source type=\"audio\/mpeg\" src=\"https:\/\/ecole.ac-nice.fr\/nice1\/chateaugs\/wp-content\/uploads\/sites\/24\/2020\/05\/Bon_retour.mp3?_=1\" \/><a href=\"https:\/\/ecole.ac-nice.fr\/nice1\/chateaugs\/wp-content\/uploads\/sites\/24\/2020\/05\/Bon_retour.mp3\">https:\/\/ecole.ac-nice.fr\/nice1\/chateaugs\/wp-content\/uploads\/sites\/24\/2020\/05\/Bon_retour.mp3<\/a><\/audio>\n<p>&nbsp;<\/p>\n","protected":false},"excerpt":{"rendered":"<p>L&rsquo;\u00e9quipe de l&rsquo;\u00e9cole sp\u00e9cialis\u00e9e s&rsquo;est \u00e9quip\u00e9e pour la reprise ! Saurez-vous nous reconna\u00eetre ? Une voix sans masque et avec masque : &nbsp;<\/p>\n","protected":false},"author":43,"featured_media":0,"parent":0,"menu_order":0,"comment_status":"closed","ping_status":"closed","template":"","meta":{"footnotes":""},"class_list":["post-2331","page","type-page","status-publish","hentry"],"_links":{"self":[{"href":"https:\/\/ecole.ac-nice.fr\/nice1\/chateaugs\/wp-json\/wp\/v2\/pages\/2331","targetHints":{"allow":["GET"]}}],"collection":[{"href":"https:\/\/ecole.ac-nice.fr\/nice1\/chateaugs\/wp-json\/wp\/v2\/pages"}],"about":[{"href":"https:\/\/ecole.ac-nice.fr\/nice1\/chateaugs\/wp-json\/wp\/v2\/types\/page"}],"author":[{"embeddable":true,"href":"https:\/\/ecole.ac-nice.fr\/nice1\/chateaugs\/wp-json\/wp\/v2\/users\/43"}],"replies":[{"embeddable":true,"href":"https:\/\/ecole.ac-nice.fr\/nice1\/chateaugs\/wp-json\/wp\/v2\/comments?post=2331"}],"version-history":[{"count":14,"href":"https:\/\/ecole.ac-nice.fr\/nice1\/chateaugs\/wp-json\/wp\/v2\/pages\/2331\/revisions"}],"predecessor-version":[{"id":2933,"href":"https:\/\/ecole.ac-nice.fr\/nice1\/chateaugs\/wp-json\/wp\/v2\/pages\/2331\/revisions\/2933"}],"wp:attachment":[{"href":"https:\/\/ecole.ac-nice.fr\/nice1\/chateaugs\/wp-json\/wp\/v2\/media?parent=2331"}],"curies":[{"name":"wp","href":"https:\/\/api.w.org\/{rel}","templated":true}]}}