{"id":2278,"date":"2020-05-07T11:57:43","date_gmt":"2020-05-07T09:57:43","guid":{"rendered":"http:\/\/ecole.ac-nice.fr\/nice1\/chateaugs\/?page_id=2278"},"modified":"2020-05-19T10:28:17","modified_gmt":"2020-05-19T08:28:17","slug":"lobjet-mystere","status":"publish","type":"page","link":"https:\/\/ecole.ac-nice.fr\/nice1\/chateaugs\/lobjet-mystere\/","title":{"rendered":"L&rsquo;objet myst\u00e8re !"},"content":{"rendered":"<p><a href=\"https:\/\/ecole.ac-nice.fr\/nice1\/chateaugs\/wp-content\/uploads\/sites\/24\/2020\/05\/Objet_ID.jpg\" target=\"_blank\" rel=\"noopener noreferrer\"><img loading=\"lazy\" decoding=\"async\" class=\"alignnone wp-image-2380 size-full\" src=\"https:\/\/ecole.ac-nice.fr\/nice1\/chateaugs\/wp-content\/uploads\/sites\/24\/2020\/05\/Objet_ID.jpg\" alt=\"\" width=\"1600\" height=\"1600\" srcset=\"https:\/\/ecole.ac-nice.fr\/nice1\/chateaugs\/wp-content\/uploads\/sites\/24\/2020\/05\/Objet_ID.jpg 1600w, https:\/\/ecole.ac-nice.fr\/nice1\/chateaugs\/wp-content\/uploads\/sites\/24\/2020\/05\/Objet_ID-300x300.jpg 300w, https:\/\/ecole.ac-nice.fr\/nice1\/chateaugs\/wp-content\/uploads\/sites\/24\/2020\/05\/Objet_ID-1024x1024.jpg 1024w, https:\/\/ecole.ac-nice.fr\/nice1\/chateaugs\/wp-content\/uploads\/sites\/24\/2020\/05\/Objet_ID-150x150.jpg 150w, https:\/\/ecole.ac-nice.fr\/nice1\/chateaugs\/wp-content\/uploads\/sites\/24\/2020\/05\/Objet_ID-768x768.jpg 768w, https:\/\/ecole.ac-nice.fr\/nice1\/chateaugs\/wp-content\/uploads\/sites\/24\/2020\/05\/Objet_ID-1536x1536.jpg 1536w\" sizes=\"auto, (max-width: 1600px) 100vw, 1600px\" \/><\/a><\/p>\n<p style=\"text-align: center\"><strong>LA SOLUTION :<\/strong><\/p>\n<table style=\"height: 406px;width: 100%;border-collapse: collapse;border-color: #ebe8e1;border-style: solid\" border=\"5\" cellspacing=\"0\" cellpadding=\"0\">\n<tbody>\n<tr style=\"height: 100px\">\n<td style=\"width: 20%;background-color: #f2dca0;text-align: center;height: 87px\">Une \u00e9charpe : C\u00e9cilia<\/td>\n<td style=\"width: 20%;background-color: #a60505;text-align: center;height: 87px\"><span style=\"color: #ffffff\">Un planisph\u00e8re : <\/span><br \/>\n<span style=\"color: #ffffff\">Mohamed<\/span><\/td>\n<td style=\"width: 20%;background-color: #f5f1da;text-align: center;height: 87px\">Les voitures : Tom<\/td>\n<td style=\"width: 20%;background-color: #b5a99a;text-align: center;height: 87px\">Un tuyau fin : Lola<\/td>\n<td style=\"width: 20%;background-color: #f2c7aa;text-align: center;height: 87px\">Un r\u00e9verb\u00e8re : Liam<\/td>\n<\/tr>\n<tr style=\"height: 100px\">\n<td style=\"width: 20%;background-color: #f2b3ee;text-align: center;height: 100px\">Les pictos : Laurence D.<\/td>\n<td style=\"width: 20%;background-color: #000000;text-align: center;height: 100px\"><span style=\"color: #ffffff\">Un appareil photo : Claude V.<br \/>\n<\/span><\/td>\n<td style=\"width: 20%;text-align: center;height: 100px\">\u00a0\u00a0 Panier \u00e0 \u0153ufs :\u00a0 Alexandre<\/td>\n<td style=\"width: 20%;background-color: #f7eded;text-align: center;height: 100px\">Un sac \u00e0 dos : Patrick<\/td>\n<td style=\"width: 20%;background-color: #a89191;text-align: center;height: 100px\">Une trottinette : Tony<\/td>\n<\/tr>\n<tr style=\"height: 100px\">\n<td style=\"width: 20%;background-color: #c2a493;text-align: center;height: 106px\">La barrette : Chiara<\/td>\n<td style=\"width: 20%;background-color: #ed9595;text-align: center;height: 106px\">Le pompon :\u00a0 Louis<\/td>\n<td style=\"width: 20%;background-color: #d4cfcf;text-align: center;height: 106px\">Un tas de fils : L\u00f9ca<\/td>\n<td style=\"width: 20%;background-color: #edcb9f;text-align: center;height: 106px\">Les chaussons : Sophie<\/td>\n<td style=\"width: 20%;height: 106px;background-color: #0bb063;text-align: center\">Le muguet : Camille C<\/td>\n<\/tr>\n<tr style=\"height: 100px\">\n<td style=\"width: 20%;background-color: #8c0088;height: 113px;text-align: center\"><span style=\"color: #ffffff\">La brochure bilingue : Ambre<br \/>\n<\/span><\/td>\n<td style=\"width: 20%;background-color: #f5ebd7;height: 113px;text-align: center\">Lunettes,\u00a0 baguette : Farah<\/td>\n<td style=\"background-color: #ffffff;height: 113px;border-color: #000000;width: 20%;text-align: center\">Le PC, ch\u00e9quier : Ass. Regarddons<\/td>\n<td style=\"background-color: #f5c567;border-color: #000000;width: 20%;text-align: center\">La guitare : Ilyas<\/td>\n<td style=\"background-color: #fff2e0;border-color: #ffffff;width: 20%;text-align: center\">Le t\u00e9l\u00e9phone\u00a0\u00a0 portable : Jessica<\/td>\n<\/tr>\n<\/tbody>\n<\/table>\n<p style=\"text-align: center\"><strong>F\u00e9licitations \u00e0 ceux qui ont tout trouv\u00e9&#8230; ou presque tout trouv\u00e9 !<\/strong><\/p>\n<p style=\"text-align: center\">Et encore merci \u00e0 celles et ceux qui nous ont envoy\u00e9 un objet .<\/p>\n<p><a href=\"https:\/\/ecole.ac-nice.fr\/nice1\/chateaugs\/wp-content\/uploads\/sites\/24\/2020\/05\/OBA01.jpg\"><img loading=\"lazy\" decoding=\"async\" class=\"wp-image-2280 aligncenter\" src=\"https:\/\/ecole.ac-nice.fr\/nice1\/chateaugs\/wp-content\/uploads\/sites\/24\/2020\/05\/OBA01-217x300.jpg\" alt=\"\" width=\"150\" height=\"208\" srcset=\"https:\/\/ecole.ac-nice.fr\/nice1\/chateaugs\/wp-content\/uploads\/sites\/24\/2020\/05\/OBA01-217x300.jpg 217w, https:\/\/ecole.ac-nice.fr\/nice1\/chateaugs\/wp-content\/uploads\/sites\/24\/2020\/05\/OBA01.jpg 231w\" sizes=\"auto, (max-width: 150px) 100vw, 150px\" \/><\/a><\/p>\n","protected":false},"excerpt":{"rendered":"<p>LA SOLUTION : Une \u00e9charpe : C\u00e9cilia Un planisph\u00e8re : Mohamed Les voitures : Tom Un tuyau fin : Lola Un r\u00e9verb\u00e8re : Liam Les pictos : Laurence D. Un appareil photo : Claude V. \u00a0\u00a0 Panier \u00e0 \u0153ufs :\u00a0 Alexandre Un sac \u00e0 dos : Patrick Une trottinette : Tony La barrette : Chiara &hellip; <a href=\"https:\/\/ecole.ac-nice.fr\/nice1\/chateaugs\/lobjet-mystere\/\" class=\"more-link\">Continuer la lecture de <span class=\"screen-reader-text\">L&rsquo;objet myst\u00e8re !<\/span> <span class=\"meta-nav\">&rarr;<\/span><\/a><\/p>\n","protected":false},"author":43,"featured_media":0,"parent":0,"menu_order":0,"comment_status":"closed","ping_status":"closed","template":"","meta":{"footnotes":""},"class_list":["post-2278","page","type-page","status-publish","hentry"],"_links":{"self":[{"href":"https:\/\/ecole.ac-nice.fr\/nice1\/chateaugs\/wp-json\/wp\/v2\/pages\/2278","targetHints":{"allow":["GET"]}}],"collection":[{"href":"https:\/\/ecole.ac-nice.fr\/nice1\/chateaugs\/wp-json\/wp\/v2\/pages"}],"about":[{"href":"https:\/\/ecole.ac-nice.fr\/nice1\/chateaugs\/wp-json\/wp\/v2\/types\/page"}],"author":[{"embeddable":true,"href":"https:\/\/ecole.ac-nice.fr\/nice1\/chateaugs\/wp-json\/wp\/v2\/users\/43"}],"replies":[{"embeddable":true,"href":"https:\/\/ecole.ac-nice.fr\/nice1\/chateaugs\/wp-json\/wp\/v2\/comments?post=2278"}],"version-history":[{"count":57,"href":"https:\/\/ecole.ac-nice.fr\/nice1\/chateaugs\/wp-json\/wp\/v2\/pages\/2278\/revisions"}],"predecessor-version":[{"id":2398,"href":"https:\/\/ecole.ac-nice.fr\/nice1\/chateaugs\/wp-json\/wp\/v2\/pages\/2278\/revisions\/2398"}],"wp:attachment":[{"href":"https:\/\/ecole.ac-nice.fr\/nice1\/chateaugs\/wp-json\/wp\/v2\/media?parent=2278"}],"curies":[{"name":"wp","href":"https:\/\/api.w.org\/{rel}","templated":true}]}}