{"id":293,"date":"2017-03-25T20:58:40","date_gmt":"2017-03-25T19:58:40","guid":{"rendered":"http:\/\/ecole.ac-nice.fr\/nice1\/modele\/?page_id=293"},"modified":"2017-06-22T02:27:00","modified_gmt":"2017-06-22T00:27:00","slug":"contact","status":"publish","type":"page","link":"https:\/\/ecole.ac-nice.fr\/nice1\/cassini\/contact\/","title":{"rendered":"Contact"},"content":{"rendered":"<p><span style=\"color: #000080;\"><strong>Directeur :<\/strong><\/span> Mr Patrick Freid<\/p>\n<p><strong><span class=\"_xdb\" style=\"color: #ff0000;\">Adresse : <\/span><\/strong><span class=\"_xdb\" style=\"color: #000000;\">11 avenue Br\u00e8s <\/span>06300 Nice <a href=\"mailto: ecole.0060453K@ac-nice.fr\"><img loading=\"lazy\" decoding=\"async\" class=\"alignleft wp-image-487\" src=\"https:\/\/ecole.ac-nice.fr\/nice1\/peglion\/wp-content\/uploads\/sites\/4\/2017\/03\/envelope-34531_960_720-300x300.png\" alt=\"\" width=\"107\" height=\"107\" \/><\/a><\/p>\n<div class=\"_mr kno-fb-ctx\"><span style=\"color: #ff0000;\"><strong>Mail :<\/strong><\/span> <a href=\"mailto:ecole.0060453K@ac-nice.fr\">ecole.0060453K@ac-nice.fr<\/a><\/div>\n<div class=\"_mr kno-fb-ctx\"><\/div>\n<div class=\"mod\">\n<div class=\"_eFb\">\n<div class=\"_mr kno-fb-ctx\"><span class=\"_xdb\" style=\"color: #ff0000;\"><strong>T\u00e9l\u00e9phone :<\/strong> <\/span><span class=\"_Xbe _ZWk kno-fv\">04 93 01 76 72<br \/>\n<\/span><\/div>\n<div class=\"_mr kno-fb-ctx\"><\/div>\n<\/div>\n<\/div>\n<p><iframe loading=\"lazy\" style=\"border: 0;\" src=\"https:\/\/www.google.com\/maps\/embed?pb=!1m14!1m8!1m3!1d11534.111531852806!2d7.3027566!3d43.7203596!3m2!1i1024!2i768!4f13.1!3m3!1m2!1s0x0%3A0x61d9dace7dbddad2!2s%C3%89cole+Cassini!5e0!3m2!1sfr!2sfr!4v1490738082676\" width=\"600\" height=\"450\" frameborder=\"0\" allowfullscreen=\"allowfullscreen\"><\/iframe><\/p>\n","protected":false},"excerpt":{"rendered":"<p>Directeur : Mr Patrick Freid Adresse : 11 avenue Br\u00e8s 06300 Nice Mail : ecole.0060453K@ac-nice.fr T\u00e9l\u00e9phone : 04 93 01 76 72<\/p>\n","protected":false},"author":8,"featured_media":0,"parent":0,"menu_order":0,"comment_status":"closed","ping_status":"closed","template":"","meta":{"footnotes":""},"class_list":["post-293","page","type-page","status-publish","hentry"],"_links":{"self":[{"href":"https:\/\/ecole.ac-nice.fr\/nice1\/cassini\/wp-json\/wp\/v2\/pages\/293","targetHints":{"allow":["GET"]}}],"collection":[{"href":"https:\/\/ecole.ac-nice.fr\/nice1\/cassini\/wp-json\/wp\/v2\/pages"}],"about":[{"href":"https:\/\/ecole.ac-nice.fr\/nice1\/cassini\/wp-json\/wp\/v2\/types\/page"}],"author":[{"embeddable":true,"href":"https:\/\/ecole.ac-nice.fr\/nice1\/cassini\/wp-json\/wp\/v2\/users\/8"}],"replies":[{"embeddable":true,"href":"https:\/\/ecole.ac-nice.fr\/nice1\/cassini\/wp-json\/wp\/v2\/comments?post=293"}],"version-history":[{"count":4,"href":"https:\/\/ecole.ac-nice.fr\/nice1\/cassini\/wp-json\/wp\/v2\/pages\/293\/revisions"}],"predecessor-version":[{"id":603,"href":"https:\/\/ecole.ac-nice.fr\/nice1\/cassini\/wp-json\/wp\/v2\/pages\/293\/revisions\/603"}],"wp:attachment":[{"href":"https:\/\/ecole.ac-nice.fr\/nice1\/cassini\/wp-json\/wp\/v2\/media?parent=293"}],"curies":[{"name":"wp","href":"https:\/\/api.w.org\/{rel}","templated":true}]}}