{"id":307,"date":"2017-04-26T14:40:38","date_gmt":"2017-04-26T12:40:38","guid":{"rendered":"http:\/\/www.ac-nice.fr\/academie\/ringo\/\/ringo\/?page_id=2"},"modified":"2020-10-16T10:45:18","modified_gmt":"2020-10-16T08:45:18","slug":"contact","status":"publish","type":"page","link":"https:\/\/ecole.ac-nice.fr\/hyeres\/contact\/","title":{"rendered":"Contact"},"content":{"rendered":"<p>&nbsp;<\/p>\n<p>Inspection de l&rsquo;\u00c9ducation Nationale d&rsquo;Hy\u00e8res<br \/>\n20 rue L\u00e9on Gautier<br \/>\n83400 Hy\u00e8res<\/p>\n","protected":false},"excerpt":{"rendered":"<p>&nbsp; Inspection de l&rsquo;\u00c9ducation Nationale d&rsquo;Hy\u00e8res 20 rue L\u00e9on Gautier 83400 Hy\u00e8res<\/p>\n","protected":false},"author":4,"featured_media":0,"parent":0,"menu_order":0,"comment_status":"closed","ping_status":"open","template":"","meta":{"footnotes":""},"class_list":["post-307","page","type-page","status-publish","hentry"],"_links":{"self":[{"href":"https:\/\/ecole.ac-nice.fr\/hyeres\/wp-json\/wp\/v2\/pages\/307","targetHints":{"allow":["GET"]}}],"collection":[{"href":"https:\/\/ecole.ac-nice.fr\/hyeres\/wp-json\/wp\/v2\/pages"}],"about":[{"href":"https:\/\/ecole.ac-nice.fr\/hyeres\/wp-json\/wp\/v2\/types\/page"}],"author":[{"embeddable":true,"href":"https:\/\/ecole.ac-nice.fr\/hyeres\/wp-json\/wp\/v2\/users\/4"}],"replies":[{"embeddable":true,"href":"https:\/\/ecole.ac-nice.fr\/hyeres\/wp-json\/wp\/v2\/comments?post=307"}],"version-history":[{"count":3,"href":"https:\/\/ecole.ac-nice.fr\/hyeres\/wp-json\/wp\/v2\/pages\/307\/revisions"}],"predecessor-version":[{"id":351,"href":"https:\/\/ecole.ac-nice.fr\/hyeres\/wp-json\/wp\/v2\/pages\/307\/revisions\/351"}],"wp:attachment":[{"href":"https:\/\/ecole.ac-nice.fr\/hyeres\/wp-json\/wp\/v2\/media?parent=307"}],"curies":[{"name":"wp","href":"https:\/\/api.w.org\/{rel}","templated":true}]}}