{"id":101,"date":"2017-01-16T22:17:16","date_gmt":"2017-01-16T21:17:16","guid":{"rendered":"http:\/\/ecole.ac-nice.fr\/carros\/souleou\/?page_id=101"},"modified":"2018-03-16T09:53:53","modified_gmt":"2018-03-16T08:53:53","slug":"bienvenue-sur-le-nouveau-site-de-la-circonscription-de-carros-3-vallees","status":"publish","type":"page","link":"https:\/\/ecole.ac-nice.fr\/carros\/souleou\/","title":{"rendered":"ACTUALITES"},"content":{"rendered":"<p>Bienvenue sur le nouveau site de l&rsquo;\u00e9cole &#8230;..<\/p>\n<p>vous trouverez ici des informations pratiques, le reflet de la vie des classes, des comptes-rendus de sorties et d&rsquo;activit\u00e9s, et bien d&rsquo;autres choses encore que vous aurez le plaisir de d\u00e9couvrir au fur et \u00e0 mesure que nous alimenterons ce site.<img loading=\"lazy\" decoding=\"async\" class=\"alignright wp-image-144 size-medium\" src=\"https:\/\/ecole.ac-nice.fr\/carros\/souleou\/wp-content\/uploads\/sites\/22\/2017\/01\/site-en-travaux-300x160.jpeg\" width=\"300\" height=\"160\" srcset=\"https:\/\/ecole.ac-nice.fr\/carros\/souleou\/wp-content\/uploads\/sites\/22\/2017\/01\/site-en-travaux-300x160.jpeg 300w, https:\/\/ecole.ac-nice.fr\/carros\/souleou\/wp-content\/uploads\/sites\/22\/2017\/01\/site-en-travaux.jpeg 748w\" sizes=\"auto, (max-width: 300px) 100vw, 300px\" \/><\/p>\n<p>Cet outil d&rsquo;information permettra aux familles de voir \u00e9voluer au quotidien les enfants.<\/p>\n<p>Nous vous souhaitons une bonne lecture<\/p>\n<p>L&rsquo;\u00e9quipe p\u00e9dagogique<\/p>\n<p>&nbsp;<\/p>\n<h2><a href=\"https:\/\/ecole.ac-nice.fr\/carros\/souleou\/?cat=13\" target=\"_blank\" rel=\"noopener\"><strong><span style=\"color: #ff0000;\">RESERVEZ VOTRE SOIREE : LOTO DES FAMILLES le 06 avril<\/span><\/strong><\/a><\/h2>\n","protected":false},"excerpt":{"rendered":"<p>Bienvenue sur le nouveau site de l&rsquo;\u00e9cole &#8230;.. vous trouverez ici des informations pratiques, le reflet de la vie des classes, des comptes-rendus de sorties et d&rsquo;activit\u00e9s, et bien d&rsquo;autres choses encore que vous aurez le plaisir de d\u00e9couvrir au fur et \u00e0 mesure que nous alimenterons ce site. Cet outil d&rsquo;information permettra aux familles &hellip; <a href=\"https:\/\/ecole.ac-nice.fr\/carros\/souleou\/\" class=\"more-link\">Continuer la lecture de <span class=\"screen-reader-text\">ACTUALITES<\/span> <span class=\"meta-nav\">&rarr;<\/span><\/a><\/p>\n","protected":false},"author":2,"featured_media":0,"parent":0,"menu_order":0,"comment_status":"closed","ping_status":"closed","template":"","meta":{"footnotes":""},"class_list":["post-101","page","type-page","status-publish","hentry"],"_links":{"self":[{"href":"https:\/\/ecole.ac-nice.fr\/carros\/souleou\/index.php?rest_route=\/wp\/v2\/pages\/101","targetHints":{"allow":["GET"]}}],"collection":[{"href":"https:\/\/ecole.ac-nice.fr\/carros\/souleou\/index.php?rest_route=\/wp\/v2\/pages"}],"about":[{"href":"https:\/\/ecole.ac-nice.fr\/carros\/souleou\/index.php?rest_route=\/wp\/v2\/types\/page"}],"author":[{"embeddable":true,"href":"https:\/\/ecole.ac-nice.fr\/carros\/souleou\/index.php?rest_route=\/wp\/v2\/users\/2"}],"replies":[{"embeddable":true,"href":"https:\/\/ecole.ac-nice.fr\/carros\/souleou\/index.php?rest_route=%2Fwp%2Fv2%2Fcomments&post=101"}],"version-history":[{"count":9,"href":"https:\/\/ecole.ac-nice.fr\/carros\/souleou\/index.php?rest_route=\/wp\/v2\/pages\/101\/revisions"}],"predecessor-version":[{"id":206,"href":"https:\/\/ecole.ac-nice.fr\/carros\/souleou\/index.php?rest_route=\/wp\/v2\/pages\/101\/revisions\/206"}],"wp:attachment":[{"href":"https:\/\/ecole.ac-nice.fr\/carros\/souleou\/index.php?rest_route=%2Fwp%2Fv2%2Fmedia&parent=101"}],"curies":[{"name":"wp","href":"https:\/\/api.w.org\/{rel}","templated":true}]}}