{"id":101,"date":"2017-01-16T22:17:16","date_gmt":"2017-01-16T21:17:16","guid":{"rendered":"http:\/\/ecole.ac-nice.fr\/carros\/roquebilliere\/?page_id=101"},"modified":"2018-04-20T15:19:17","modified_gmt":"2018-04-20T13:19:17","slug":"bienvenue-sur-le-nouveau-site-de-la-circonscription-de-carros-3-vallees","status":"publish","type":"page","link":"https:\/\/ecole.ac-nice.fr\/carros\/roquebilliere\/","title":{"rendered":""},"content":{"rendered":"<p><img loading=\"lazy\" decoding=\"async\" class=\"alignnone size-full wp-image-203\" src=\"https:\/\/ecole.ac-nice.fr\/carros\/roquebilliere\/wp-content\/uploads\/sites\/20\/2017\/09\/logo-petit.png\" alt=\"\" width=\"63\" height=\"63\" \/>\u00a0\u00a0\u00a0\u00a0 Bienvenue sur le nouveau site de l&rsquo;\u00e9cole &#8230;..<\/p>\n<p>Vous trouverez ici des informations pratiques, le reflet de la vie de l&rsquo;\u00e9cole et bien d&rsquo;autres choses encore que vous aurez le plaisir de d\u00e9couvrir au fur et \u00e0 mesure que nous alimenterons ce site.<\/p>\n<p>L&rsquo;\u00e9quipe p\u00e9dagogique.<\/p>\n<h2><strong>Actualit\u00e9s : C&rsquo;est le printemps !<\/strong><\/h2>\n<p><img loading=\"lazy\" decoding=\"async\" class=\"alignnone size-medium wp-image-465\" src=\"https:\/\/ecole.ac-nice.fr\/carros\/roquebilliere\/wp-content\/uploads\/sites\/20\/2018\/04\/IMG_0669-225x300.jpg\" alt=\"\" width=\"225\" height=\"300\" srcset=\"https:\/\/ecole.ac-nice.fr\/carros\/roquebilliere\/wp-content\/uploads\/sites\/20\/2018\/04\/IMG_0669-225x300.jpg 225w, https:\/\/ecole.ac-nice.fr\/carros\/roquebilliere\/wp-content\/uploads\/sites\/20\/2018\/04\/IMG_0669-768x1024.jpg 768w\" sizes=\"auto, (max-width: 225px) 100vw, 225px\" \/><\/p>\n","protected":false},"excerpt":{"rendered":"<p>\u00a0\u00a0\u00a0\u00a0 Bienvenue sur le nouveau site de l&rsquo;\u00e9cole &#8230;.. Vous trouverez ici des informations pratiques, le reflet de la vie de l&rsquo;\u00e9cole et bien d&rsquo;autres choses encore que vous aurez le plaisir de d\u00e9couvrir au fur et \u00e0 mesure que nous alimenterons ce site. L&rsquo;\u00e9quipe p\u00e9dagogique. Actualit\u00e9s : C&rsquo;est le printemps !<\/p>\n","protected":false},"author":2,"featured_media":0,"parent":0,"menu_order":0,"comment_status":"closed","ping_status":"closed","template":"","meta":{"footnotes":""},"class_list":["post-101","page","type-page","status-publish","hentry"],"_links":{"self":[{"href":"https:\/\/ecole.ac-nice.fr\/carros\/roquebilliere\/index.php?rest_route=\/wp\/v2\/pages\/101","targetHints":{"allow":["GET"]}}],"collection":[{"href":"https:\/\/ecole.ac-nice.fr\/carros\/roquebilliere\/index.php?rest_route=\/wp\/v2\/pages"}],"about":[{"href":"https:\/\/ecole.ac-nice.fr\/carros\/roquebilliere\/index.php?rest_route=\/wp\/v2\/types\/page"}],"author":[{"embeddable":true,"href":"https:\/\/ecole.ac-nice.fr\/carros\/roquebilliere\/index.php?rest_route=\/wp\/v2\/users\/2"}],"replies":[{"embeddable":true,"href":"https:\/\/ecole.ac-nice.fr\/carros\/roquebilliere\/index.php?rest_route=%2Fwp%2Fv2%2Fcomments&post=101"}],"version-history":[{"count":26,"href":"https:\/\/ecole.ac-nice.fr\/carros\/roquebilliere\/index.php?rest_route=\/wp\/v2\/pages\/101\/revisions"}],"predecessor-version":[{"id":469,"href":"https:\/\/ecole.ac-nice.fr\/carros\/roquebilliere\/index.php?rest_route=\/wp\/v2\/pages\/101\/revisions\/469"}],"wp:attachment":[{"href":"https:\/\/ecole.ac-nice.fr\/carros\/roquebilliere\/index.php?rest_route=%2Fwp%2Fv2%2Fmedia&parent=101"}],"curies":[{"name":"wp","href":"https:\/\/api.w.org\/{rel}","templated":true}]}}