{"id":101,"date":"2017-01-16T22:17:16","date_gmt":"2017-01-16T21:17:16","guid":{"rendered":"http:\/\/ecole.ac-nice.fr\/carros\/pugetmat\/?page_id=101"},"modified":"2020-03-18T13:46:51","modified_gmt":"2020-03-18T12:46:51","slug":"bienvenue-sur-le-nouveau-site-de-la-circonscription-de-carros-3-vallees","status":"publish","type":"page","link":"https:\/\/ecole.ac-nice.fr\/carros\/pugetmat\/","title":{"rendered":""},"content":{"rendered":"<h3>Bienvenue sur le site de l&rsquo;\u00e9cole &#8230;..<\/h3>\n<p>Notre petite \u00e9cole rurale compte 3 classes. L&rsquo;\u00e9quipe p\u00e9dagogique a choisis de constituer\u00a0des classes de cycle. Les petits, les moyens et les grands se c\u00f4toient, s&rsquo;observent et apprennent dans le respect de l&rsquo;autre et la coop\u00e9ration.<\/p>\n<p>Vous trouverez ici des informations pratiques, le reflet de la vie des classes, des comptes-rendus de sorties et d&rsquo;activit\u00e9s, et bien d&rsquo;autres choses encore que vous aurez le plaisir de d\u00e9couvrir au fur et \u00e0 mesure que nous alimenterons ce site.<\/p>\n<p>Cet outil d&rsquo;information permettra aux familles de voir \u00a0 \u00a0 \u00a0 \u00a0<img loading=\"lazy\" decoding=\"async\" class=\"size-medium wp-image-204 alignright\" src=\"https:\/\/ecole.ac-nice.fr\/carros\/pugetmat\/wp-content\/uploads\/sites\/24\/2018\/03\/IMG_5523-copie-1-300x225.jpg\" alt=\"\" width=\"300\" height=\"225\" srcset=\"https:\/\/ecole.ac-nice.fr\/carros\/pugetmat\/wp-content\/uploads\/sites\/24\/2018\/03\/IMG_5523-copie-1-300x225.jpg 300w, https:\/\/ecole.ac-nice.fr\/carros\/pugetmat\/wp-content\/uploads\/sites\/24\/2018\/03\/IMG_5523-copie-1-768x576.jpg 768w, https:\/\/ecole.ac-nice.fr\/carros\/pugetmat\/wp-content\/uploads\/sites\/24\/2018\/03\/IMG_5523-copie-1-1024x768.jpg 1024w\" sizes=\"auto, (max-width: 300px) 100vw, 300px\" \/><br \/>\n\u00e9voluer au quotidien les enfants.<\/p>\n<p>&nbsp;<\/p>\n<p>Nous vous souhaitons une bonne lecture<\/p>\n<p>L&rsquo;\u00e9quipe p\u00e9dagogique<\/p>\n","protected":false},"excerpt":{"rendered":"<p>Bienvenue sur le site de l&rsquo;\u00e9cole &#8230;.. Notre petite \u00e9cole rurale compte 3 classes. L&rsquo;\u00e9quipe p\u00e9dagogique a choisis de constituer\u00a0des classes de cycle. Les petits, les moyens et les grands se c\u00f4toient, s&rsquo;observent et apprennent dans le respect de l&rsquo;autre et la coop\u00e9ration. Vous trouverez ici des informations pratiques, le reflet de la vie des &hellip; <a href=\"https:\/\/ecole.ac-nice.fr\/carros\/pugetmat\/\" class=\"more-link\">Continuer la lecture de <span class=\"screen-reader-text\"><\/span> <span class=\"meta-nav\">&rarr;<\/span><\/a><\/p>\n","protected":false},"author":2,"featured_media":207,"parent":0,"menu_order":0,"comment_status":"closed","ping_status":"closed","template":"","meta":{"footnotes":""},"class_list":["post-101","page","type-page","status-publish","has-post-thumbnail","hentry"],"_links":{"self":[{"href":"https:\/\/ecole.ac-nice.fr\/carros\/pugetmat\/index.php?rest_route=\/wp\/v2\/pages\/101","targetHints":{"allow":["GET"]}}],"collection":[{"href":"https:\/\/ecole.ac-nice.fr\/carros\/pugetmat\/index.php?rest_route=\/wp\/v2\/pages"}],"about":[{"href":"https:\/\/ecole.ac-nice.fr\/carros\/pugetmat\/index.php?rest_route=\/wp\/v2\/types\/page"}],"author":[{"embeddable":true,"href":"https:\/\/ecole.ac-nice.fr\/carros\/pugetmat\/index.php?rest_route=\/wp\/v2\/users\/2"}],"replies":[{"embeddable":true,"href":"https:\/\/ecole.ac-nice.fr\/carros\/pugetmat\/index.php?rest_route=%2Fwp%2Fv2%2Fcomments&post=101"}],"version-history":[{"count":22,"href":"https:\/\/ecole.ac-nice.fr\/carros\/pugetmat\/index.php?rest_route=\/wp\/v2\/pages\/101\/revisions"}],"predecessor-version":[{"id":475,"href":"https:\/\/ecole.ac-nice.fr\/carros\/pugetmat\/index.php?rest_route=\/wp\/v2\/pages\/101\/revisions\/475"}],"wp:featuredmedia":[{"embeddable":true,"href":"https:\/\/ecole.ac-nice.fr\/carros\/pugetmat\/index.php?rest_route=\/wp\/v2\/media\/207"}],"wp:attachment":[{"href":"https:\/\/ecole.ac-nice.fr\/carros\/pugetmat\/index.php?rest_route=%2Fwp%2Fv2%2Fmedia&parent=101"}],"curies":[{"name":"wp","href":"https:\/\/api.w.org\/{rel}","templated":true}]}}