{"id":710,"date":"2019-07-02T12:20:15","date_gmt":"2019-07-02T10:20:15","guid":{"rendered":"http:\/\/ecole.ac-nice.fr\/carros\/fiori\/?page_id=710"},"modified":"2023-01-17T13:30:46","modified_gmt":"2023-01-17T12:30:46","slug":"livret-scolaire-2","status":"publish","type":"page","link":"https:\/\/ecole.ac-nice.fr\/carros\/fiori\/?page_id=710","title":{"rendered":"Livret scolaire"},"content":{"rendered":"<h6><span style=\"color: #333399\">Livrets Scolaires \u2013 Information pour consulter le livret de votre enfant<\/span><\/h6>\n<p>Chers parents,<\/p>\n<p>l&rsquo;Education Nationale a mis en place une plateforme Educonnect. Elle vous permet d&rsquo;acc\u00e9der, entre autre, directement au livrets scolaires de vos enfants.<\/p>\n<p>Pour y acc\u00e9der, vous devez cr\u00e9er un compte. Pour cela, vous devrez :<br \/>\n&#8211; vous connecter \u00e0 la plateforme Educonnect : il suffit de taper \u00ab Educonnect \u00bb dans le moteur de recherche, puis s\u00e9lectionner \u00ab Educonnect connexion \u00bb<\/p>\n<p><a style=\"color: #ea9629\" href=\"https:\/\/educonnect.education.gouv.fr\/idp\/profile\/SAML2\/Redirect\/SSO?execution=e1s1\">https:\/\/educonnect.education.gouv.fr<\/a><\/p>\n<p>&#8211; cliquer sur \u00ab\u00a0je n&rsquo;ai pas de compte\u00a0\u00bb, puis sur \u00ab\u00a0cr\u00e9er mon compte\u00a0\u00bb<br \/>\n&#8211; remplir les 3 mentions : nom, pr\u00e9nom, num\u00e9ro de portable<br \/>\n&#8211; cliquer sur \u00ab\u00a0recevoir un SMS\u00a0\u00bb. Vous recevrez alors un code d&rsquo;activation par SMS.<br \/>\n&#8211; saisir ce code d&rsquo;activation ainsi que les dates de naissance de vos enfants puis cliquer sur \u00ab\u00a0envoyer\u00a0\u00bb.<\/p>\n<p>Votre identifiant est ainsi cr\u00e9\u00e9 : il appara\u00eet en gras. Veillez \u00e0 bien le noter : il vous sera demand\u00e9 pour vous connecter.<br \/>\n&#8211; saisir le mot de passe de votre choix<br \/>\n&#8211; votre compte sera alors activ\u00e9 et vous pourrez vous connecter \u00e0 la plateforme. Vous aurez acc\u00e8s aux livrets de vos enfants pour cette ann\u00e9e et les ann\u00e9es ant\u00e9rieures (uniquement \u00e0 partir du CP et depuis la cr\u00e9ation du LSU)&#8230; et aux suivants quand ils seront faits et \u00e9dit\u00e9s !<\/p>\n","protected":false},"excerpt":{"rendered":"<p>Livrets Scolaires \u2013 Information pour consulter le livret de votre enfant Chers parents, l&rsquo;Education Nationale a mis en place une plateforme Educonnect. Elle vous permet d&rsquo;acc\u00e9der, entre autre, directement au livrets scolaires de vos enfants. Pour y acc\u00e9der, vous devez cr\u00e9er un compte. Pour cela, vous devrez : &#8211; vous connecter \u00e0 la plateforme Educonnect &hellip; <a href=\"https:\/\/ecole.ac-nice.fr\/carros\/fiori\/?page_id=710\" class=\"more-link\">Continuer la lecture de <span class=\"screen-reader-text\">Livret scolaire<\/span> <span class=\"meta-nav\">&rarr;<\/span><\/a><\/p>\n","protected":false},"author":29,"featured_media":0,"parent":0,"menu_order":0,"comment_status":"closed","ping_status":"closed","template":"","meta":{"footnotes":""},"class_list":["post-710","page","type-page","status-publish","hentry"],"_links":{"self":[{"href":"https:\/\/ecole.ac-nice.fr\/carros\/fiori\/index.php?rest_route=\/wp\/v2\/pages\/710","targetHints":{"allow":["GET"]}}],"collection":[{"href":"https:\/\/ecole.ac-nice.fr\/carros\/fiori\/index.php?rest_route=\/wp\/v2\/pages"}],"about":[{"href":"https:\/\/ecole.ac-nice.fr\/carros\/fiori\/index.php?rest_route=\/wp\/v2\/types\/page"}],"author":[{"embeddable":true,"href":"https:\/\/ecole.ac-nice.fr\/carros\/fiori\/index.php?rest_route=\/wp\/v2\/users\/29"}],"replies":[{"embeddable":true,"href":"https:\/\/ecole.ac-nice.fr\/carros\/fiori\/index.php?rest_route=%2Fwp%2Fv2%2Fcomments&post=710"}],"version-history":[{"count":8,"href":"https:\/\/ecole.ac-nice.fr\/carros\/fiori\/index.php?rest_route=\/wp\/v2\/pages\/710\/revisions"}],"predecessor-version":[{"id":1454,"href":"https:\/\/ecole.ac-nice.fr\/carros\/fiori\/index.php?rest_route=\/wp\/v2\/pages\/710\/revisions\/1454"}],"wp:attachment":[{"href":"https:\/\/ecole.ac-nice.fr\/carros\/fiori\/index.php?rest_route=%2Fwp%2Fv2%2Fmedia&parent=710"}],"curies":[{"name":"wp","href":"https:\/\/api.w.org\/{rel}","templated":true}]}}