{"id":383,"date":"2024-09-24T15:32:29","date_gmt":"2024-09-24T13:32:29","guid":{"rendered":"https:\/\/ecole.ac-nice.fr\/cannes\/?page_id=383"},"modified":"2025-09-01T12:26:15","modified_gmt":"2025-09-01T10:26:15","slug":"la-circonscription-bis","status":"publish","type":"page","link":"https:\/\/ecole.ac-nice.fr\/cannes\/","title":{"rendered":"La circonscription de Cannes"},"content":{"rendered":"\n<p>&nbsp;<\/p>\n<p>&nbsp;<\/p>\n\n\n\n<h4 style=\"text-align: center;\"><strong><span style=\"color: #3366ff;\">Inspection de l&rsquo;Education Nationale<\/span><\/strong><\/h4>\n<p><strong>50, Avenue de L\u00e9rins &#8211; 06400 Cannes<\/strong><\/p>\n<p><strong>t\u00e8l : 04 93 39 80 00<\/strong><\/p>\n<table style=\"width: 100%; height: 432px;\" width=\"728\">\n<tbody>\n<tr style=\"height: 36px;\">\n<td style=\"text-align: center; height: 36px;\" colspan=\"3\" width=\"728\">\n<h4><span style=\"color: #3366ff;\">Composition de l&rsquo;\u00e9quipe de circonscription<\/span><\/h4>\n<\/td>\n<\/tr>\n<tr style=\"height: 36px;\">\n<td style=\"text-align: center; height: 36px;\" width=\"288\"><span style=\"color: #3366ff;\">IEN<\/span><br \/>Inspectrice de l\u2019\u00c9ducation Nationale<\/td>\n<td style=\"text-align: center; height: 36px;\">Martine LEFEVRE<\/td>\n<td style=\"text-align: center; height: 36px;\">ien-06.cannes@ac-nice.fr<\/td>\n<\/tr>\n<tr style=\"height: 36px;\">\n<td style=\"text-align: center; height: 36px;\"><span style=\"color: #3366ff;\">CPC<\/span> &#8211; Conseiller P\u00e9dagogique de circonscription<\/td>\n<td style=\"text-align: center; height: 36px;\">Sandrine VIALON<\/td>\n<td style=\"text-align: center; height: 36px;\">CPCG.Cannes@ac-nice.fr<\/td>\n<\/tr>\n<tr style=\"height: 36px;\">\n<td style=\"text-align: center; height: 36px;\"><span style=\"color: #3366ff;\">CPC<\/span> &#8211; Conseiller P\u00e9dagogique de circonscription<\/td>\n<td style=\"text-align: center; height: 36px;\">Gwladys\u00a0 GRECH<\/td>\n<td style=\"text-align: center; height: 36px;\">CPEPS.Cannes@ac-nice.fr<\/td>\n<\/tr>\n<tr style=\"height: 54px;\">\n<td style=\"text-align: center; height: 54px;\"><span style=\"color: #3366ff;\">CPC<\/span> &#8211; Conseiller P\u00e9dagogique de circonscription<\/td>\n<td style=\"text-align: center; height: 54px;\">Fran\u00e7ois VILLEBRUN<\/td>\n<td style=\"text-align: center; height: 54px;\">CPC-val-num.cannes@ac-nice.fr<\/td>\n<\/tr>\n<tr style=\"height: 36px;\">\n<td style=\"text-align: center; height: 36px;\"><span style=\"color: #3366ff;\">Secr\u00e9taire<\/span> de la circonscription de Cannes<\/td>\n<td style=\"text-align: center; height: 36px;\">Marie\u00a0 \u00a0 \u00a0BARRAT<\/td>\n<td style=\"text-align: center; height: 36px;\">ien-06.cannes@ac-nice.fr<\/td>\n<\/tr>\n<tr style=\"height: 36px;\">\n<td style=\"text-align: center; height: 36px;\" width=\"288\"><span style=\"color: #3366ff;\">Coordonnatrice REP<\/span><br \/><span style=\"color: #3366ff;\">Assistante de Pr\u00e9vention<\/span> <span style=\"color: #3366ff;\">de circonscription<\/span> (APC)<\/td>\n<td style=\"text-align: center; height: 36px;\">Brigitte DAMBRE<\/td>\n<td style=\"text-align: center; height: 36px;\">coordo-rrs-cannes@ac-nice.fr<\/td>\n<\/tr>\n<tr style=\"height: 72px;\">\n<td style=\"text-align: center; height: 72px;\" width=\"288\"><span style=\"color: #3366ff;\">ERSH<\/span><br \/>Enseignant R\u00e9f\u00e9rent Scolarisation Handicap<\/td>\n<td style=\"text-align: center; height: 72px;\">Christine CHOUVALOFF (secteur Cannes)<\/td>\n<td style=\"text-align: center; height: 72px;\"><a href=\"mailto:ersh.20@ac-nice.fr\" target=\"_blank\" rel=\"noopener\">ersh.20@ac-nice.fr<\/a><\/td>\n<\/tr>\n<tr style=\"height: 90px;\">\n<td style=\"text-align: center; height: 90px;\" width=\"288\"><span style=\"color: #3366ff;\">ERSH<\/span><br \/>Enseignant R\u00e9f\u00e9rent Scolarisation Handicap<\/td>\n<td style=\"text-align: center; height: 90px;\">Laurent VALLEE (secteur Cannes-La-Bocca)<\/td>\n<td style=\"text-align: center; height: 90px;\"><u>ersh.30@ac-nice.fr<\/u><\/td>\n<\/tr>\n<\/tbody>\n<\/table>\n","protected":false},"excerpt":{"rendered":"<p>&nbsp; &nbsp; Inspection de l&rsquo;Education Nationale 50, Avenue de L\u00e9rins &#8211; 06400 Cannes t\u00e8l : 04 93 39 80 00 Composition de l&rsquo;\u00e9quipe de circonscription IENInspectrice de l\u2019\u00c9ducation Nationale Martine LEFEVRE ien-06.cannes@ac-nice.fr CPC &#8211; Conseiller P\u00e9dagogique de circonscription Sandrine VIALON CPCG.Cannes@ac-nice.fr CPC &#8211; Conseiller P\u00e9dagogique de circonscription Gwladys\u00a0 GRECH CPEPS.Cannes@ac-nice.fr CPC &#8211; Conseiller P\u00e9dagogique de &hellip; <a href=\"https:\/\/ecole.ac-nice.fr\/cannes\/\" class=\"more-link\">Continuer la lecture<span class=\"screen-reader-text\"> de &laquo;&nbsp;La circonscription de Cannes&nbsp;&raquo;<\/span><\/a><\/p>\n","protected":false},"author":7,"featured_media":0,"parent":0,"menu_order":0,"comment_status":"closed","ping_status":"closed","template":"page-templates\/full-width.php","meta":{"footnotes":""},"class_list":["post-383","page","type-page","status-publish","hentry"],"_links":{"self":[{"href":"https:\/\/ecole.ac-nice.fr\/cannes\/wp-json\/wp\/v2\/pages\/383","targetHints":{"allow":["GET"]}}],"collection":[{"href":"https:\/\/ecole.ac-nice.fr\/cannes\/wp-json\/wp\/v2\/pages"}],"about":[{"href":"https:\/\/ecole.ac-nice.fr\/cannes\/wp-json\/wp\/v2\/types\/page"}],"author":[{"embeddable":true,"href":"https:\/\/ecole.ac-nice.fr\/cannes\/wp-json\/wp\/v2\/users\/7"}],"replies":[{"embeddable":true,"href":"https:\/\/ecole.ac-nice.fr\/cannes\/wp-json\/wp\/v2\/comments?post=383"}],"version-history":[{"count":12,"href":"https:\/\/ecole.ac-nice.fr\/cannes\/wp-json\/wp\/v2\/pages\/383\/revisions"}],"predecessor-version":[{"id":670,"href":"https:\/\/ecole.ac-nice.fr\/cannes\/wp-json\/wp\/v2\/pages\/383\/revisions\/670"}],"wp:attachment":[{"href":"https:\/\/ecole.ac-nice.fr\/cannes\/wp-json\/wp\/v2\/media?parent=383"}],"curies":[{"name":"wp","href":"https:\/\/api.w.org\/{rel}","templated":true}]}}