{"id":353,"date":"2024-09-24T15:04:52","date_gmt":"2024-09-24T13:04:52","guid":{"rendered":"https:\/\/ecole.ac-nice.fr\/cannes\/?page_id=353"},"modified":"2025-09-02T12:10:51","modified_gmt":"2025-09-02T10:10:51","slug":"les-ecoles-2","status":"publish","type":"page","link":"https:\/\/ecole.ac-nice.fr\/cannes\/les-ecoles-2\/","title":{"rendered":"Les \u00e9coles"},"content":{"rendered":"\n<p>La circonscription de Cannes compte 27 \u00e9coles publiques et 5 \u00e9coles priv\u00e9es :<\/p>\n\n\n\n<p>\u00a0<\/p>\n<table style=\"width: 100%; height: 972px;\" width=\"481\">\n<tbody>\n<tr style=\"height: 36px;\">\n<td style=\"height: 36px; width: 39.4841%;\" width=\"207\">ECOLE ELEMENTAIRE PUBLIQUE\u00a0\u00a0\u00a0\u00a0<\/td>\n<td style=\"height: 36px; width: 39.2857%;\" width=\"195\"><a href=\"https:\/\/www.education.gouv.fr\/annuaire\/06150\/cannes\/ecole\/0060173f\/ecole-elementaire-bocca-verrerie.html\" target=\"_blank\" rel=\"noopener\">BOCCA VERRERIE<\/a>\u00a0\u00a0\u00a0\u00a0\u00a0\u00a0\u00a0\u00a0\u00a0\u00a0\u00a0\u00a0\u00a0\u00a0\u00a0\u00a0<\/td>\n<td style=\"height: 36px; width: 21.0317%;\" width=\"79\">0493471543\u00a0\u00a0\u00a0<\/td>\n<\/tr>\n<tr style=\"height: 36px;\">\n<td style=\"height: 36px; width: 39.4841%;\">ECOLE ELEMENTAIRE PUBLIQUE\u00a0\u00a0\u00a0\u00a0<\/td>\n<td style=\"height: 36px; width: 39.2857%;\"><a href=\"https:\/\/www.education.gouv.fr\/annuaire\/06400\/cannes\/ecole\/0060177k\/ecole-elementaire-jacqueline-de-romilly.html\" target=\"_blank\" rel=\"noopener\">JACQUELINE DE ROMILLY<\/a>\u00a0\u00a0\u00a0\u00a0\u00a0\u00a0\u00a0\u00a0\u00a0<\/td>\n<td style=\"height: 36px; width: 21.0317%;\">0489822210<\/td>\n<\/tr>\n<tr style=\"height: 36px;\">\n<td style=\"height: 36px; width: 39.4841%;\">ECOLE ELEMENTAIRE PUBLIQUE\u00a0\u00a0\u00a0\u00a0<\/td>\n<td style=\"height: 36px; width: 39.2857%;\"><a href=\"https:\/\/www.education.gouv.fr\/annuaire\/06400\/cannes\/ecole\/0060191a\/ecole-elementaire-alice-2.html\" target=\"_blank\" rel=\"noopener\">MAURICE ALICE 2<\/a>\u00a0\u00a0\u00a0\u00a0\u00a0\u00a0\u00a0\u00a0\u00a0\u00a0\u00a0\u00a0\u00a0\u00a0\u00a0\u00a0\u00a0\u00a0\u00a0\u00a0\u00a0\u00a0\u00a0<\/td>\n<td style=\"height: 36px; width: 21.0317%;\">0493383214\u00a0\u00a0\u00a0<\/td>\n<\/tr>\n<tr style=\"height: 36px;\">\n<td style=\"height: 36px; width: 39.4841%;\">ECOLE MATERNELLE PUBLIQUE\u00a0\u00a0\u00a0\u00a0\u00a0<\/td>\n<td style=\"height: 36px; width: 39.2857%;\"><a href=\"https:\/\/www.education.gouv.fr\/annuaire\/06150\/cannes\/ecole\/0061224y\/ecole-maternelle-saint-exupery.html\" target=\"_blank\" rel=\"noopener\">SAINT EXUPERY MATERNELLE <\/a>\u00a0\u00a0\u00a0\u00a0\u00a0\u00a0\u00a0\u00a0\u00a0\u00a0\u00a0\u00a0<\/td>\n<td style=\"height: 36px; width: 21.0317%;\">0493474029\u00a0 \u00a0<\/td>\n<\/tr>\n<tr style=\"height: 36px;\">\n<td style=\"height: 36px; width: 39.4841%;\">ECOLE MATERNELLE PUBLIQUE\u00a0\u00a0\u00a0\u00a0\u00a0<\/td>\n<td style=\"height: 36px; width: 39.2857%;\"><a href=\"https:\/\/www.education.gouv.fr\/annuaire\/06150\/cannes\/ecole\/0060174g\/ecole-maternelle-bocca-centre.html\" target=\"_blank\" rel=\"noopener\">BOCCA CENTRE MATERNELLE<\/a>\u00a0\u00a0\u00a0\u00a0\u00a0\u00a0\u00a0\u00a0\u00a0\u00a0\u00a0\u00a0\u00a0<\/td>\n<td style=\"height: 36px; width: 21.0317%;\">0493472732\u00a0\u00a0\u00a0<\/td>\n<\/tr>\n<tr style=\"height: 36px;\">\n<td style=\"height: 36px; width: 39.4841%;\">ECOLE ELEMENTAIRE PUBLIQUE\u00a0\u00a0\u00a0\u00a0<\/td>\n<td style=\"height: 36px; width: 39.2857%;\"><a href=\"https:\/\/www.education.gouv.fr\/annuaire\/06150\/cannes\/ecole\/0060176j\/ecole-elementaire-goscinny.html\" target=\"_blank\" rel=\"noopener\">GOSCINNY<\/a>\u00a0\u00a0\u00a0\u00a0\u00a0\u00a0\u00a0\u00a0\u00a0\u00a0\u00a0\u00a0\u00a0\u00a0\u00a0\u00a0\u00a0\u00a0\u00a0\u00a0\u00a0\u00a0<\/td>\n<td style=\"height: 36px; width: 21.0317%;\">0493472424<\/td>\n<\/tr>\n<tr style=\"height: 36px;\">\n<td style=\"height: 36px; width: 39.4841%;\">ECOLE MATERNELLE PUBLIQUE\u00a0\u00a0\u00a0\u00a0\u00a0<\/td>\n<td style=\"height: 36px; text-align: left; width: 39.2857%;\"><a href=\"https:\/\/www.education.gouv.fr\/annuaire\/06400\/cannes\/ecole\/0060179m\/ecole-maternelle-jacqueline-de-romilly.html\" target=\"_blank\" rel=\"noopener\">JACQUELINE DE ROMILLY MATERNELLE<\/a>\u00a0\u00a0\u00a0\u00a0\u00a0<\/td>\n<td style=\"height: 36px; width: 21.0317%;\">0489822229<\/td>\n<\/tr>\n<tr style=\"height: 36px;\">\n<td style=\"height: 36px; width: 39.4841%;\">ECOLE MATERNELLE PUBLIQUE\u00a0\u00a0\u00a0\u00a0\u00a0<\/td>\n<td style=\"height: 36px; width: 39.2857%;\"><a href=\"https:\/\/www.education.gouv.fr\/annuaire\/06150\/cannes\/ecole\/0060184t\/ecole-maternelle-pagnol.html\" target=\"_blank\" rel=\"noopener\">MARCEL PAGNOL MATERNELLE<\/a>\u00a0\u00a0\u00a0\u00a0\u00a0\u00a0\u00a0\u00a0\u00a0\u00a0\u00a0\u00a0\u00a0\u00a0\u00a0\u00a0\u00a0\u00a0\u00a0\u00a0<\/td>\n<td style=\"height: 36px; width: 21.0317%;\">0489822154<\/td>\n<\/tr>\n<tr style=\"height: 36px;\">\n<td style=\"height: 36px; width: 39.4841%;\">ECOLE ELEMENTAIRE PUBLIQUE\u00a0\u00a0\u00a0\u00a0<\/td>\n<td style=\"height: 36px; width: 39.2857%;\"><a href=\"https:\/\/www.education.gouv.fr\/annuaire\/06400\/cannes\/ecole\/0060188x\/ecole-elementaire-vagliano.html\" target=\"_blank\" rel=\"noopener\">VAGLIANO<\/a>\u00a0\u00a0\u00a0\u00a0\u00a0\u00a0\u00a0\u00a0\u00a0\u00a0\u00a0\u00a0\u00a0\u00a0\u00a0\u00a0\u00a0\u00a0\u00a0\u00a0\u00a0\u00a0<\/td>\n<td style=\"height: 36px; width: 21.0317%;\">0489822127<\/td>\n<\/tr>\n<tr style=\"height: 36px;\">\n<td style=\"height: 36px; width: 39.4841%;\">ECOLE PRIMAIRE PUBLIQUE\u00a0\u00a0\u00a0\u00a0\u00a0\u00a0\u00a0<\/td>\n<td style=\"height: 36px; width: 39.2857%;\"><a href=\"https:\/\/www.education.gouv.fr\/annuaire\/06400\/cannes\/ecole\/0060189y\/ecole-primaire-mace.html\" target=\"_blank\" rel=\"noopener\">MACE<\/a><\/td>\n<td style=\"height: 36px; width: 21.0317%;\">0493393273\u00a0\u00a0\u00a0<\/td>\n<\/tr>\n<tr style=\"height: 36px;\">\n<td style=\"height: 36px; width: 39.4841%;\">ECOLE ELEMENTAIRE PUBLIQUE\u00a0\u00a0\u00a0\u00a0<\/td>\n<td style=\"height: 36px; width: 39.2857%;\"><a href=\"https:\/\/www.education.gouv.fr\/annuaire\/06400\/cannes\/ecole\/0060190z\/ecole-elementaire-alice-1.html\" target=\"_blank\" rel=\"noopener\">MAURICE ALICE 1 <\/a>\u00a0\u00a0\u00a0\u00a0\u00a0\u00a0\u00a0\u00a0\u00a0\u00a0\u00a0\u00a0\u00a0\u00a0\u00a0\u00a0\u00a0\u00a0\u00a0\u00a0\u00a0\u00a0<\/td>\n<td style=\"height: 36px; width: 21.0317%;\">0493680981\u00a0\u00a0\u00a0<\/td>\n<\/tr>\n<tr style=\"height: 36px;\">\n<td style=\"height: 36px; width: 39.4841%;\">ECOLE MATERNELLE PUBLIQUE\u00a0\u00a0\u00a0\u00a0\u00a0<\/td>\n<td style=\"height: 36px; width: 39.2857%;\"><a href=\"https:\/\/www.education.gouv.fr\/annuaire\/06400\/cannes\/ecole\/0060192b\/ecole-maternelle-alice.html\" target=\"_blank\" rel=\"noopener\">MAURICE ALICE MATERNELLE<\/a>\u00a0 \u00a0 \u00a0 \u00a0 \u00a0 \u00a0 \u00a0 \u00a0 \u00a0 \u00a0 \u00a0<\/td>\n<td style=\"height: 36px; width: 21.0317%;\">\n<p>0489822467\u00a0 \u00a0<\/p>\n<\/td>\n<\/tr>\n<tr style=\"height: 36px;\">\n<td style=\"height: 36px; width: 39.4841%;\">ECOLE PRIMAIRE PUBLIQUE\u00a0\u00a0\u00a0\u00a0\u00a0\u00a0\u00a0<\/td>\n<td style=\"height: 36px; width: 39.2857%;\"><a href=\"https:\/\/www.education.gouv.fr\/annuaire\/06400\/cannes\/ecole\/0060193c\/ecole-primaire-mont-chevalier.html\" target=\"_blank\" rel=\"noopener\">MONT CHEVALIER<\/a>\u00a0\u00a0\u00a0\u00a0\u00a0\u00a0\u00a0\u00a0\u00a0\u00a0\u00a0\u00a0\u00a0\u00a0\u00a0\u00a0<\/td>\n<td style=\"height: 36px; width: 21.0317%;\">0489822397\u00a0\u00a0\u00a0<\/td>\n<\/tr>\n<tr style=\"height: 36px;\">\n<td style=\"height: 36px; width: 39.4841%;\">ECOLE MATERNELLE PUBLIQUE\u00a0\u00a0\u00a0\u00a0\u00a0<\/td>\n<td style=\"height: 36px; width: 39.2857%;\"><a href=\"https:\/\/www.education.gouv.fr\/annuaire\/06400\/cannes\/ecole\/0060194d\/ecole-maternelle-miniconi.html\" target=\"_blank\" rel=\"noopener\">MINICONI MATERNELLE<\/a>\u00a0\u00a0\u00a0\u00a0\u00a0\u00a0\u00a0\u00a0\u00a0\u00a0\u00a0\u00a0\u00a0\u00a0\u00a0\u00a0\u00a0\u00a0<\/td>\n<td style=\"height: 36px; width: 21.0317%;\">0489822385<\/td>\n<\/tr>\n<tr style=\"height: 36px;\">\n<td style=\"height: 36px; width: 39.4841%;\">ECOLE ELEMENTAIRE PUBLIQUE\u00a0\u00a0\u00a0\u00a0<\/td>\n<td style=\"height: 36px; width: 39.2857%;\"><a href=\"https:\/\/www.education.gouv.fr\/annuaire\/06400\/cannes\/ecole\/0060195e\/ecole-elementaire-square-mero.html\" target=\"_blank\" rel=\"noopener\">SQUARE MERO<\/a>\u00a0\u00a0\u00a0\u00a0\u00a0\u00a0\u00a0\u00a0\u00a0\u00a0\u00a0\u00a0\u00a0\u00a0\u00a0\u00a0\u00a0\u00a0\u00a0<\/td>\n<td style=\"height: 36px; width: 21.0317%;\">0493387949<\/td>\n<\/tr>\n<tr style=\"height: 36px;\">\n<td style=\"height: 36px; width: 39.4841%;\">ECOLE MATERNELLE PUBLIQUE\u00a0\u00a0\u00a0\u00a0\u00a0<\/td>\n<td style=\"height: 36px; width: 39.2857%;\"><a href=\"https:\/\/www.education.gouv.fr\/annuaire\/06400\/cannes\/ecole\/0060196f\/ecole-maternelle-square-mero.html\" target=\"_blank\" rel=\"noopener\">SQUARE MERO MATERNELLE<\/a>\u00a0 \u00a0 \u00a0 \u00a0 \u00a0 \u00a0 \u00a0 \u00a0<\/td>\n<td style=\"height: 36px; width: 21.0317%;\">0493391602\u00a0\u00a0\u00a0<\/td>\n<\/tr>\n<tr style=\"height: 36px;\">\n<td style=\"height: 36px; width: 39.4841%;\">ECOLE MATERNELLE PUBLIQUE\u00a0\u00a0\u00a0\u00a0\u00a0<\/td>\n<td style=\"height: 36px; width: 39.2857%;\"><a href=\"https:\/\/www.education.gouv.fr\/annuaire\/06150\/cannes\/ecole\/0060762w\/ecole-maternelle-goscinny.html\" target=\"_blank\" rel=\"noopener\">GOSCINNY MATERNELLE<\/a>\u00a0\u00a0\u00a0\u00a0\u00a0\u00a0\u00a0\u00a0\u00a0\u00a0\u00a0\u00a0\u00a0\u00a0\u00a0\u00a0\u00a0\u00a0<\/td>\n<td style=\"height: 36px; width: 21.0317%;\">0493471552\u00a0\u00a0\u00a0<\/td>\n<\/tr>\n<tr style=\"height: 36px;\">\n<td style=\"height: 36px; width: 39.4841%;\">ECOLE ELEMENTAIRE PUBLIQUE\u00a0\u00a0\u00a0\u00a0<\/td>\n<td style=\"height: 36px; width: 39.2857%;\"><a href=\"https:\/\/www.education.gouv.fr\/annuaire\/06150\/cannes\/ecole\/0060769d\/ecole-elementaire-bocca-muriers.html\" target=\"_blank\" rel=\"noopener\">LES MURIERS<\/a>\u00a0\u00a0\u00a0\u00a0\u00a0\u00a0\u00a0\u00a0\u00a0\u00a0\u00a0\u00a0\u00a0\u00a0\u00a0\u00a0\u00a0<\/td>\n<td style=\"height: 36px; width: 21.0317%;\">0493471028\u00a0\u00a0\u00a0<\/td>\n<\/tr>\n<tr style=\"height: 36px;\">\n<td style=\"height: 36px; width: 39.4841%;\">ECOLE ELEMENTAIRE PUBLIQUE\u00a0\u00a0\u00a0\u00a0<\/td>\n<td style=\"height: 36px; width: 39.2857%;\"><a href=\"https:\/\/www.education.gouv.fr\/annuaire\/06150\/cannes\/ecole\/0061111a\/ecole-elementaire-mistral.html\" target=\"_blank\" rel=\"noopener\">MISTRAL<\/a>\u00a0\u00a0\u00a0\u00a0\u00a0\u00a0\u00a0\u00a0\u00a0\u00a0\u00a0\u00a0\u00a0\u00a0\u00a0\u00a0\u00a0\u00a0\u00a0\u00a0\u00a0\u00a0\u00a0<\/td>\n<td style=\"height: 36px; width: 21.0317%;\">0493472975\u00a0\u00a0\u00a0<\/td>\n<\/tr>\n<tr style=\"height: 36px;\">\n<td style=\"height: 36px; width: 39.4841%;\">ECOLE MATERNELLE PUBLIQUE\u00a0\u00a0\u00a0\u00a0\u00a0<\/td>\n<td style=\"height: 36px; width: 39.2857%;\"><a href=\"https:\/\/www.education.gouv.fr\/annuaire\/06150\/cannes\/ecole\/0061112b\/ecole-maternelle-mistral.html\" target=\"_blank\" rel=\"noopener\">MISTRAL MATERNELLE<\/a>\u00a0\u00a0\u00a0\u00a0\u00a0\u00a0\u00a0\u00a0\u00a0\u00a0\u00a0\u00a0\u00a0\u00a0\u00a0\u00a0\u00a0\u00a0\u00a0<\/td>\n<td style=\"height: 36px; width: 21.0317%;\">0493472974\u00a0\u00a0\u00a0<\/td>\n<\/tr>\n<tr style=\"height: 36px;\">\n<td style=\"height: 36px; width: 39.4841%;\">ECOLE PRIMAIRE PUBLIQUE\u00a0\u00a0\u00a0\u00a0\u00a0\u00a0\u00a0<\/td>\n<td style=\"height: 36px; width: 39.2857%;\"><a href=\"https:\/\/www.education.gouv.fr\/annuaire\/06400\/cannes\/ecole\/0061158b\/ecole-primaire-croisette.html\" target=\"_blank\" rel=\"noopener\">CROISETTE<\/a>\u00a0\u00a0\u00a0\u00a0\u00a0\u00a0\u00a0\u00a0\u00a0\u00a0\u00a0\u00a0\u00a0\u00a0\u00a0\u00a0\u00a0\u00a0\u00a0\u00a0\u00a0<\/td>\n<td style=\"height: 36px; width: 21.0317%;\">0493892228\u00a0\u00a0<\/td>\n<\/tr>\n<tr style=\"height: 36px;\">\n<td style=\"height: 36px; width: 39.4841%;\">ECOLE ELEMENTAIRE PUBLIQUE\u00a0\u00a0\u00a0\u00a0<\/td>\n<td style=\"height: 36px; width: 39.2857%;\"><a href=\"https:\/\/www.education.gouv.fr\/annuaire\/06150\/cannes\/ecole\/0061188j\/ecole-elementaire-saint-exupery.html\" target=\"_blank\" rel=\"noopener\">SAINT EXUPERY<\/a>\u00a0\u00a0\u00a0\u00a0\u00a0\u00a0\u00a0\u00a0\u00a0\u00a0\u00a0\u00a0\u00a0\u00a0\u00a0\u00a0\u00a0<\/td>\n<td style=\"height: 36px; width: 21.0317%;\">0493471800\u00a0\u00a0\u00a0<\/td>\n<\/tr>\n<tr style=\"height: 36px;\">\n<td style=\"height: 36px; width: 39.4841%;\">ECOLE PRIMAIRE PUBLIQUE\u00a0\u00a0\u00a0\u00a0\u00a0\u00a0\u00a0<\/td>\n<td style=\"height: 36px; width: 39.2857%;\"><a href=\"https:\/\/www.education.gouv.fr\/annuaire\/06150\/cannes\/ecole\/0061272a\/ecole-primaire-bocca-frayere.html\" target=\"_blank\" rel=\"noopener\">BOCCA FRAYERE<\/a>\u00a0\u00a0\u00a0\u00a0\u00a0\u00a0\u00a0\u00a0\u00a0\u00a0\u00a0\u00a0\u00a0\u00a0\u00a0\u00a0\u00a0<\/td>\n<td style=\"height: 36px; width: 21.0317%;\">0493474125\u00a0\u00a0\u00a0<\/td>\n<\/tr>\n<tr style=\"height: 36px;\">\n<td style=\"height: 36px; width: 39.4841%;\">ECOLE MATERNELLE PUBLIQUE\u00a0\u00a0\u00a0\u00a0\u00a0<\/td>\n<td style=\"height: 36px; width: 39.2857%;\"><a href=\"https:\/\/www.education.gouv.fr\/annuaire\/06150\/cannes\/ecole\/0061283m\/ecole-maternelle-bocca-muriers.html\" target=\"_blank\" rel=\"noopener\">LES\u00a0 MURIERS MATERNELLE<\/a>\u00a0 \u00a0 \u00a0 \u00a0 \u00a0 \u00a0 \u00a0<\/td>\n<td style=\"height: 36px; width: 21.0317%;\">0493474666\u00a0\u00a0\u00a0<\/td>\n<\/tr>\n<tr style=\"height: 36px;\">\n<td style=\"height: 36px; width: 39.4841%;\">ECOLE PRIMAIRE PUBLIQUE\u00a0\u00a0\u00a0\u00a0\u00a0\u00a0\u00a0<\/td>\n<td style=\"height: 36px; width: 39.2857%;\"><a href=\"https:\/\/www.education.gouv.fr\/annuaire\/06400\/cannes\/ecole\/0061615y\/ecole-primaire-vial.html\" target=\"_blank\" rel=\"noopener\">EUGENE VIAL<\/a><\/td>\n<td style=\"height: 36px; width: 21.0317%;\">0493398232\u00a0\u00a0\u00a0<\/td>\n<\/tr>\n<tr style=\"height: 36px;\">\n<td style=\"height: 36px; width: 39.4841%;\">ECOLE PRIMAIRE PUBLIQUE\u00a0\u00a0\u00a0\u00a0\u00a0\u00a0\u00a0<\/td>\n<td style=\"height: 36px; width: 39.2857%;\"><a href=\"https:\/\/www.education.gouv.fr\/annuaire\/06150\/cannes\/ecole\/0061728w\/ecole-primaire-alexandre-dumas.html\" target=\"_blank\" rel=\"noopener\">ALEXANDRE DUMAS<\/a> \u00a0\u00a0\u00a0\u00a0\u00a0\u00a0\u00a0\u00a0\u00a0\u00a0\u00a0\u00a0\u00a0\u00a0\u00a0\u00a0\u00a0\u00a0<\/td>\n<td style=\"height: 36px; width: 21.0317%;\">0493471177\u00a0\u00a0\u00a0<\/td>\n<\/tr>\n<tr style=\"height: 36px;\">\n<td style=\"height: 36px; width: 39.4841%;\">ECOLE ELEMENTAIRE PUBLIQUE\u00a0\u00a0\u00a0\u00a0<\/td>\n<td style=\"height: 36px; width: 39.2857%;\"><a href=\"https:\/\/www.education.gouv.fr\/annuaire\/06150\/cannes\/ecole\/0061780c\/ecole-elementaire-pagnol.html\" target=\"_blank\" rel=\"noopener\">MARCEL PAGNOL<\/a>\u00a0\u00a0\u00a0\u00a0\u00a0\u00a0\u00a0\u00a0\u00a0\u00a0\u00a0\u00a0\u00a0\u00a0\u00a0\u00a0\u00a0\u00a0\u00a0\u00a0\u00a0\u00a0\u00a0\u00a0<\/td>\n<td style=\"height: 36px; width: 21.0317%;\">0489822150<\/td>\n<\/tr>\n<\/tbody>\n<\/table>\n\n\n\n<p>\u00a0<\/p>\n<table style=\"width: 100%; height: 100px;\" width=\"291\">\n<tbody>\n<tr style=\"height: 20px;\">\n<td style=\"width: 39.6825%; height: 20px;\" width=\"99\">ECOLE PRIMAIRE PRIVEE<\/td>\n<td style=\"width: 39.6826%; height: 20px;\" width=\"94\"><a href=\"https:\/\/www.education.gouv.fr\/annuaire\/06400\/cannes\/ecole\/0061019a\/ecole-primaire-privee-saint-joseph.html\" target=\"_blank\" rel=\"noopener\">SAINT JOSEPH<\/a><\/td>\n<td style=\"width: 20.4364%; height: 20px;\" width=\"98\">0493383357<\/td>\n<\/tr>\n<tr style=\"height: 20px;\">\n<td style=\"width: 39.6825%; height: 20px;\">ECOLE PRIMAIRE PRIVEE<\/td>\n<td style=\"width: 39.6826%; height: 20px;\"><a href=\"https:\/\/www.education.gouv.fr\/annuaire\/06414\/cannes\/ecole\/0061193p\/ecole-primaire-privee-assomption-lochabair.html\" target=\"_blank\" rel=\"noopener\">LOCHABAIR<\/a><\/td>\n<td style=\"width: 20.4364%; height: 20px;\">0493684052<\/td>\n<\/tr>\n<tr style=\"height: 20px;\">\n<td style=\"width: 39.6825%; height: 20px;\">ECOLE PRIMAIRE PRIVEE<\/td>\n<td style=\"width: 39.6826%; height: 20px;\"><a href=\"https:\/\/www.education.gouv.fr\/annuaire\/06400\/cannes\/ecole\/0061051k\/ecole-primaire-privee-stanislas.html\" target=\"_blank\" rel=\"noopener\">STANISLAS<\/a><\/td>\n<td style=\"width: 20.4364%; height: 20px;\">0493064800<\/td>\n<\/tr>\n<tr style=\"height: 20px;\">\n<td style=\"width: 39.6825%; height: 20px;\">ECOLE PRIMAIRE PRIVEE<\/td>\n<td style=\"width: 39.6826%; height: 20px;\"><a href=\"https:\/\/www.education.gouv.fr\/annuaire\/06400\/cannes\/ecole\/0061065a\/ecole-primaire-privee-sainte-marie.html\" target=\"_blank\" rel=\"noopener\">SAINTE MARIE<\/a><\/td>\n<td style=\"width: 20.4364%; height: 20px;\">0492188555<\/td>\n<\/tr>\n<tr style=\"height: 20px;\">\n<td style=\"width: 39.6825%; height: 20px;\">ECOLE PRIMAIRE PRIVEE<\/td>\n<td style=\"width: 39.6826%; height: 20px;\"><a href=\"https:\/\/www.education.gouv.fr\/annuaire\/06400\/cannes\/ecole\/0061915z\/ecole-primaire-privee-jenny-dagul.html\" target=\"_blank\" rel=\"noopener\">JENNY DAGUL<\/a><\/td>\n<td style=\"width: 20.4364%; height: 20px;\">0493383903<\/td>\n<\/tr>\n<\/tbody>\n<\/table>\n<p>\u00a0<\/p>\n","protected":false},"excerpt":{"rendered":"<p>La circonscription de Cannes compte 27 \u00e9coles publiques et 5 \u00e9coles priv\u00e9es : \u00a0 ECOLE ELEMENTAIRE PUBLIQUE\u00a0\u00a0\u00a0\u00a0 BOCCA VERRERIE\u00a0\u00a0\u00a0\u00a0\u00a0\u00a0\u00a0\u00a0\u00a0\u00a0\u00a0\u00a0\u00a0\u00a0\u00a0\u00a0 0493471543\u00a0\u00a0\u00a0 ECOLE ELEMENTAIRE PUBLIQUE\u00a0\u00a0\u00a0\u00a0 JACQUELINE DE ROMILLY\u00a0\u00a0\u00a0\u00a0\u00a0\u00a0\u00a0\u00a0\u00a0 0489822210 ECOLE ELEMENTAIRE PUBLIQUE\u00a0\u00a0\u00a0\u00a0 MAURICE ALICE 2\u00a0\u00a0\u00a0\u00a0\u00a0\u00a0\u00a0\u00a0\u00a0\u00a0\u00a0\u00a0\u00a0\u00a0\u00a0\u00a0\u00a0\u00a0\u00a0\u00a0\u00a0\u00a0\u00a0 0493383214\u00a0\u00a0\u00a0 ECOLE MATERNELLE PUBLIQUE\u00a0\u00a0\u00a0\u00a0\u00a0 SAINT EXUPERY MATERNELLE \u00a0\u00a0\u00a0\u00a0\u00a0\u00a0\u00a0\u00a0\u00a0\u00a0\u00a0\u00a0 0493474029\u00a0 \u00a0 ECOLE MATERNELLE PUBLIQUE\u00a0\u00a0\u00a0\u00a0\u00a0 BOCCA CENTRE MATERNELLE\u00a0\u00a0\u00a0\u00a0\u00a0\u00a0\u00a0\u00a0\u00a0\u00a0\u00a0\u00a0\u00a0 0493472732\u00a0\u00a0\u00a0 ECOLE ELEMENTAIRE PUBLIQUE\u00a0\u00a0\u00a0\u00a0 GOSCINNY\u00a0\u00a0\u00a0\u00a0\u00a0\u00a0\u00a0\u00a0\u00a0\u00a0\u00a0\u00a0\u00a0\u00a0\u00a0\u00a0\u00a0\u00a0\u00a0\u00a0\u00a0\u00a0 0493472424 &hellip; <a href=\"https:\/\/ecole.ac-nice.fr\/cannes\/les-ecoles-2\/\" class=\"more-link\">Continuer la lecture<span class=\"screen-reader-text\"> de &laquo;&nbsp;Les \u00e9coles&nbsp;&raquo;<\/span><\/a><\/p>\n","protected":false},"author":7,"featured_media":0,"parent":0,"menu_order":0,"comment_status":"closed","ping_status":"closed","template":"","meta":{"footnotes":""},"class_list":["post-353","page","type-page","status-publish","hentry"],"_links":{"self":[{"href":"https:\/\/ecole.ac-nice.fr\/cannes\/wp-json\/wp\/v2\/pages\/353","targetHints":{"allow":["GET"]}}],"collection":[{"href":"https:\/\/ecole.ac-nice.fr\/cannes\/wp-json\/wp\/v2\/pages"}],"about":[{"href":"https:\/\/ecole.ac-nice.fr\/cannes\/wp-json\/wp\/v2\/types\/page"}],"author":[{"embeddable":true,"href":"https:\/\/ecole.ac-nice.fr\/cannes\/wp-json\/wp\/v2\/users\/7"}],"replies":[{"embeddable":true,"href":"https:\/\/ecole.ac-nice.fr\/cannes\/wp-json\/wp\/v2\/comments?post=353"}],"version-history":[{"count":35,"href":"https:\/\/ecole.ac-nice.fr\/cannes\/wp-json\/wp\/v2\/pages\/353\/revisions"}],"predecessor-version":[{"id":678,"href":"https:\/\/ecole.ac-nice.fr\/cannes\/wp-json\/wp\/v2\/pages\/353\/revisions\/678"}],"wp:attachment":[{"href":"https:\/\/ecole.ac-nice.fr\/cannes\/wp-json\/wp\/v2\/media?parent=353"}],"curies":[{"name":"wp","href":"https:\/\/api.w.org\/{rel}","templated":true}]}}