{"id":249,"date":"2024-09-02T14:15:40","date_gmt":"2024-09-02T12:15:40","guid":{"rendered":"https:\/\/ecole.ac-nice.fr\/cannes\/?page_id=249"},"modified":"2025-11-06T11:29:08","modified_gmt":"2025-11-06T10:29:08","slug":"guides-et-rapports","status":"publish","type":"page","link":"https:\/\/ecole.ac-nice.fr\/cannes\/guides-et-rapports\/","title":{"rendered":"Guides, nouveaux programmes et rapports"},"content":{"rendered":"\n<ul class=\"wp-block-list\">\n<li><a href=\"https:\/\/eduscol.education.fr\/document\/50924\/download?attachment\" target=\"_blank\" rel=\"noreferrer noopener\">Guide pour la construction du nombre en maternelle <\/a><\/li>\n\n\n\n<li><a href=\"https:\/\/eduscol.education.fr\/document\/301\/download?attachment\" target=\"_blank\" rel=\"noreferrer noopener\">Pour pr\u00e9parer l&rsquo;apprentissage de la lecture et de l&rsquo;\u00e9criture \u00e0 l&rsquo;\u00e9cole maternelle<\/a><\/li>\n\n\n\n<li><a href=\"https:\/\/eduscol.education.fr\/document\/299\/download?attachment\" target=\"_blank\" rel=\"noreferrer noopener\">Guide pour enseigner le vocabulaire \u00e0 l&rsquo;\u00e9cole maternelle<\/a><\/li>\n\n\n\n<li><a href=\"https:\/\/eduscol.education.fr\/document\/50921\/download#:~:text=%C3%80%20l'%C3%A9cole%20maternelle%2C%20l,l'entr%C3%A9e%20dans%20la%20lecture.\" target=\"_blank\" rel=\"noreferrer noopener\">Guide pour l&rsquo;\u00e9veil \u00e0 la diversit\u00e9 linguistique en maternelle<\/a><\/li>\n\n\n\n<li><\/li>\n\n\n\n<li><a href=\"https:\/\/eduscol.education.fr\/document\/3738\/download?attachment\" target=\"_blank\" rel=\"noreferrer noopener\">Pour enseigner les nombres, le calcul et la r\u00e9solution de probl\u00e8mes au CP<\/a><\/li>\n\n\n\n<li><a href=\"https:\/\/eduscol.education.fr\/document\/1508\/download?attachment\" target=\"_blank\" rel=\"noreferrer noopener\">Pour enseigner la lecture et l&rsquo;\u00e9criture au CP<\/a><\/li>\n\n\n\n<li><\/li>\n\n\n\n<li><a href=\"https:\/\/eduscol.education.fr\/document\/1509\/download?attachment\" target=\"_blank\" rel=\"noreferrer noopener\">Pour enseigner la lecture et l&rsquo;\u00e9criture au CE1<\/a><\/li>\n\n\n\n<li><\/li>\n\n\n\n<li><a href=\"https:\/\/eduscol.education.fr\/document\/32206\/download?attachment\" target=\"_blank\" rel=\"noreferrer noopener\">La r\u00e9solution de probl\u00e8mes au cours moyen<\/a><\/li>\n\n\n\n<li><a href=\"https:\/\/eduscol.education.fr\/document\/33593\/download?attachment\" target=\"_blank\" rel=\"noreferrer noopener\">La compr\u00e9hension au cours moyen<\/a><\/li>\n\n\n\n<li><\/li>\n\n\n\n<li><a href=\"https:\/\/eduscol.education.fr\/document\/45262\/download?attachment\" target=\"_blank\" rel=\"noreferrer noopener\">La grammaire du fran\u00e7ais du CP \u00e0 la 6\u00e8me<\/a><\/li>\n\n\n\n<li><a href=\"https:\/\/nuage03.apps.education.fr\/index.php\/s\/QR5ctr5FSkqygA8\" target=\"_blank\" rel=\"noreferrer noopener\">EMC <\/a><\/li>\n\n\n\n<li><a href=\"https:\/\/eduscol.education.fr\/document\/1609\/download?attachment\" target=\"_blank\" rel=\"noreferrer noopener\">La la\u00efcit\u00e9 \u00e0 l&rsquo;\u00e9cole<\/a><\/li>\n\n\n\n<li><a href=\"https:\/\/www.education.gouv.fr\/sites\/default\/files\/ensel135_annexe1.pdf\" target=\"_blank\" rel=\"noreferrer noopener\">Programmes fran\u00e7ais cycle 1<\/a><\/li>\n\n\n\n<li><a href=\"https:\/\/www.education.gouv.fr\/sites\/default\/files\/ensel135_annexe2.pdf\">Programmes math\u00e9matiques cycle 1<\/a><\/li>\n\n\n\n<li><a href=\"https:\/\/www.education.gouv.fr\/sites\/default\/files\/ensel135_annexe3.pdf\" target=\"_blank\" rel=\"noreferrer noopener\">Programmes fran\u00e7ais cycle 2<\/a><\/li>\n\n\n\n<li><a href=\"https:\/\/www.education.gouv.fr\/sites\/default\/files\/ensel135_annexe4.pdf\" target=\"_blank\" rel=\"noreferrer noopener\">Programmes math\u00e9matiques cycle 2<\/a><\/li>\n\n\n\n<li><a href=\"https:\/\/www.education.gouv.fr\/sites\/default\/files\/ensel620_annexe1.pdf\" target=\"_blank\" rel=\"noreferrer noopener\">Programmes fran\u00e7ais cycle 3<\/a><\/li>\n\n\n\n<li><a href=\"https:\/\/www.education.gouv.fr\/sites\/default\/files\/ensel620_annexe2-v2.pdf\" target=\"_blank\" rel=\"noreferrer noopener\">Programmes math\u00e9matiques cycle 3<\/a><\/li>\n\n\n\n<li><a href=\"https:\/\/view.genially.com\/65afa5447908bc0015ebdb1d\/guide-guides-fondamentaux-pour-lenseignement\">Genially des Savoir Fondamentaux<\/a><\/li>\n\n\n\n<li><a href=\"https:\/\/www.ac-nice.fr\/les-enjeux-des-savoirs-fondamentaux\">Les enjeux des savoirs fondamentaux<\/a><\/li>\n\n\n\n<li><strong><a href=\"https:\/\/nuage03.apps.education.fr\/index.php\/s\/zHYAReQr4zYPzix\" target=\"_blank\" rel=\"noreferrer noopener\">\u00c9duquer \u00e0 la vie affective et relationnelle\u00bb (EVAR)<\/a><\/strong><\/li>\n\n\n\n<li><a href=\"https:\/\/nuage03.apps.education.fr\/index.php\/s\/FeaZ2zeQ6wTwRfN\">Foire aux questions EVAR<\/a><\/li>\n\n\n\n<li><\/li>\n\n\n\n<li><a href=\"https:\/\/nuage03.apps.education.fr\/index.php\/s\/coeyzYywoAksw4c\">Documents et livrets d&rsquo;accompagnement des nouveaux programmes en fran\u00e7ais C1<\/a><\/li>\n\n\n\n<li><a href=\"https:\/\/nuage03.apps.education.fr\/index.php\/s\/i9j8Gi3wT4KXoQa\">Documents et livrets d&rsquo;accompagnement des nouveaux programmes en fran\u00e7ais C2<\/a><\/li>\n\n\n\n<li><a href=\"https:\/\/nuage03.apps.education.fr\/index.php\/s\/AGdzgQjLyiHKSPB\">Documents et livrets d&rsquo;accompagnement des nouveaux programmes en math\u00e9matiques C1<\/a><\/li>\n\n\n\n<li><a href=\"https:\/\/nuage03.apps.education.fr\/index.php\/s\/8ijJFMmXWX6xGqx\">Documents et livrets d&rsquo;accompagnement des nouveaux programmes en math\u00e9matiques C2<\/a><\/li>\n<\/ul>\n\n\n\n<ul>\n<li><a href=\"https:\/\/nuage03.apps.education.fr\/index.php\/s\/XcWQWiBfnS3rEZq\">SOCLE COMMUN&nbsp;<\/a><\/li>\n<\/ul>\n\n\n\n<ul>\n<li><a href=\"https:\/\/nuage03.apps.education.fr\/index.php\/s\/e4kMyoZG397AXyS\" target=\"_blank\" rel=\"noopener\">Socle commun infographie \u00e0 distribuer<\/a><\/li>\n<\/ul>\n\n\n","protected":false},"excerpt":{"rendered":"<p>SOCLE COMMUN&nbsp; Socle commun infographie \u00e0 distribuer<\/p>\n","protected":false},"author":2,"featured_media":0,"parent":0,"menu_order":0,"comment_status":"closed","ping_status":"closed","template":"","meta":{"footnotes":""},"class_list":["post-249","page","type-page","status-publish","hentry"],"_links":{"self":[{"href":"https:\/\/ecole.ac-nice.fr\/cannes\/wp-json\/wp\/v2\/pages\/249","targetHints":{"allow":["GET"]}}],"collection":[{"href":"https:\/\/ecole.ac-nice.fr\/cannes\/wp-json\/wp\/v2\/pages"}],"about":[{"href":"https:\/\/ecole.ac-nice.fr\/cannes\/wp-json\/wp\/v2\/types\/page"}],"author":[{"embeddable":true,"href":"https:\/\/ecole.ac-nice.fr\/cannes\/wp-json\/wp\/v2\/users\/2"}],"replies":[{"embeddable":true,"href":"https:\/\/ecole.ac-nice.fr\/cannes\/wp-json\/wp\/v2\/comments?post=249"}],"version-history":[{"count":23,"href":"https:\/\/ecole.ac-nice.fr\/cannes\/wp-json\/wp\/v2\/pages\/249\/revisions"}],"predecessor-version":[{"id":715,"href":"https:\/\/ecole.ac-nice.fr\/cannes\/wp-json\/wp\/v2\/pages\/249\/revisions\/715"}],"wp:attachment":[{"href":"https:\/\/ecole.ac-nice.fr\/cannes\/wp-json\/wp\/v2\/media?parent=249"}],"curies":[{"name":"wp","href":"https:\/\/api.w.org\/{rel}","templated":true}]}}